{"id":74915,"date":"2026-01-16T11:50:39","date_gmt":"2026-01-16T11:50:39","guid":{"rendered":"https:\/\/skinstudio.ee\/?post_type=product&#038;p=74915"},"modified":"2026-01-21T13:57:26","modified_gmt":"2026-01-21T13:57:26","slug":"sesbalance-mattifying-gel-plus","status":"publish","type":"product","link":"https:\/\/skinstudio.ee\/lv\/catalog\/sesderma-lv\/sesbalance-mattifying-gel-plus\/","title":{"rendered":"SESBALANCE Mattifying Gel Plus"},"content":{"rendered":"<p data-start=\"180\" data-end=\"534\"><strong data-start=\"180\" data-end=\"226\">SESBALANCE Mattifying Gel Plus no Sesderma<\/strong> ir intens\u012bvs mat\u0113jo\u0161s g\u0113ls, kas paredz\u0113ts kombin\u0113tas un taukainas \u0101das vakara kop\u0161anai, ja \u0101dai ir tendence uz nepiln\u012bb\u0101m un nevienm\u0113r\u012bgu tekst\u016bru. Formula ir v\u0113rsta uz \u0101das atjauno\u0161anas atbalst\u012b\u0161anu, sebuma l\u012bdzsvaro\u0161anu un \u0101das tekst\u016bras vizu\u0101lu uzlabo\u0161anu, pal\u012bdzot \u0101dai izskat\u012bties glud\u0101kai un kopt\u0101kai.<\/p>\n<p data-start=\"536\" data-end=\"807\">Viegl\u0101 g\u0113la tekst\u016bra \u0101tri ies\u016bcas un neatst\u0101j lip\u012bgu saj\u016btu. P\u0113c uzkl\u0101\u0161anas \u0101da izskat\u0101s mat\u0113t\u0101ka un vienm\u0113r\u012bg\u0101ka, bet regul\u0101ri lietojot k\u013c\u016bst glud\u0101ka un sakopt\u0101ka. L\u012bdzeklis pal\u012bdz saglab\u0101t l\u012bdzsvaru starp akt\u012bvu atjaunojo\u0161u iedarb\u012bbu un \u0101das komfortu, to nep\u0101rslogojot.<\/p>\n<p data-start=\"809\" data-end=\"935\">SESBALANCE Mattifying Gel Plus pal\u012bdz ar\u012b uztur\u0113t t\u012br\u0101ku un kopt\u0101ku \u0101das izskatu, ja to lieto regul\u0101ri vakara kop\u0161anas rut\u012bn\u0101.<\/p>\n<p data-start=\"937\" data-end=\"974\"><strong data-start=\"937\" data-end=\"974\">K\u0101 darbojas galven\u0101s sast\u0101vda\u013cas:<\/strong><\/p>\n<p data-start=\"976\" data-end=\"1294\"><strong data-start=\"976\" data-end=\"1002\">Retinols un retinalis:<\/strong> atbalsta \u0101das atjauno\u0161anos, pal\u012bdz izl\u012bdzin\u0101t \u0101das virsmu un saglab\u0101t vienm\u0113r\u012bg\u0101ku un kopt\u0101ku izskatu.<br data-start=\"1105\" data-end=\"1108\" \/><strong data-start=\"1108\" data-end=\"1124\">Niacinam\u012bds:<\/strong> pal\u012bdz samazin\u0101t lieko sp\u012bdumu un uztur\u0113t vienm\u0113r\u012bg\u0101ku toni un \u0101das komfortu.<br data-start=\"1202\" data-end=\"1205\" \/><strong data-start=\"1205\" data-end=\"1222\">Salicilsk\u0101be:<\/strong> pal\u012bdz uztur\u0113t poras t\u012bras un veicina t\u012br\u0101ku un sakopt\u0101ku \u0101das izskatu.<\/p>\n<p data-start=\"1296\" data-end=\"1544\">L\u012bdzeklis ir piem\u0113rots kombin\u0113tas, taukainas un uz nepiln\u012bb\u0101m tend\u0113tas \u0101das vakara kop\u0161anai, \u012bpa\u0161i gad\u012bjumos, kad nepiecie\u0161ams mazin\u0101t sp\u012bdumu, uzlabot \u0101das tekst\u016bru un padar\u012bt \u0101du vizu\u0101li glud\u0101ku un vienm\u0113r\u012bg\u0101ku. Paredz\u0113ts lieto\u0161anai tikai vakar\u0101.<\/p>\n<p data-start=\"1546\" data-end=\"1564\"><strong data-start=\"1546\" data-end=\"1564\">Tilpums: 30 ml<\/strong><\/p>\n","protected":false},"excerpt":{"rendered":"<p data-start=\"1625\" data-end=\"1648\">Intens\u012bvs mat\u0113jo\u0161s g\u0113ls<\/p>\n<h2 data-start=\"1650\" data-end=\"1704\"><strong data-start=\"1650\" data-end=\"1704\">\u012apa\u0161\u012bbas Sesderma &#8211; SESBALANCE Mattifying Gel Plus<\/strong><\/h2>\n<p data-start=\"1706\" data-end=\"1928\">\u2714\ufe0f Padara \u0101du vizu\u0101li mat\u0113t\u0101ku un vienm\u0113r\u012bg\u0101ku<br data-start=\"1752\" data-end=\"1755\" \/>\u2714\ufe0f Pal\u012bdz samazin\u0101t poru redzam\u012bbu<br data-start=\"1789\" data-end=\"1792\" \/>\u2714\ufe0f Atbalsta glud\u0101ku un sakopt\u0101ku \u0101das tekst\u016bru<br data-start=\"1838\" data-end=\"1841\" \/>\u2714\ufe0f Pal\u012bdz \u0101dai izskat\u012bties t\u012br\u0101kai un kopt\u0101kai<br data-start=\"1887\" data-end=\"1890\" \/>\u2714\ufe0f Piem\u0113rots akt\u012bvai vakara kop\u0161anai<\/p>\n","protected":false},"featured_media":74906,"template":"","meta":[],"pwb-brand":[1262],"product_brand":[],"product_cat":[737,743,747],"product_tag":[],"giftcard-category":[],"class_list":{"0":"post-74915","1":"product","2":"type-product","3":"status-publish","4":"has-post-thumbnail","6":"pwb-brand-sesderma-lv","7":"product_cat-mitrinasana","8":"product_cat-paplasinatas-poras","9":"product_cat-taukainai-adai","11":"first","12":"instock","13":"taxable","14":"shipping-taxable","15":"purchasable","16":"product-type-simple"},"acf":[],"brands":[{"id":1262,"name":"Sesderma","slug":"sesderma-lv"}],"_links":{"self":[{"href":"https:\/\/skinstudio.ee\/lv\/wp-json\/wp\/v2\/product\/74915","targetHints":{"allow":["GET"]}}],"collection":[{"href":"https:\/\/skinstudio.ee\/lv\/wp-json\/wp\/v2\/product"}],"about":[{"href":"https:\/\/skinstudio.ee\/lv\/wp-json\/wp\/v2\/types\/product"}],"version-history":[{"count":1,"href":"https:\/\/skinstudio.ee\/lv\/wp-json\/wp\/v2\/product\/74915\/revisions"}],"predecessor-version":[{"id":74916,"href":"https:\/\/skinstudio.ee\/lv\/wp-json\/wp\/v2\/product\/74915\/revisions\/74916"}],"wp:featuredmedia":[{"embeddable":true,"href":"https:\/\/skinstudio.ee\/lv\/wp-json\/wp\/v2\/media\/74906"}],"wp:attachment":[{"href":"https:\/\/skinstudio.ee\/lv\/wp-json\/wp\/v2\/media?parent=74915"}],"wp:term":[{"taxonomy":"pwb-brand","embeddable":true,"href":"https:\/\/skinstudio.ee\/lv\/wp-json\/wp\/v2\/pwb-brand?post=74915"},{"taxonomy":"product_brand","embeddable":true,"href":"https:\/\/skinstudio.ee\/lv\/wp-json\/wp\/v2\/product_brand?post=74915"},{"taxonomy":"product_cat","embeddable":true,"href":"https:\/\/skinstudio.ee\/lv\/wp-json\/wp\/v2\/product_cat?post=74915"},{"taxonomy":"product_tag","embeddable":true,"href":"https:\/\/skinstudio.ee\/lv\/wp-json\/wp\/v2\/product_tag?post=74915"},{"taxonomy":"giftcard-category","embeddable":true,"href":"https:\/\/skinstudio.ee\/lv\/wp-json\/wp\/v2\/giftcard-category?post=74915"}],"curies":[{"name":"wp","href":"https:\/\/api.w.org\/{rel}","templated":true}]}}