{"id":74936,"date":"2026-01-16T11:58:25","date_gmt":"2026-01-16T11:58:25","guid":{"rendered":"https:\/\/skinstudio.ee\/?post_type=product&#038;p=74936"},"modified":"2026-01-21T13:57:26","modified_gmt":"2026-01-21T13:57:26","slug":"sesbalance-mattifying-serum","status":"publish","type":"product","link":"https:\/\/skinstudio.ee\/lv\/catalog\/sesderma-lv\/sesbalance-mattifying-serum\/","title":{"rendered":"SESBALANCE Mattifying Serum"},"content":{"rendered":"<p data-start=\"150\" data-end=\"487\"><strong data-start=\"150\" data-end=\"193\">SESBALANCE Mattifying Serum no Sesderma<\/strong> ir viegls mat\u0113jo\u0161s serums, kas paredz\u0113ts kombin\u0113tas un taukainas \u0101das ikdienas kop\u0161anai, ja \u0101dai ir tendence uz nepiln\u012bb\u0101m un lieku sp\u012bdumu. Formula ir v\u0113rsta uz sebuma l\u012bdzsvaro\u0161anu un \u0101das tekst\u016bras vizu\u0101lu uzlabo\u0161anu, pal\u012bdzot \u0101dai izskat\u012bties vienm\u0113r\u012bg\u0101kai un kopt\u0101kai bez smaguma saj\u016btas.<\/p>\n<p data-start=\"489\" data-end=\"635\">Serums \u0101tri ies\u016bcas un ir pat\u012bkams \u0101dai. P\u0113c uzkl\u0101\u0161anas \u0101da izskat\u0101s mat\u0113t\u0101ka un glud\u0101ka, bet regul\u0101ri lietojot k\u013c\u016bst sakopt\u0101ka un vizu\u0101li t\u012br\u0101ka.<\/p>\n<p data-start=\"637\" data-end=\"674\"><strong data-start=\"637\" data-end=\"674\">K\u0101 darbojas galven\u0101s sast\u0101vda\u013cas:<\/strong><\/p>\n<p data-start=\"676\" data-end=\"994\"><strong data-start=\"676\" data-end=\"702\">Retinols un retinalis:<\/strong> atbalsta \u0101das atjauno\u0161anos, pal\u012bdz izl\u012bdzin\u0101t \u0101das virsmu un saglab\u0101t vienm\u0113r\u012bg\u0101ku un kopt\u0101ku izskatu.<br data-start=\"805\" data-end=\"808\" \/><strong data-start=\"808\" data-end=\"824\">Niacinam\u012bds:<\/strong> pal\u012bdz samazin\u0101t lieko sp\u012bdumu un uztur\u0113t vienm\u0113r\u012bg\u0101ku toni un \u0101das komfortu.<br data-start=\"902\" data-end=\"905\" \/><strong data-start=\"905\" data-end=\"922\">Salicilsk\u0101be:<\/strong> pal\u012bdz uztur\u0113t poras t\u012bras un veicina t\u012br\u0101ku un sakopt\u0101ku \u0101das izskatu.<\/p>\n<p data-start=\"996\" data-end=\"1217\">L\u012bdzeklis ir piem\u0113rots kombin\u0113tas, taukainas un uz nepiln\u012bb\u0101m tend\u0113tas \u0101das ikdienas kop\u0161anai, \u012bpa\u0161i gad\u012bjumos, kad nepiecie\u0161ams samazin\u0101t taukain\u012bbu, uzlabot \u0101das tekst\u016bru un padar\u012bt \u0101du vizu\u0101li vienm\u0113r\u012bg\u0101ku un mat\u0113t\u0101ku.<\/p>\n<p data-start=\"1219\" data-end=\"1237\"><strong data-start=\"1219\" data-end=\"1237\">Tilpums: 30 ml<\/strong><\/p>\n","protected":false},"excerpt":{"rendered":"<p data-start=\"1362\" data-end=\"1377\">Mat\u0113jo\u0161s serums<\/p>\n<h2 data-start=\"1379\" data-end=\"1430\"><strong data-start=\"1379\" data-end=\"1430\">\u012apa\u0161\u012bbas Sesderma &#8211; SESBALANCE Mattifying Serum<\/strong><\/h2>\n<p data-start=\"1432\" data-end=\"1655\">\u2714\ufe0f Padara \u0101du vizu\u0101li mat\u0113t\u0101ku un vienm\u0113r\u012bg\u0101ku<br data-start=\"1478\" data-end=\"1481\" \/>\u2714\ufe0f Pal\u012bdz samazin\u0101t nepiln\u012bbu redzam\u012bbu<br data-start=\"1520\" data-end=\"1523\" \/>\u2714\ufe0f Atbalsta glud\u0101ku un sakopt\u0101ku \u0101das tekst\u016bru<br data-start=\"1569\" data-end=\"1572\" \/>\u2714\ufe0f Pal\u012bdz \u0101dai izskat\u012bties t\u012br\u0101kai un kopt\u0101kai<br data-start=\"1618\" data-end=\"1621\" \/>\u2714\ufe0f Piem\u0113rots ikdienas lieto\u0161anai<\/p>\n","protected":false},"featured_media":74928,"template":"","meta":[],"pwb-brand":[1262],"product_brand":[],"product_cat":[741,723,747],"product_tag":[],"giftcard-category":[],"class_list":{"0":"post-74936","1":"product","2":"type-product","3":"status-publish","4":"has-post-thumbnail","6":"pwb-brand-sesderma-lv","7":"product_cat-izsitumi","8":"product_cat-serumi","9":"product_cat-taukainai-adai","11":"first","12":"instock","13":"taxable","14":"shipping-taxable","15":"purchasable","16":"product-type-simple"},"acf":[],"brands":[{"id":1262,"name":"Sesderma","slug":"sesderma-lv"}],"_links":{"self":[{"href":"https:\/\/skinstudio.ee\/lv\/wp-json\/wp\/v2\/product\/74936","targetHints":{"allow":["GET"]}}],"collection":[{"href":"https:\/\/skinstudio.ee\/lv\/wp-json\/wp\/v2\/product"}],"about":[{"href":"https:\/\/skinstudio.ee\/lv\/wp-json\/wp\/v2\/types\/product"}],"version-history":[{"count":1,"href":"https:\/\/skinstudio.ee\/lv\/wp-json\/wp\/v2\/product\/74936\/revisions"}],"predecessor-version":[{"id":74937,"href":"https:\/\/skinstudio.ee\/lv\/wp-json\/wp\/v2\/product\/74936\/revisions\/74937"}],"wp:featuredmedia":[{"embeddable":true,"href":"https:\/\/skinstudio.ee\/lv\/wp-json\/wp\/v2\/media\/74928"}],"wp:attachment":[{"href":"https:\/\/skinstudio.ee\/lv\/wp-json\/wp\/v2\/media?parent=74936"}],"wp:term":[{"taxonomy":"pwb-brand","embeddable":true,"href":"https:\/\/skinstudio.ee\/lv\/wp-json\/wp\/v2\/pwb-brand?post=74936"},{"taxonomy":"product_brand","embeddable":true,"href":"https:\/\/skinstudio.ee\/lv\/wp-json\/wp\/v2\/product_brand?post=74936"},{"taxonomy":"product_cat","embeddable":true,"href":"https:\/\/skinstudio.ee\/lv\/wp-json\/wp\/v2\/product_cat?post=74936"},{"taxonomy":"product_tag","embeddable":true,"href":"https:\/\/skinstudio.ee\/lv\/wp-json\/wp\/v2\/product_tag?post=74936"},{"taxonomy":"giftcard-category","embeddable":true,"href":"https:\/\/skinstudio.ee\/lv\/wp-json\/wp\/v2\/giftcard-category?post=74936"}],"curies":[{"name":"wp","href":"https:\/\/api.w.org\/{rel}","templated":true}]}}