{"id":74953,"date":"2026-01-16T12:05:47","date_gmt":"2026-01-16T12:05:47","guid":{"rendered":"https:\/\/skinstudio.ee\/?post_type=product&#038;p=74953"},"modified":"2026-01-21T13:57:26","modified_gmt":"2026-01-21T13:57:26","slug":"sesgen-32-cell-activating-cream","status":"publish","type":"product","link":"https:\/\/skinstudio.ee\/lv\/catalog\/sesderma-lv\/sesgen-32-cell-activating-cream\/","title":{"rendered":"SESGEN 32 Cell Activating Cream"},"content":{"rendered":"<p data-start=\"202\" data-end=\"508\"><strong data-start=\"202\" data-end=\"249\">SESGEN 32 Cell Activating Cream no Sesderma<\/strong> ir barojo\u0161s pretnoveco\u0161an\u0101s kr\u0113ms, kas paredz\u0113ts \u0101das bl\u012bvuma, tvirtuma un svaig\u0101ka izskata atbalst\u012b\u0161anai. Formula pal\u012bdz \u0101dai izskat\u012bties dz\u012bv\u012bg\u0101kai un kopt\u0101kai, atbalstot t\u0101s dabiskos atjauno\u0161an\u0101s procesus un pal\u012bdzot mazin\u0101t noveco\u0161an\u0101s paz\u012bmju redzam\u012bbu.<\/p>\n<p data-start=\"510\" data-end=\"809\">Kr\u0113mam ir bag\u0101t\u012bga, bet komfortabla tekst\u016bra, kas viegli kl\u0101jas un labi ies\u016bcas. P\u0113c uzkl\u0101\u0161anas \u0101da izskat\u0101s glud\u0101ka, m\u012bkst\u0101ka un kopt\u0101ka, bet regul\u0101ri lietojot k\u013c\u016bst tvirt\u0101ka, vienm\u0113r\u012bg\u0101ka un vizu\u0101li atp\u016btu\u0161\u0101ka. L\u012bdzeklis pal\u012bdz saglab\u0101t ilgsto\u0161u komforta saj\u016btu un atbalsta \u0101das dz\u012bv\u012bg\u0101ku izskatu.<\/p>\n<p data-start=\"811\" data-end=\"939\">SESGEN 32 Cell Activating Cream pal\u012bdz ar\u012b uzlabot kop\u0113jo \u0101das kvalit\u0101ti, padarot to ikdienas kop\u0161an\u0101 notur\u012bg\u0101ku un lab\u0101k koptu.<\/p>\n<p data-start=\"941\" data-end=\"978\"><strong data-start=\"941\" data-end=\"978\">K\u0101 darbojas galven\u0101s sast\u0101vda\u013cas:<\/strong><\/p>\n<p data-start=\"980\" data-end=\"1281\"><strong data-start=\"980\" data-end=\"998\">Tripept\u012bds-32:<\/strong> pal\u012bdz atbalst\u012bt \u0101das dabiskos atjauno\u0161an\u0101s procesus un saglab\u0101t vienm\u0113r\u012bg\u0101ku un kopt\u0101ku izskatu.<br data-start=\"1096\" data-end=\"1099\" \/><strong data-start=\"1099\" data-end=\"1123\">N\u0101trija hialuron\u0101ts:<\/strong> pal\u012bdz uztur\u0113t \u0101das mitruma l\u012bmeni un padara \u0101du glud\u0101ku un pild\u012bt\u0101ku.<br data-start=\"1194\" data-end=\"1197\" \/><strong data-start=\"1197\" data-end=\"1210\">Keram\u012bdi:<\/strong> pal\u012bdz atbalst\u012bt \u0101das aizsargbarjeru un saglab\u0101t komfortu un elast\u012bbu.<\/p>\n<p data-start=\"1283\" data-end=\"1457\">Kr\u0113ms ir piem\u0113rots visu \u0101das tipu ikdienas kop\u0161anai, \u012bpa\u0161i sausai \u0101dai un \u0101dai ar redzam\u0101m noveco\u0161an\u0101s paz\u012bm\u0113m, kad nepiecie\u0161ams atbalst\u012bt tvirtumu, bl\u012bvumu un koptu izskatu.<\/p>\n<p data-start=\"1459\" data-end=\"1477\"><strong data-start=\"1459\" data-end=\"1477\">Tilpums: 50 ml<\/strong><\/p>\n","protected":false},"excerpt":{"rendered":"<p data-start=\"1532\" data-end=\"1562\">Barojo\u0161s pretnoveco\u0161an\u0101s kr\u0113ms<\/p>\n<h2 data-start=\"1564\" data-end=\"1619\"><strong data-start=\"1564\" data-end=\"1619\">\u012apa\u0161\u012bbas Sesderma &#8211; SESGEN 32 Cell Activating Cream<\/strong><\/h2>\n<p data-start=\"1621\" data-end=\"1853\">\u2714\ufe0f Atbalsta dz\u012bv\u012bg\u0101ku \u0101das izskatu<br data-start=\"1655\" data-end=\"1658\" \/>\u2714\ufe0f Uzlabo \u0101das kvalit\u0101ti un vienm\u0113r\u012bgumu<br data-start=\"1698\" data-end=\"1701\" \/>\u2714\ufe0f Pal\u012bdz \u0101dai lab\u0101k pretoties noveco\u0161an\u0101s paz\u012bm\u0113m<br data-start=\"1751\" data-end=\"1754\" \/>\u2714\ufe0f Palielina komforta un atjaunot\u012bbas saj\u016btu \u0101d\u0101<br data-start=\"1802\" data-end=\"1805\" \/>\u2714\ufe0f Piem\u0113rots ikdienas pretnoveco\u0161an\u0101s kop\u0161anai<\/p>\n","protected":false},"featured_media":74944,"template":"","meta":[],"pwb-brand":[1262],"product_brand":[],"product_cat":[737,749,739],"product_tag":[],"giftcard-category":[],"class_list":{"0":"post-74953","1":"product","2":"type-product","3":"status-publish","4":"has-post-thumbnail","6":"pwb-brand-sesderma-lv","7":"product_cat-mitrinasana","8":"product_cat-novecojosa-ada","9":"product_cat-sausai-adai","11":"first","12":"instock","13":"sale","14":"taxable","15":"shipping-taxable","16":"purchasable","17":"product-type-simple"},"acf":[],"brands":[{"id":1262,"name":"Sesderma","slug":"sesderma-lv"}],"_links":{"self":[{"href":"https:\/\/skinstudio.ee\/lv\/wp-json\/wp\/v2\/product\/74953","targetHints":{"allow":["GET"]}}],"collection":[{"href":"https:\/\/skinstudio.ee\/lv\/wp-json\/wp\/v2\/product"}],"about":[{"href":"https:\/\/skinstudio.ee\/lv\/wp-json\/wp\/v2\/types\/product"}],"version-history":[{"count":1,"href":"https:\/\/skinstudio.ee\/lv\/wp-json\/wp\/v2\/product\/74953\/revisions"}],"predecessor-version":[{"id":74954,"href":"https:\/\/skinstudio.ee\/lv\/wp-json\/wp\/v2\/product\/74953\/revisions\/74954"}],"wp:featuredmedia":[{"embeddable":true,"href":"https:\/\/skinstudio.ee\/lv\/wp-json\/wp\/v2\/media\/74944"}],"wp:attachment":[{"href":"https:\/\/skinstudio.ee\/lv\/wp-json\/wp\/v2\/media?parent=74953"}],"wp:term":[{"taxonomy":"pwb-brand","embeddable":true,"href":"https:\/\/skinstudio.ee\/lv\/wp-json\/wp\/v2\/pwb-brand?post=74953"},{"taxonomy":"product_brand","embeddable":true,"href":"https:\/\/skinstudio.ee\/lv\/wp-json\/wp\/v2\/product_brand?post=74953"},{"taxonomy":"product_cat","embeddable":true,"href":"https:\/\/skinstudio.ee\/lv\/wp-json\/wp\/v2\/product_cat?post=74953"},{"taxonomy":"product_tag","embeddable":true,"href":"https:\/\/skinstudio.ee\/lv\/wp-json\/wp\/v2\/product_tag?post=74953"},{"taxonomy":"giftcard-category","embeddable":true,"href":"https:\/\/skinstudio.ee\/lv\/wp-json\/wp\/v2\/giftcard-category?post=74953"}],"curies":[{"name":"wp","href":"https:\/\/api.w.org\/{rel}","templated":true}]}}