{"id":74968,"date":"2026-01-16T12:10:52","date_gmt":"2026-01-16T12:10:52","guid":{"rendered":"https:\/\/skinstudio.ee\/?post_type=product&#038;p=74968"},"modified":"2026-01-21T13:57:26","modified_gmt":"2026-01-21T13:57:26","slug":"sesgen-32-cell-activating-serum","status":"publish","type":"product","link":"https:\/\/skinstudio.ee\/lv\/catalog\/sesderma-lv\/sesgen-32-cell-activating-serum\/","title":{"rendered":"SESGEN 32 Cell Activating Serum"},"content":{"rendered":"<p data-start=\"181\" data-end=\"535\"><strong data-start=\"181\" data-end=\"228\">SESGEN 32 Cell Activating Serum no Sesderma<\/strong> ir koncentr\u0113ts pretnoveco\u0161an\u0101s serums ikdienas kop\u0161anai, kas paredz\u0113ts \u0101das kvalit\u0101tes, bl\u012bvuma un jaunekl\u012bg\u0101ka izskata atbalst\u012b\u0161anai. Formula ne tikai iedarbojas uz redzamaj\u0101m noveco\u0161an\u0101s paz\u012bm\u0113m, bet ar\u012b pal\u012bdz atbalst\u012bt \u0101das dabiskos atjauno\u0161an\u0101s procesus, padarot \u0101du svaig\u0101ku, vienm\u0113r\u012bg\u0101ku un kopt\u0101ku.<\/p>\n<p data-start=\"537\" data-end=\"791\">Viegl\u0101 tekst\u016bra \u0101tri ies\u016bcas un ir pat\u012bkama \u0101dai. P\u0113c uzkl\u0101\u0161anas \u0101da izskat\u0101s glud\u0101ka un vienm\u0113r\u012bg\u0101ka, bet regul\u0101ri lietojot k\u013c\u016bst tvirt\u0101ka, bl\u012bv\u0101ka un vizu\u0101li kvalitat\u012bv\u0101ka. Serums pal\u012bdz \u0101dai izskat\u012bties \u201eener\u0123isk\u0101kai\u201c un atp\u016btu\u0161\u0101kai, to nep\u0101rslogojot.<\/p>\n<p data-start=\"793\" data-end=\"926\">SESGEN 32 Cell Activating Serum pal\u012bdz ar\u012b uztur\u0113t labu \u0101das visp\u0101r\u0113jo st\u0101vokli, saglab\u0101jot koptu un svaigu izskatu ikdienas kop\u0161an\u0101.<\/p>\n<p data-start=\"928\" data-end=\"965\"><strong data-start=\"928\" data-end=\"965\">K\u0101 darbojas galven\u0101s sast\u0101vda\u013cas:<\/strong><\/p>\n<p data-start=\"967\" data-end=\"1290\"><strong data-start=\"967\" data-end=\"985\">Tripept\u012bds-32:<\/strong> pal\u012bdz atbalst\u012bt \u0101das dabiskos atjauno\u0161an\u0101s procesus un saglab\u0101t vienm\u0113r\u012bg\u0101ku un kopt\u0101ku izskatu.<br data-start=\"1083\" data-end=\"1086\" \/><strong data-start=\"1086\" data-end=\"1110\">N\u0101trija hialuron\u0101ts:<\/strong> pal\u012bdz uztur\u0113t optim\u0101lu \u0101das mitruma l\u012bmeni un padara \u0101du glud\u0101ku un pild\u012bt\u0101ku.<br data-start=\"1190\" data-end=\"1193\" \/><strong data-start=\"1193\" data-end=\"1206\">Keram\u012bdi:<\/strong> pal\u012bdz atbalst\u012bt \u0101das aizsargbarjeru un saglab\u0101t komforta saj\u016btu un bl\u012bvuma saj\u016btu.<\/p>\n<p data-start=\"1292\" data-end=\"1429\">Serums ir piem\u0113rots visiem \u0101das tipiem, tostarp jut\u012bgai \u0101dai, kad nepiecie\u0161ams atbalst\u012bt \u0101das bl\u012bvumu, kvalit\u0101ti un jaunekl\u012bg\u0101ku izskatu.<\/p>\n<p data-start=\"1431\" data-end=\"1449\"><strong data-start=\"1431\" data-end=\"1449\">Tilpums: 30 ml<\/strong><\/p>\n","protected":false},"excerpt":{"rendered":"<p data-start=\"1559\" data-end=\"1581\">Pretnoveco\u0161an\u0101s serums<\/p>\n<h2 data-start=\"1583\" data-end=\"1638\"><strong data-start=\"1583\" data-end=\"1638\">\u012apa\u0161\u012bbas Sesderma &#8211; SESGEN 32 Cell Activating Serum<\/strong><\/h2>\n<p data-start=\"1640\" data-end=\"1878\">\u2714\ufe0f Atbalsta svaig\u0101ku un ener\u0123isk\u0101ku \u0101das izskatu<br data-start=\"1688\" data-end=\"1691\" \/>\u2714\ufe0f Uzlabo \u0101das kvalit\u0101ti un vienm\u0113r\u012bgumu<br data-start=\"1731\" data-end=\"1734\" \/>\u2714\ufe0f Pal\u012bdz \u0101dai lab\u0101k pretoties noveco\u0161an\u0101s paz\u012bm\u0113m<br data-start=\"1784\" data-end=\"1787\" \/>\u2714\ufe0f Padara \u0101du vizu\u0101li glud\u0101ku un kopt\u0101ku<br data-start=\"1827\" data-end=\"1830\" \/>\u2714\ufe0f Piem\u0113rots ikdienas pretnoveco\u0161an\u0101s kop\u0161anai<\/p>\n","protected":false},"featured_media":74961,"template":"","meta":[],"pwb-brand":[1262],"product_brand":[],"product_cat":[749,723],"product_tag":[],"giftcard-category":[],"class_list":{"0":"post-74968","1":"product","2":"type-product","3":"status-publish","4":"has-post-thumbnail","6":"pwb-brand-sesderma-lv","7":"product_cat-novecojosa-ada","8":"product_cat-serumi","10":"first","11":"instock","12":"sale","13":"taxable","14":"shipping-taxable","15":"purchasable","16":"product-type-simple"},"acf":[],"brands":[{"id":1262,"name":"Sesderma","slug":"sesderma-lv"}],"_links":{"self":[{"href":"https:\/\/skinstudio.ee\/lv\/wp-json\/wp\/v2\/product\/74968","targetHints":{"allow":["GET"]}}],"collection":[{"href":"https:\/\/skinstudio.ee\/lv\/wp-json\/wp\/v2\/product"}],"about":[{"href":"https:\/\/skinstudio.ee\/lv\/wp-json\/wp\/v2\/types\/product"}],"version-history":[{"count":1,"href":"https:\/\/skinstudio.ee\/lv\/wp-json\/wp\/v2\/product\/74968\/revisions"}],"predecessor-version":[{"id":74969,"href":"https:\/\/skinstudio.ee\/lv\/wp-json\/wp\/v2\/product\/74968\/revisions\/74969"}],"wp:featuredmedia":[{"embeddable":true,"href":"https:\/\/skinstudio.ee\/lv\/wp-json\/wp\/v2\/media\/74961"}],"wp:attachment":[{"href":"https:\/\/skinstudio.ee\/lv\/wp-json\/wp\/v2\/media?parent=74968"}],"wp:term":[{"taxonomy":"pwb-brand","embeddable":true,"href":"https:\/\/skinstudio.ee\/lv\/wp-json\/wp\/v2\/pwb-brand?post=74968"},{"taxonomy":"product_brand","embeddable":true,"href":"https:\/\/skinstudio.ee\/lv\/wp-json\/wp\/v2\/product_brand?post=74968"},{"taxonomy":"product_cat","embeddable":true,"href":"https:\/\/skinstudio.ee\/lv\/wp-json\/wp\/v2\/product_cat?post=74968"},{"taxonomy":"product_tag","embeddable":true,"href":"https:\/\/skinstudio.ee\/lv\/wp-json\/wp\/v2\/product_tag?post=74968"},{"taxonomy":"giftcard-category","embeddable":true,"href":"https:\/\/skinstudio.ee\/lv\/wp-json\/wp\/v2\/giftcard-category?post=74968"}],"curies":[{"name":"wp","href":"https:\/\/api.w.org\/{rel}","templated":true}]}}