{"id":74984,"date":"2026-01-16T12:16:22","date_gmt":"2026-01-16T12:16:22","guid":{"rendered":"https:\/\/skinstudio.ee\/?post_type=product&#038;p=74984"},"modified":"2026-01-21T13:57:26","modified_gmt":"2026-01-21T13:57:26","slug":"sesgen-32-eye-contour-cream-ceramic","status":"publish","type":"product","link":"https:\/\/skinstudio.ee\/lv\/catalog\/sesderma-lv\/sesgen-32-eye-contour-cream-ceramic\/","title":{"rendered":"SESGEN 32 Eye Contour Cream Ceramic"},"content":{"rendered":"<p data-start=\"189\" data-end=\"521\"><strong data-start=\"189\" data-end=\"240\">SESGEN 32 Eye Contour Cream Ceramic no Sesderma<\/strong> ir pretnoveco\u0161an\u0101s acu kont\u016bras kr\u0113ms, kas paredz\u0113ts \u0101das kvalit\u0101tes uzlabo\u0161anai acu zon\u0101, noguruma paz\u012bmju mazin\u0101\u0161anai un svaig\u0101ka, atp\u016btu\u0161\u0101ka izskata atbalst\u012b\u0161anai. Formula ir izstr\u0101d\u0101ta darbam ar visjut\u012bg\u0101ko sejas zonu, pal\u012bdzot \u0101dai izskat\u012bties glud\u0101kai, bl\u012bv\u0101kai un kopt\u0101kai.<\/p>\n<p data-start=\"523\" data-end=\"836\">Kr\u0113mam ir komfortabla tekst\u016bra, kas viegli kl\u0101jas uz \u0101das, bet keramikas aplikators nodro\u0161ina pat\u012bkamu atv\u0113sino\u0161u saj\u016btu un pastiprina svaiguma saj\u016btu uzreiz p\u0113c uzkl\u0101\u0161anas. P\u0113c lieto\u0161anas acu zona izskat\u0101s vienm\u0113r\u012bg\u0101ka un atsvaidzin\u0101ta, bet regul\u0101ri lietojot \u0101da k\u013c\u016bst sakopt\u0101ka, glud\u0101ka un vizu\u0101li jaunekl\u012bg\u0101ka.<\/p>\n<p data-start=\"838\" data-end=\"981\">SESGEN 32 Eye Contour Cream Ceramic pal\u012bdz saglab\u0101t sakoptu un koptu acu zonas izskatu, kas bie\u017ei pirm\u0101 atkl\u0101j noguruma un noveco\u0161an\u0101s paz\u012bmes.<\/p>\n<p data-start=\"983\" data-end=\"1020\"><strong data-start=\"983\" data-end=\"1020\">K\u0101 darbojas galven\u0101s sast\u0101vda\u013cas:<\/strong><\/p>\n<p data-start=\"1022\" data-end=\"1340\"><strong data-start=\"1022\" data-end=\"1040\">Tripept\u012bds-32:<\/strong> pal\u012bdz atbalst\u012bt \u0101das dabiskos atjauno\u0161an\u0101s procesus un saglab\u0101t vienm\u0113r\u012bg\u0101ku un kopt\u0101ku izskatu.<br data-start=\"1138\" data-end=\"1141\" \/><strong data-start=\"1141\" data-end=\"1165\">N\u0101trija hialuron\u0101ts:<\/strong> pal\u012bdz uztur\u0113t optim\u0101lu mitruma l\u012bmeni un padara \u0101du glud\u0101ku un pild\u012bt\u0101ku.<br data-start=\"1240\" data-end=\"1243\" \/><strong data-start=\"1243\" data-end=\"1256\">Keram\u012bdi:<\/strong> pal\u012bdz atbalst\u012bt \u0101das aizsargbarjeru un saglab\u0101t komforta saj\u016btu un bl\u012bvuma saj\u016btu.<\/p>\n<p data-start=\"1342\" data-end=\"1502\">Kr\u0113ms ir piem\u0113rots visu \u0101das tipu acu zonas kop\u0161anai, \u012bpa\u0161i pie pirmaj\u0101m noveco\u0161an\u0101s paz\u012bm\u0113m un gad\u012bjumos, kad v\u0113laties padar\u012bt skatienu svaig\u0101ku un atp\u016btu\u0161\u0101ku.<\/p>\n<p data-start=\"1504\" data-end=\"1522\"><strong data-start=\"1504\" data-end=\"1522\">Tilpums: 15 ml<\/strong><\/p>\n","protected":false},"excerpt":{"rendered":"<p data-start=\"1626\" data-end=\"1644\">Acu kont\u016bras kr\u0113ms<\/p>\n<h2 data-start=\"1646\" data-end=\"1705\"><strong data-start=\"1646\" data-end=\"1705\">\u012apa\u0161\u012bbas Sesderma &#8211; SESGEN 32 Eye Contour Cream Ceramic<\/strong><\/h2>\n<p data-start=\"1707\" data-end=\"1943\">\u2714\ufe0f Padara skatienu svaig\u0101ku un atp\u016btu\u0161\u0101ku<br data-start=\"1748\" data-end=\"1751\" \/>\u2714\ufe0f Pal\u012bdz uzlabot \u0101das kvalit\u0101ti acu zon\u0101<br data-start=\"1792\" data-end=\"1795\" \/>\u2714\ufe0f Padara \u0101du vizu\u0101li glud\u0101ku un kopt\u0101ku<br data-start=\"1835\" data-end=\"1838\" \/>\u2714\ufe0f Atbalsta komfortu un mitrin\u0101\u0161anu acu zon\u0101<br data-start=\"1882\" data-end=\"1885\" \/>\u2714\ufe0f Piem\u0113rots ikdienas pretnoveco\u0161an\u0101s kop\u0161anai<\/p>\n","protected":false},"featured_media":74976,"template":"","meta":[],"pwb-brand":[1262],"product_brand":[],"product_cat":[733,749],"product_tag":[],"giftcard-category":[],"class_list":{"0":"post-74984","1":"product","2":"type-product","3":"status-publish","4":"has-post-thumbnail","6":"pwb-brand-sesderma-lv","7":"product_cat-ada-ap-acim","8":"product_cat-novecojosa-ada","10":"first","11":"instock","12":"sale","13":"taxable","14":"shipping-taxable","15":"purchasable","16":"product-type-simple"},"acf":[],"brands":[{"id":1262,"name":"Sesderma","slug":"sesderma-lv"}],"_links":{"self":[{"href":"https:\/\/skinstudio.ee\/lv\/wp-json\/wp\/v2\/product\/74984","targetHints":{"allow":["GET"]}}],"collection":[{"href":"https:\/\/skinstudio.ee\/lv\/wp-json\/wp\/v2\/product"}],"about":[{"href":"https:\/\/skinstudio.ee\/lv\/wp-json\/wp\/v2\/types\/product"}],"version-history":[{"count":1,"href":"https:\/\/skinstudio.ee\/lv\/wp-json\/wp\/v2\/product\/74984\/revisions"}],"predecessor-version":[{"id":74985,"href":"https:\/\/skinstudio.ee\/lv\/wp-json\/wp\/v2\/product\/74984\/revisions\/74985"}],"wp:featuredmedia":[{"embeddable":true,"href":"https:\/\/skinstudio.ee\/lv\/wp-json\/wp\/v2\/media\/74976"}],"wp:attachment":[{"href":"https:\/\/skinstudio.ee\/lv\/wp-json\/wp\/v2\/media?parent=74984"}],"wp:term":[{"taxonomy":"pwb-brand","embeddable":true,"href":"https:\/\/skinstudio.ee\/lv\/wp-json\/wp\/v2\/pwb-brand?post=74984"},{"taxonomy":"product_brand","embeddable":true,"href":"https:\/\/skinstudio.ee\/lv\/wp-json\/wp\/v2\/product_brand?post=74984"},{"taxonomy":"product_cat","embeddable":true,"href":"https:\/\/skinstudio.ee\/lv\/wp-json\/wp\/v2\/product_cat?post=74984"},{"taxonomy":"product_tag","embeddable":true,"href":"https:\/\/skinstudio.ee\/lv\/wp-json\/wp\/v2\/product_tag?post=74984"},{"taxonomy":"giftcard-category","embeddable":true,"href":"https:\/\/skinstudio.ee\/lv\/wp-json\/wp\/v2\/giftcard-category?post=74984"}],"curies":[{"name":"wp","href":"https:\/\/api.w.org\/{rel}","templated":true}]}}