{"id":75001,"date":"2026-01-16T12:59:32","date_gmt":"2026-01-16T12:59:32","guid":{"rendered":"https:\/\/skinstudio.ee\/?post_type=product&#038;p=75001"},"modified":"2026-01-21T13:57:26","modified_gmt":"2026-01-21T13:57:26","slug":"seslash-lash-eyebrow-activating-serum","status":"publish","type":"product","link":"https:\/\/skinstudio.ee\/lv\/catalog\/sesderma-lv\/seslash-lash-eyebrow-activating-serum\/","title":{"rendered":"SESLASH Lash &#038; Eyebrow Activating Serum"},"content":{"rendered":"<p data-start=\"258\" data-end=\"540\"><strong data-start=\"258\" data-end=\"313\">SESLASH Lash &amp; Eyebrow Activating Serum no Sesderma<\/strong> ir aktiv\u0113jo\u0161s serums, kas paredz\u0113ts skropstu un uzacu izskata, bl\u012bvuma un kop\u0113j\u0101s kvalit\u0101tes uzlabo\u0161anai. Formula atbalsta dabisko mati\u0146u aug\u0161anas ciklu un pal\u012bdz padar\u012bt skropstas un uzacis stipr\u0101kas, elast\u012bg\u0101kas un kopt\u0101kas.<\/p>\n<p data-start=\"542\" data-end=\"807\">Viegl\u0101 tekst\u016bra \u0101tri ies\u016bcas un nepadara skropstas un uzacis smagas. Regul\u0101ri lietojot, mati\u0146i izskat\u0101s bl\u012bv\u0101ki, kopt\u0101ki un izteiksm\u012bg\u0101ki, bet to kop\u0113jais izskats k\u013c\u016bst vizu\u0101li sakopt\u0101ks. Serums viegli iek\u013caujas ikdienas kop\u0161anas rut\u012bn\u0101 un netrauc\u0113 grima lieto\u0161anu.<\/p>\n<p data-start=\"809\" data-end=\"951\">SESLASH Lash &amp; Eyebrow Activating Serum pal\u012bdz pak\u0101peniski uzlabot skropstu un uzacu kvalit\u0101ti un uztur\u0113t to koptu izskatu, regul\u0101ri lietojot.<\/p>\n<p data-start=\"953\" data-end=\"977\"><strong data-start=\"953\" data-end=\"977\">Kl\u012bniskie rezult\u0101ti:<\/strong><\/p>\n<p data-start=\"979\" data-end=\"1152\">\u2714\ufe0f 90% lietot\u0101ju atzina, ka skropstas izskat\u0101s gar\u0101kas<br data-start=\"1033\" data-end=\"1036\" \/>\u2714\ufe0f 80% lietot\u0101ju atzina, ka skropstas izskat\u0101s bl\u012bv\u0101kas<br data-start=\"1091\" data-end=\"1094\" \/>\u2714\ufe0f 90% lietot\u0101ju atzina, ka skropstas izskat\u0101s stipr\u0101kas<\/p>\n<p data-start=\"1154\" data-end=\"1277\"><em data-start=\"1154\" data-end=\"1277\">Br\u012bvpr\u0101t\u012bgo procentu\u0101l\u0101 da\u013ca, kas bija apmierin\u0101ti ar rezult\u0101tu, pamatojoties uz testu ar 20 dal\u012bbniekiem 28 dienu laik\u0101.<\/em><\/p>\n<p data-start=\"1279\" data-end=\"1397\">Serums ir piem\u0113rots ikdienas skropstu un uzacu kop\u0161anai, ja v\u0113laties padar\u012bt t\u0101s izteiksm\u012bg\u0101kas, bl\u012bv\u0101kas un kopt\u0101kas.<\/p>\n<p data-start=\"1399\" data-end=\"1416\"><strong data-start=\"1399\" data-end=\"1416\">Tilpums: 5 ml<\/strong><\/p>\n","protected":false},"excerpt":{"rendered":"<p data-start=\"1606\" data-end=\"1630\">Skropstu un uzacu serums<\/p>\n<h2 data-start=\"1632\" data-end=\"1695\"><strong data-start=\"1632\" data-end=\"1695\">\u012apa\u0161\u012bbas Sesderma &#8211; SESLASH Lash &amp; Eyebrow Activating Serum<\/strong><\/h2>\n<p data-start=\"1697\" data-end=\"1916\">\u2714\ufe0f Padara skropstas un uzacis vizu\u0101li gar\u0101kas<br data-start=\"1742\" data-end=\"1745\" \/>\u2714\ufe0f Pastiprina bl\u012bvuma un apjoma iespaidu<br data-start=\"1785\" data-end=\"1788\" \/>\u2714\ufe0f Uzlabo mati\u0146u kop\u0113jo izskatu<br data-start=\"1819\" data-end=\"1822\" \/>\u2714\ufe0f Pal\u012bdz saglab\u0101t skropstas un uzacis koptas un k\u0101rt\u012bgas<br data-start=\"1879\" data-end=\"1882\" \/>\u2714\ufe0f Piem\u0113rots ikdienas lieto\u0161anai<\/p>\n","protected":false},"featured_media":74993,"template":"","meta":[],"pwb-brand":[1262],"product_brand":[],"product_cat":[723],"product_tag":[],"giftcard-category":[],"class_list":{"0":"post-75001","1":"product","2":"type-product","3":"status-publish","4":"has-post-thumbnail","6":"pwb-brand-sesderma-lv","7":"product_cat-serumi","9":"first","10":"instock","11":"sale","12":"taxable","13":"shipping-taxable","14":"purchasable","15":"product-type-simple"},"acf":[],"brands":[{"id":1262,"name":"Sesderma","slug":"sesderma-lv"}],"_links":{"self":[{"href":"https:\/\/skinstudio.ee\/lv\/wp-json\/wp\/v2\/product\/75001","targetHints":{"allow":["GET"]}}],"collection":[{"href":"https:\/\/skinstudio.ee\/lv\/wp-json\/wp\/v2\/product"}],"about":[{"href":"https:\/\/skinstudio.ee\/lv\/wp-json\/wp\/v2\/types\/product"}],"version-history":[{"count":1,"href":"https:\/\/skinstudio.ee\/lv\/wp-json\/wp\/v2\/product\/75001\/revisions"}],"predecessor-version":[{"id":75002,"href":"https:\/\/skinstudio.ee\/lv\/wp-json\/wp\/v2\/product\/75001\/revisions\/75002"}],"wp:featuredmedia":[{"embeddable":true,"href":"https:\/\/skinstudio.ee\/lv\/wp-json\/wp\/v2\/media\/74993"}],"wp:attachment":[{"href":"https:\/\/skinstudio.ee\/lv\/wp-json\/wp\/v2\/media?parent=75001"}],"wp:term":[{"taxonomy":"pwb-brand","embeddable":true,"href":"https:\/\/skinstudio.ee\/lv\/wp-json\/wp\/v2\/pwb-brand?post=75001"},{"taxonomy":"product_brand","embeddable":true,"href":"https:\/\/skinstudio.ee\/lv\/wp-json\/wp\/v2\/product_brand?post=75001"},{"taxonomy":"product_cat","embeddable":true,"href":"https:\/\/skinstudio.ee\/lv\/wp-json\/wp\/v2\/product_cat?post=75001"},{"taxonomy":"product_tag","embeddable":true,"href":"https:\/\/skinstudio.ee\/lv\/wp-json\/wp\/v2\/product_tag?post=75001"},{"taxonomy":"giftcard-category","embeddable":true,"href":"https:\/\/skinstudio.ee\/lv\/wp-json\/wp\/v2\/giftcard-category?post=75001"}],"curies":[{"name":"wp","href":"https:\/\/api.w.org\/{rel}","templated":true}]}}