{"id":75016,"date":"2026-01-16T13:06:49","date_gmt":"2026-01-16T13:06:49","guid":{"rendered":"https:\/\/skinstudio.ee\/?post_type=product&#038;p=75016"},"modified":"2026-01-21T13:57:26","modified_gmt":"2026-01-21T13:57:26","slug":"sespanthenol-gel-cream","status":"publish","type":"product","link":"https:\/\/skinstudio.ee\/lv\/catalog\/sesderma-lv\/sespanthenol-gel-cream\/","title":{"rendered":"SESPANTHENOL Gel Cream"},"content":{"rendered":"<p data-start=\"178\" data-end=\"435\"><strong data-start=\"178\" data-end=\"216\">SESPANTHENOL Gel Cream no Sesderma<\/strong> ir atjaunojo\u0161s g\u0113lkr\u0113ms jut\u012bgas, kairin\u0101tas un nov\u0101jin\u0101tas \u0101das kop\u0161anai. Formula pal\u012bdz \u0101tri mazin\u0101t diskomfortu, aps\u0101rtumu un niezes saj\u016btu, atbalsta \u0101das aizsargfunkcijas un pal\u012bdz atjaunot mier\u012bgu un koptu izskatu.<\/p>\n<p data-start=\"437\" data-end=\"677\">Viegl\u0101 g\u0113la tekst\u016bra pat\u012bkami kl\u0101jas uz \u0101das un \u0101tri ies\u016bcas, neatst\u0101jot lip\u012bgu saj\u016btu. P\u0113c lieto\u0161anas \u0101da j\u016btas mitrin\u0101t\u0101ka un m\u012bkst\u0101ka, izskat\u0101s mier\u012bg\u0101ka un vienm\u0113r\u012bg\u0101ka, bet regul\u0101ri lietojot k\u013c\u016bst iztur\u012bg\u0101ka pret \u0101r\u0113jiem kairin\u0101t\u0101jiem.<\/p>\n<p data-start=\"679\" data-end=\"842\">SESPANTHENOL Gel Cream ir piem\u0113rots ikdienas lieto\u0161anai un var tikt izmantots k\u0101 atjaunojo\u0161s kop\u0161anas l\u012bdzeklis paaugstin\u0101tas jut\u012bbas periodos vai p\u0113c \u0101das stresa.<\/p>\n<p data-start=\"844\" data-end=\"881\"><strong data-start=\"844\" data-end=\"881\">K\u0101 darbojas galven\u0101s sast\u0101vda\u013cas:<\/strong><\/p>\n<p data-start=\"883\" data-end=\"1192\"><strong data-start=\"883\" data-end=\"897\">Pantenols:<\/strong> pal\u012bdz nomierin\u0101t \u0101du, atbalsta t\u0101s atjauno\u0161anos un mazina kairin\u0101juma un diskomforta saj\u016btu.<br data-start=\"991\" data-end=\"994\" \/><strong data-start=\"994\" data-end=\"1018\">N\u0101trija hialuron\u0101ts:<\/strong> pal\u012bdz uztur\u0113t optim\u0101lu mitruma l\u012bmeni un padara \u0101du glud\u0101ku un komfortabl\u0101ku.<br data-start=\"1097\" data-end=\"1100\" \/><strong data-start=\"1100\" data-end=\"1115\">Bisabolols:<\/strong> pal\u012bdz mazin\u0101t aps\u0101rtumu un atbalsta mier\u012bg\u0101ku un vienm\u0113r\u012bg\u0101ku \u0101das izskatu.<\/p>\n<p data-start=\"1194\" data-end=\"1371\">L\u012bdzeklis ir piem\u0113rots visiem \u0101das tipiem, \u012bpa\u0161i jut\u012bgai, kairin\u0101tai un uz aps\u0101rtumu tend\u0113tai \u0101dai, kad nepiecie\u0161ams \u0101tri atjaunot komfortu, mitrin\u0101\u0161anu un mier\u012bgu \u0101das izskatu.<\/p>\n<p data-start=\"1373\" data-end=\"1392\"><strong data-start=\"1373\" data-end=\"1392\">Tilpums: 100 ml<\/strong><\/p>\n","protected":false},"excerpt":{"rendered":"<p data-start=\"1522\" data-end=\"1542\">Atjaunojo\u0161s g\u0113lkr\u0113ms<\/p>\n<h2 data-start=\"1544\" data-end=\"1590\"><strong data-start=\"1544\" data-end=\"1590\">\u012apa\u0161\u012bbas Sesderma &#8211; SESPANTHENOL Gel Cream<\/strong><\/h2>\n<p data-start=\"1592\" data-end=\"1850\">\u2714\ufe0f \u0100tri nomierina \u0101du un mazina diskomfortu<br data-start=\"1635\" data-end=\"1638\" \/>\u2714\ufe0f Pal\u012bdz samazin\u0101t aps\u0101rtumu un kairin\u0101juma paz\u012bmes<br data-start=\"1690\" data-end=\"1693\" \/>\u2714\ufe0f Atbalsta \u0101das atjauno\u0161anos un aizsargfunkcijas<br data-start=\"1742\" data-end=\"1745\" \/>\u2714\ufe0f Padara \u0101du m\u012bkst\u0101ku, mitrin\u0101t\u0101ku un komfortabl\u0101ku<br data-start=\"1797\" data-end=\"1800\" \/>\u2714\ufe0f Piem\u0113rots ikdienas lieto\u0161anai un jut\u012bgai \u0101dai<\/p>\n","protected":false},"featured_media":75009,"template":"","meta":[],"pwb-brand":[1262],"product_brand":[],"product_cat":[745,737],"product_tag":[],"giftcard-category":[],"class_list":{"0":"post-75016","1":"product","2":"type-product","3":"status-publish","4":"has-post-thumbnail","6":"pwb-brand-sesderma-lv","7":"product_cat-jutigai-adai","8":"product_cat-mitrinasana","10":"first","11":"instock","12":"taxable","13":"shipping-taxable","14":"purchasable","15":"product-type-simple"},"acf":[],"brands":[{"id":1262,"name":"Sesderma","slug":"sesderma-lv"}],"_links":{"self":[{"href":"https:\/\/skinstudio.ee\/lv\/wp-json\/wp\/v2\/product\/75016","targetHints":{"allow":["GET"]}}],"collection":[{"href":"https:\/\/skinstudio.ee\/lv\/wp-json\/wp\/v2\/product"}],"about":[{"href":"https:\/\/skinstudio.ee\/lv\/wp-json\/wp\/v2\/types\/product"}],"version-history":[{"count":1,"href":"https:\/\/skinstudio.ee\/lv\/wp-json\/wp\/v2\/product\/75016\/revisions"}],"predecessor-version":[{"id":75017,"href":"https:\/\/skinstudio.ee\/lv\/wp-json\/wp\/v2\/product\/75016\/revisions\/75017"}],"wp:featuredmedia":[{"embeddable":true,"href":"https:\/\/skinstudio.ee\/lv\/wp-json\/wp\/v2\/media\/75009"}],"wp:attachment":[{"href":"https:\/\/skinstudio.ee\/lv\/wp-json\/wp\/v2\/media?parent=75016"}],"wp:term":[{"taxonomy":"pwb-brand","embeddable":true,"href":"https:\/\/skinstudio.ee\/lv\/wp-json\/wp\/v2\/pwb-brand?post=75016"},{"taxonomy":"product_brand","embeddable":true,"href":"https:\/\/skinstudio.ee\/lv\/wp-json\/wp\/v2\/product_brand?post=75016"},{"taxonomy":"product_cat","embeddable":true,"href":"https:\/\/skinstudio.ee\/lv\/wp-json\/wp\/v2\/product_cat?post=75016"},{"taxonomy":"product_tag","embeddable":true,"href":"https:\/\/skinstudio.ee\/lv\/wp-json\/wp\/v2\/product_tag?post=75016"},{"taxonomy":"giftcard-category","embeddable":true,"href":"https:\/\/skinstudio.ee\/lv\/wp-json\/wp\/v2\/giftcard-category?post=75016"}],"curies":[{"name":"wp","href":"https:\/\/api.w.org\/{rel}","templated":true}]}}