{"id":75037,"date":"2026-01-16T13:14:50","date_gmt":"2026-01-16T13:14:50","guid":{"rendered":"https:\/\/skinstudio.ee\/?post_type=product&#038;p=75037"},"modified":"2026-01-21T13:57:26","modified_gmt":"2026-01-21T13:57:26","slug":"silkses-skin-moisturizing-protector","status":"publish","type":"product","link":"https:\/\/skinstudio.ee\/lv\/catalog\/sesderma-lv\/silkses-skin-moisturizing-protector\/","title":{"rendered":"SILKSES Skin Moisturizing Protector"},"content":{"rendered":"<p data-start=\"204\" data-end=\"507\"><strong data-start=\"204\" data-end=\"255\">SILKSES Skin Moisturizing Protector no Sesderma<\/strong> ir aizsarg\u0101jo\u0161s un atjaunojo\u0161s kr\u0113ms \u013coti sausas, boj\u0101tas un jut\u012bgas \u0101das intens\u012bvai kop\u0161anai. L\u012bdzeklis uz \u0101das virsmas veido pl\u0101nu aizsargk\u0101rtu, kas pal\u012bdz saglab\u0101t mitrumu, samazina savilkuma saj\u016btu un uztur \u0101du mier\u012bg\u0101k\u0101 un komfortabl\u0101k\u0101 st\u0101vokl\u012b.<\/p>\n<p data-start=\"509\" data-end=\"769\">Bag\u0101t\u012bg\u0101, bet komfortabl\u0101 tekst\u016bra labi kl\u0101jas uz \u0101das un paliek k\u0101 aizsarg\u0101jo\u0161a pl\u0113v\u012bte, pal\u012bdzot nov\u0113rst mitruma zudumu un papildu kairin\u0101jumu. Kr\u0113ms pal\u012bdz m\u012bkstin\u0101t raupj\u0101s vietas, atbalsta \u0101das atjauno\u0161anos un padara \u0101du notur\u012bg\u0101ku pret \u0101r\u0113jiem faktoriem.<\/p>\n<p data-start=\"771\" data-end=\"973\">SILKSES Skin Moisturizing Protector ir \u012bpa\u0161i piem\u0113rots lieto\u0161anai p\u0113c proced\u016br\u0101m, mikroboj\u0101jumu un kairin\u0101juma gad\u012bjumos, k\u0101 ar\u012b \u013coti saus\u0101m zon\u0101m, piem\u0113ram, elko\u0146iem, kutikul\u0101m un cit\u0101m jut\u012bg\u0101m viet\u0101m.<\/p>\n<p data-start=\"975\" data-end=\"1012\"><strong data-start=\"975\" data-end=\"1012\">K\u0101 darbojas galven\u0101s sast\u0101vda\u013cas:<\/strong><\/p>\n<p data-start=\"1014\" data-end=\"1313\"><strong data-start=\"1014\" data-end=\"1055\">Paraf\u012bns un mikrokrist\u0101liskais vasks:<\/strong> veido aizsargbarjeru, kas pal\u012bdz saglab\u0101t mitrumu un pasarg\u0101 \u0101du no \u0101r\u0113jiem kairin\u0101t\u0101jiem.<br data-start=\"1146\" data-end=\"1149\" \/><strong data-start=\"1149\" data-end=\"1163\">Aloe vera:<\/strong> pal\u012bdz nomierin\u0101t \u0101du, mazin\u0101t diskomfortu un atbalst\u012bt atjauno\u0161anos.<br data-start=\"1233\" data-end=\"1236\" \/><strong data-start=\"1236\" data-end=\"1258\">Mimozas ekstrakts:<\/strong> pal\u012bdz uztur\u0113t mier\u012bg\u0101ku un atjaunot\u0101ku \u0101das st\u0101vokli.<\/p>\n<p data-start=\"1315\" data-end=\"1469\">Kr\u0113ms ir piem\u0113rots visiem \u0101das tipiem, \u012bpa\u0161i \u013coti sausai, boj\u0101tai un kairin\u0101tai \u0101dai, kad nepiecie\u0161ama intens\u012bva aizsardz\u012bba, atjauno\u0161ana un m\u012bkstin\u0101\u0161ana.<\/p>\n<p data-start=\"1471\" data-end=\"1489\"><strong data-start=\"1471\" data-end=\"1489\">Tilpums: 30 ml<\/strong><\/p>\n","protected":false},"excerpt":{"rendered":"<p data-start=\"1588\" data-end=\"1621\">Aizsarg\u0101jo\u0161s un atjaunojo\u0161s kr\u0113ms<\/p>\n<h2 data-start=\"1623\" data-end=\"1682\"><strong data-start=\"1623\" data-end=\"1682\">\u012apa\u0161\u012bbas Sesderma &#8211; SILKSES Skin Moisturizing Protector<\/strong><\/h2>\n<p data-start=\"1684\" data-end=\"1936\">\u2714\ufe0f Veido aizsargbarjeru un pal\u012bdz saglab\u0101t mitrumu<br data-start=\"1734\" data-end=\"1737\" \/>\u2714\ufe0f M\u012bkstina \u013coti sausas un raupjas \u0101das zonas<br data-start=\"1782\" data-end=\"1785\" \/>\u2714\ufe0f Atbalsta \u0101das atjauno\u0161anos p\u0113c kairin\u0101juma un proced\u016br\u0101m<br data-start=\"1844\" data-end=\"1847\" \/>\u2714\ufe0f Mazina savilkuma un diskomforta saj\u016btu<br data-start=\"1888\" data-end=\"1891\" \/>\u2714\ufe0f Piem\u0113rots lok\u0101lai un intens\u012bvai kop\u0161anai<\/p>\n","protected":false},"featured_media":75029,"template":"","meta":[],"pwb-brand":[1262],"product_brand":[],"product_cat":[745,737,739],"product_tag":[],"giftcard-category":[],"class_list":{"0":"post-75037","1":"product","2":"type-product","3":"status-publish","4":"has-post-thumbnail","6":"pwb-brand-sesderma-lv","7":"product_cat-jutigai-adai","8":"product_cat-mitrinasana","9":"product_cat-sausai-adai","11":"first","12":"instock","13":"sale","14":"taxable","15":"shipping-taxable","16":"purchasable","17":"product-type-simple"},"acf":[],"brands":[{"id":1262,"name":"Sesderma","slug":"sesderma-lv"}],"_links":{"self":[{"href":"https:\/\/skinstudio.ee\/lv\/wp-json\/wp\/v2\/product\/75037","targetHints":{"allow":["GET"]}}],"collection":[{"href":"https:\/\/skinstudio.ee\/lv\/wp-json\/wp\/v2\/product"}],"about":[{"href":"https:\/\/skinstudio.ee\/lv\/wp-json\/wp\/v2\/types\/product"}],"version-history":[{"count":2,"href":"https:\/\/skinstudio.ee\/lv\/wp-json\/wp\/v2\/product\/75037\/revisions"}],"predecessor-version":[{"id":75039,"href":"https:\/\/skinstudio.ee\/lv\/wp-json\/wp\/v2\/product\/75037\/revisions\/75039"}],"wp:featuredmedia":[{"embeddable":true,"href":"https:\/\/skinstudio.ee\/lv\/wp-json\/wp\/v2\/media\/75029"}],"wp:attachment":[{"href":"https:\/\/skinstudio.ee\/lv\/wp-json\/wp\/v2\/media?parent=75037"}],"wp:term":[{"taxonomy":"pwb-brand","embeddable":true,"href":"https:\/\/skinstudio.ee\/lv\/wp-json\/wp\/v2\/pwb-brand?post=75037"},{"taxonomy":"product_brand","embeddable":true,"href":"https:\/\/skinstudio.ee\/lv\/wp-json\/wp\/v2\/product_brand?post=75037"},{"taxonomy":"product_cat","embeddable":true,"href":"https:\/\/skinstudio.ee\/lv\/wp-json\/wp\/v2\/product_cat?post=75037"},{"taxonomy":"product_tag","embeddable":true,"href":"https:\/\/skinstudio.ee\/lv\/wp-json\/wp\/v2\/product_tag?post=75037"},{"taxonomy":"giftcard-category","embeddable":true,"href":"https:\/\/skinstudio.ee\/lv\/wp-json\/wp\/v2\/giftcard-category?post=75037"}],"curies":[{"name":"wp","href":"https:\/\/api.w.org\/{rel}","templated":true}]}}