{"id":75053,"date":"2026-01-16T13:24:53","date_gmt":"2026-01-16T13:24:53","guid":{"rendered":"https:\/\/skinstudio.ee\/?post_type=product&#038;p=75053"},"modified":"2026-01-21T13:57:24","modified_gmt":"2026-01-21T13:57:24","slug":"repaskin-aerosol-transparent-spf50","status":"publish","type":"product","link":"https:\/\/skinstudio.ee\/lv\/catalog\/sesderma-lv\/repaskin-aerosol-transparent-spf50\/","title":{"rendered":"REPASKIN Aerosol Transparent SPF50"},"content":{"rendered":"<p data-start=\"202\" data-end=\"547\"><strong data-start=\"202\" data-end=\"252\">REPASKIN Aerosol Transparent SPF50 no Sesderma<\/strong> ir \u012bpa\u0161i viegls saules aizsargsprejs ar augstu SPF 50 aizsardz\u012bbas l\u012bmeni, kas paredz\u0113ts efekt\u012bvai \u0101das aizsardz\u012bbai pret UVA un UVB starojumu. L\u012bdzeklis kl\u0101jas uz \u0101das \u013coti pl\u0101n\u0101, neredzam\u0101 k\u0101rt\u0101, \u0101tri no\u017e\u016bst un neatst\u0101j p\u0113das, padarot saules aizsardz\u012bbu komfortablu ar\u012b akt\u012bvas atp\u016btas laik\u0101.<\/p>\n<p data-start=\"549\" data-end=\"780\">Formula ir izstr\u0101d\u0101ta ne tikai \u0101das aizsardz\u012bbai no saules, bet ar\u012b t\u0101s st\u0101vok\u013ca uztur\u0113\u0161anai lab\u0101 un kopt\u0101 l\u012bmen\u012b saules iedarb\u012bbas laik\u0101. Sprejs nav smags vai lip\u012bgs un ir piem\u0113rots aizsardz\u012bbas atjauno\u0161anai vair\u0101kas reizes dien\u0101.<\/p>\n<p data-start=\"782\" data-end=\"948\">REPASKIN Aerosol Transparent SPF50 ir \u012bpa\u0161i \u0113rts lieto\u0161anai pludmal\u0113, sportojot un akt\u012bvi atp\u016b\u0161oties, kad svar\u012bga ir \u0101tra uzkl\u0101\u0161ana, komforts un uzticama aizsardz\u012bba.<\/p>\n<p data-start=\"950\" data-end=\"987\"><strong data-start=\"950\" data-end=\"987\">K\u0101 darbojas galven\u0101s sast\u0101vda\u013cas:<\/strong><\/p>\n<p data-start=\"989\" data-end=\"1324\"><strong data-start=\"989\" data-end=\"1021\">Fotostabili \u0137\u012bmiskie filtri:<\/strong> nodro\u0161ina augsta l\u012bme\u0146a aizsardz\u012bbu pret UVA un UVB starojumu.<br data-start=\"1084\" data-end=\"1087\" \/><strong data-start=\"1087\" data-end=\"1133\">Antioksidantu kompleksi un augu ekstrakti:<\/strong> pal\u012bdz neitraliz\u0113t br\u012bvos radik\u0101\u013cus un atbalsta \u0101das stabilit\u0101ti saules iedarb\u012bbas laik\u0101.<br data-start=\"1223\" data-end=\"1226\" \/><strong data-start=\"1226\" data-end=\"1250\">Atjaunojo\u0161ie enz\u012bmi:<\/strong> pal\u012bdz atbalst\u012bt \u0101das dabiskos atjauno\u0161an\u0101s meh\u0101nismus p\u0113c saules stresa.<\/p>\n<p data-start=\"1326\" data-end=\"1450\">L\u012bdzeklis ir piem\u0113rots visiem \u0101das tipiem un to var lietot gan sejai, gan \u0137ermenim, \u012bpa\u0161i ilgsto\u0161as uztur\u0113\u0161an\u0101s saul\u0113 laik\u0101.<\/p>\n<p data-start=\"1452\" data-end=\"1471\"><strong data-start=\"1452\" data-end=\"1471\">Tilpums: 200 ml<\/strong><\/p>\n","protected":false},"excerpt":{"rendered":"<p data-start=\"1693\" data-end=\"1732\">Caursp\u012bd\u012bgs saules aizsargsprejs SPF 50<\/p>\n<h2 data-start=\"1734\" data-end=\"1792\"><strong data-start=\"1734\" data-end=\"1792\">\u012apa\u0161\u012bbas Sesderma &#8211; REPASKIN Aerosol Transparent SPF50<\/strong><\/h2>\n<p data-start=\"1794\" data-end=\"2046\">\u2714\ufe0f Nodro\u0161ina augstu SPF 50 aizsardz\u012bbu pret UVA un UVB starojumu<br data-start=\"1858\" data-end=\"1861\" \/>\u2714\ufe0f \u012apa\u0161i viegla, \u0101tri \u017e\u016bsto\u0161a tekst\u016bra ar neredzamu fini\u0161u<br data-start=\"1919\" data-end=\"1922\" \/>\u2714\ufe0f \u0112rts \u0101trai un vienm\u0113r\u012bgai uzkl\u0101\u0161anai<br data-start=\"1961\" data-end=\"1964\" \/>\u2714\ufe0f Ide\u0101li piem\u0113rots sportam un akt\u012bvai atp\u016btai<br data-start=\"2010\" data-end=\"2013\" \/>\u2714\ufe0f Piem\u0113rots visiem \u0101das tipiem<\/p>\n","protected":false},"featured_media":75046,"template":"","meta":[],"pwb-brand":[1262],"product_brand":[],"product_cat":[731],"product_tag":[],"giftcard-category":[],"class_list":{"0":"post-75053","1":"product","2":"type-product","3":"status-publish","4":"has-post-thumbnail","6":"pwb-brand-sesderma-lv","7":"product_cat-spf-aizsardziba","9":"first","10":"instock","11":"sale","12":"taxable","13":"shipping-taxable","14":"purchasable","15":"product-type-simple"},"acf":[],"brands":[{"id":1262,"name":"Sesderma","slug":"sesderma-lv"}],"_links":{"self":[{"href":"https:\/\/skinstudio.ee\/lv\/wp-json\/wp\/v2\/product\/75053","targetHints":{"allow":["GET"]}}],"collection":[{"href":"https:\/\/skinstudio.ee\/lv\/wp-json\/wp\/v2\/product"}],"about":[{"href":"https:\/\/skinstudio.ee\/lv\/wp-json\/wp\/v2\/types\/product"}],"version-history":[{"count":1,"href":"https:\/\/skinstudio.ee\/lv\/wp-json\/wp\/v2\/product\/75053\/revisions"}],"predecessor-version":[{"id":75054,"href":"https:\/\/skinstudio.ee\/lv\/wp-json\/wp\/v2\/product\/75053\/revisions\/75054"}],"wp:featuredmedia":[{"embeddable":true,"href":"https:\/\/skinstudio.ee\/lv\/wp-json\/wp\/v2\/media\/75046"}],"wp:attachment":[{"href":"https:\/\/skinstudio.ee\/lv\/wp-json\/wp\/v2\/media?parent=75053"}],"wp:term":[{"taxonomy":"pwb-brand","embeddable":true,"href":"https:\/\/skinstudio.ee\/lv\/wp-json\/wp\/v2\/pwb-brand?post=75053"},{"taxonomy":"product_brand","embeddable":true,"href":"https:\/\/skinstudio.ee\/lv\/wp-json\/wp\/v2\/product_brand?post=75053"},{"taxonomy":"product_cat","embeddable":true,"href":"https:\/\/skinstudio.ee\/lv\/wp-json\/wp\/v2\/product_cat?post=75053"},{"taxonomy":"product_tag","embeddable":true,"href":"https:\/\/skinstudio.ee\/lv\/wp-json\/wp\/v2\/product_tag?post=75053"},{"taxonomy":"giftcard-category","embeddable":true,"href":"https:\/\/skinstudio.ee\/lv\/wp-json\/wp\/v2\/giftcard-category?post=75053"}],"curies":[{"name":"wp","href":"https:\/\/api.w.org\/{rel}","templated":true}]}}