{"id":75069,"date":"2026-01-16T13:38:10","date_gmt":"2026-01-16T13:38:10","guid":{"rendered":"https:\/\/skinstudio.ee\/?post_type=product&#038;p=75069"},"modified":"2026-01-21T13:57:24","modified_gmt":"2026-01-21T13:57:24","slug":"repaskin-dry-touch-spf50","status":"publish","type":"product","link":"https:\/\/skinstudio.ee\/lv\/catalog\/sesderma-lv\/repaskin-dry-touch-spf50\/","title":{"rendered":"REPASKIN Dry Touch SPF50+"},"content":{"rendered":"<p data-start=\"170\" data-end=\"411\"><strong data-start=\"170\" data-end=\"211\">REPASKIN Dry Touch SPF50+ no Sesderma<\/strong> ir viegls, mat\u0113jo\u0161s saules aizsargkr\u0113ms, kas rad\u012bts \u012bpa\u0161i taukainai un kombin\u0113tai \u0101dai. Formula \u0101tri ies\u016bcas, neatst\u0101j baltas p\u0113das un pal\u012bdz saglab\u0101t \u0101du mat\u0113tu un koptu pat intens\u012bvas saules laik\u0101.<\/p>\n<p data-start=\"413\" data-end=\"652\">Sast\u0101vs ir izstr\u0101d\u0101ts ne tikai uzticamai aizsardz\u012bbai pret sauli, bet ar\u012b, lai uztur\u0113tu \u0101das gludu un sakoptu izskatu. Kr\u0113ms uz \u0101das j\u016btas komfortabli, neapgr\u016btina to un ir piem\u0113rots ikdienas lieto\u0161anai gan pils\u0113t\u0101, gan atva\u013cin\u0101juma laik\u0101.<\/p>\n<p data-start=\"654\" data-end=\"793\">REPASKIN Dry Touch SPF50+ ir \u012bpa\u0161i piem\u0113rots tiem, kas mekl\u0113 saules aizsargkr\u0113mu ar vieglu tekst\u016bru, mat\u0113tu fini\u0161u un bez taukaina sp\u012bduma.<\/p>\n<p data-start=\"795\" data-end=\"832\"><strong data-start=\"795\" data-end=\"832\">K\u0101 darbojas galven\u0101s sast\u0101vda\u013cas:<\/strong><\/p>\n<p data-start=\"834\" data-end=\"1199\"><strong data-start=\"834\" data-end=\"882\">Jaun\u0101s paaudzes fiziskie un \u0137\u012bmiskie filtri:<\/strong> nodro\u0161ina augsta l\u012bme\u0146a aizsardz\u012bbu pret UVA, UVB, IR starojumu un zilo gaismu.<br data-start=\"962\" data-end=\"965\" \/><strong data-start=\"965\" data-end=\"1011\">Antioksidantu kompleksi un augu ekstrakti:<\/strong> pal\u012bdz neitraliz\u0113t br\u012bvos radik\u0101\u013cus un atbalsta \u0101du saules izrais\u012bta stresa laik\u0101.<br data-start=\"1094\" data-end=\"1097\" \/><strong data-start=\"1097\" data-end=\"1121\">Atjaunojo\u0161ie enz\u012bmi:<\/strong> pal\u012bdz atbalst\u012bt \u0101das dabiskos atjauno\u0161an\u0101s meh\u0101nismus p\u0113c saules iedarb\u012bbas.<\/p>\n<p data-start=\"1201\" data-end=\"1374\">L\u012bdzeklis ir piem\u0113rots taukainai un kombin\u0113tai \u0101dai, ar\u012b ikdienas lieto\u0161anai, kad svar\u012bgs ir mat\u0113ts fini\u0161s, komforts un augsta aizsardz\u012bba. Nekairina acis un nav komedog\u0113ns.<\/p>\n<p data-start=\"1376\" data-end=\"1394\"><strong data-start=\"1376\" data-end=\"1394\">Tilpums: 50 ml<\/strong><\/p>\n","protected":false},"excerpt":{"rendered":"<p data-start=\"1608\" data-end=\"1644\">Mat\u0113jo\u0161s saules aizsargkr\u0113ms SPF 50+<\/p>\n<h2 data-start=\"1646\" data-end=\"1695\"><strong data-start=\"1646\" data-end=\"1695\">\u012apa\u0161\u012bbas Sesderma &#8211; REPASKIN Dry Touch SPF50+<\/strong><\/h2>\n<p data-start=\"1697\" data-end=\"1935\">\u2714\ufe0f Nodro\u0161ina augstu SPF 50+ aizsardz\u012bbu pret UVA un UVB starojumu<br data-start=\"1762\" data-end=\"1765\" \/>\u2714\ufe0f Atst\u0101j mat\u0113tu fini\u0161u bez balt\u0101m p\u0113d\u0101m un sp\u012bduma<br data-start=\"1816\" data-end=\"1819\" \/>\u2714\ufe0f Viegls, \u0101tri ies\u016bco\u0161s tekst\u016bra<br data-start=\"1852\" data-end=\"1855\" \/>\u2714\ufe0f Piem\u0113rots taukainai un kombin\u0113tai \u0101dai<br data-start=\"1896\" data-end=\"1899\" \/>\u2714\ufe0f Komfortabls ikdienas lieto\u0161anai<\/p>\n","protected":false},"featured_media":75061,"template":"","meta":[],"pwb-brand":[1262],"product_brand":[],"product_cat":[731],"product_tag":[],"giftcard-category":[],"class_list":{"0":"post-75069","1":"product","2":"type-product","3":"status-publish","4":"has-post-thumbnail","6":"pwb-brand-sesderma-lv","7":"product_cat-spf-aizsardziba","9":"first","10":"instock","11":"sale","12":"taxable","13":"shipping-taxable","14":"purchasable","15":"product-type-simple"},"acf":[],"brands":[{"id":1262,"name":"Sesderma","slug":"sesderma-lv"}],"_links":{"self":[{"href":"https:\/\/skinstudio.ee\/lv\/wp-json\/wp\/v2\/product\/75069","targetHints":{"allow":["GET"]}}],"collection":[{"href":"https:\/\/skinstudio.ee\/lv\/wp-json\/wp\/v2\/product"}],"about":[{"href":"https:\/\/skinstudio.ee\/lv\/wp-json\/wp\/v2\/types\/product"}],"version-history":[{"count":1,"href":"https:\/\/skinstudio.ee\/lv\/wp-json\/wp\/v2\/product\/75069\/revisions"}],"predecessor-version":[{"id":75070,"href":"https:\/\/skinstudio.ee\/lv\/wp-json\/wp\/v2\/product\/75069\/revisions\/75070"}],"wp:featuredmedia":[{"embeddable":true,"href":"https:\/\/skinstudio.ee\/lv\/wp-json\/wp\/v2\/media\/75061"}],"wp:attachment":[{"href":"https:\/\/skinstudio.ee\/lv\/wp-json\/wp\/v2\/media?parent=75069"}],"wp:term":[{"taxonomy":"pwb-brand","embeddable":true,"href":"https:\/\/skinstudio.ee\/lv\/wp-json\/wp\/v2\/pwb-brand?post=75069"},{"taxonomy":"product_brand","embeddable":true,"href":"https:\/\/skinstudio.ee\/lv\/wp-json\/wp\/v2\/product_brand?post=75069"},{"taxonomy":"product_cat","embeddable":true,"href":"https:\/\/skinstudio.ee\/lv\/wp-json\/wp\/v2\/product_cat?post=75069"},{"taxonomy":"product_tag","embeddable":true,"href":"https:\/\/skinstudio.ee\/lv\/wp-json\/wp\/v2\/product_tag?post=75069"},{"taxonomy":"giftcard-category","embeddable":true,"href":"https:\/\/skinstudio.ee\/lv\/wp-json\/wp\/v2\/giftcard-category?post=75069"}],"curies":[{"name":"wp","href":"https:\/\/api.w.org\/{rel}","templated":true}]}}