{"id":75085,"date":"2026-01-16T13:46:59","date_gmt":"2026-01-16T13:46:59","guid":{"rendered":"https:\/\/skinstudio.ee\/?post_type=product&#038;p=75085"},"modified":"2026-01-21T13:57:24","modified_gmt":"2026-01-21T13:57:24","slug":"repaskin-invisible-fluid-spf50","status":"publish","type":"product","link":"https:\/\/skinstudio.ee\/lv\/catalog\/sesderma-lv\/repaskin-invisible-fluid-spf50\/","title":{"rendered":"REPASKIN Invisible Fluid SPF50+"},"content":{"rendered":"<p data-start=\"196\" data-end=\"486\"><strong data-start=\"196\" data-end=\"243\">REPASKIN Invisible Fluid SPF50+ no Sesderma<\/strong> ir \u012bpa\u0161i viegla saules aizsargemulsija ar augstu aizsardz\u012bbas l\u012bmeni, kas paredz\u0113ta komfortablai ikdienas fotoprotekcijai. L\u012bdzeklis \u0101tri ies\u016bcas, neatst\u0101j baltas p\u0113das vai taukainu sp\u012bdumu un pie\u0161\u0137ir \u0101dai sakoptu, patiesi \u201cneredzamu\u201d fini\u0161u.<\/p>\n<p data-start=\"488\" data-end=\"779\">Formula ir izstr\u0101d\u0101ta ne tikai \u0101das aizsardz\u012bbai pret UVA un UVB starojumu, bet ar\u012b, lai pal\u012bdz\u0113tu saglab\u0101t glud\u0101ku un kopt\u0101ku \u0101das izskatu saules iedarb\u012bbas laik\u0101. Flu\u012bds uz \u0101das j\u016btas komfortabli, neapgr\u016btina to un ir piem\u0113rots regul\u0101rai lieto\u0161anai gan pils\u0113t\u0101, gan akt\u012bvas saules period\u0101.<\/p>\n<p data-start=\"781\" data-end=\"938\">REPASKIN Invisible Fluid SPF50+ ir \u012bpa\u0161i piem\u0113rots tiem, kas mekl\u0113 maksim\u0101li vieglu saules aizsargl\u012bdzekli ar neredzamu fini\u0161u un augstu aizsardz\u012bbas l\u012bmeni.<\/p>\n<p data-start=\"940\" data-end=\"977\"><strong data-start=\"940\" data-end=\"977\">K\u0101 darbojas galven\u0101s sast\u0101vda\u013cas:<\/strong><\/p>\n<p data-start=\"979\" data-end=\"1327\"><strong data-start=\"979\" data-end=\"1027\">Jaun\u0101s paaudzes fiziskie un \u0137\u012bmiskie filtri:<\/strong> nodro\u0161ina augsta l\u012bme\u0146a aizsardz\u012bbu pret UVA un UVB starojumu.<br data-start=\"1090\" data-end=\"1093\" \/><strong data-start=\"1093\" data-end=\"1139\">Antioksidantu kompleksi un augu ekstrakti:<\/strong> pal\u012bdz neitraliz\u0113t br\u012bvos radik\u0101\u013cus un atbalsta \u0101du saules izrais\u012bta stresa laik\u0101.<br data-start=\"1222\" data-end=\"1225\" \/><strong data-start=\"1225\" data-end=\"1249\">Atjaunojo\u0161ie enz\u012bmi:<\/strong> pal\u012bdz atbalst\u012bt \u0101das dabiskos atjauno\u0161an\u0101s meh\u0101nismus p\u0113c saules iedarb\u012bbas.<\/p>\n<p data-start=\"1329\" data-end=\"1461\">L\u012bdzeklis ir piem\u0113rots visiem \u0101das tipiem, ar\u012b jut\u012bgai \u0101dai. Nekairina acis, neaizsprosto poras un ir piem\u0113rots ikdienas lieto\u0161anai.<\/p>\n<p data-start=\"1463\" data-end=\"1481\"><strong data-start=\"1463\" data-end=\"1481\">Tilpums: 50 ml<\/strong><\/p>\n","protected":false},"excerpt":{"rendered":"<p data-start=\"1698\" data-end=\"1739\">\u012apa\u0161i viegls saules aizsargflu\u012bds SPF 50+<\/p>\n<h2 data-start=\"1741\" data-end=\"1796\"><strong data-start=\"1741\" data-end=\"1796\">\u012apa\u0161\u012bbas Sesderma &#8211; REPASKIN Invisible Fluid SPF50+<\/strong><\/h2>\n<p data-start=\"1798\" data-end=\"2018\">\u2714\ufe0f Veido uz \u0101das neredzamu aizsargpl\u0113vi<br data-start=\"1837\" data-end=\"1840\" \/>\u2714\ufe0f Pal\u012bdz izl\u012bdzin\u0101t \u0101das izskatu bez smaguma saj\u016btas<br data-start=\"1893\" data-end=\"1896\" \/>\u2714\ufe0f Komfortabls lieto\u0161anai zem grima un ikdien\u0101<br data-start=\"1942\" data-end=\"1945\" \/>\u2714\ufe0f Nav j\u016btams uz \u0101das un to neapgr\u016btina<br data-start=\"1984\" data-end=\"1987\" \/>\u2714\ufe0f Piem\u0113rots ar\u012b jut\u012bgai \u0101dai<\/p>\n","protected":false},"featured_media":75077,"template":"","meta":[],"pwb-brand":[1262],"product_brand":[],"product_cat":[731],"product_tag":[],"giftcard-category":[],"class_list":{"0":"post-75085","1":"product","2":"type-product","3":"status-publish","4":"has-post-thumbnail","6":"pwb-brand-sesderma-lv","7":"product_cat-spf-aizsardziba","9":"first","10":"instock","11":"sale","12":"taxable","13":"shipping-taxable","14":"purchasable","15":"product-type-simple"},"acf":[],"brands":[{"id":1262,"name":"Sesderma","slug":"sesderma-lv"}],"_links":{"self":[{"href":"https:\/\/skinstudio.ee\/lv\/wp-json\/wp\/v2\/product\/75085","targetHints":{"allow":["GET"]}}],"collection":[{"href":"https:\/\/skinstudio.ee\/lv\/wp-json\/wp\/v2\/product"}],"about":[{"href":"https:\/\/skinstudio.ee\/lv\/wp-json\/wp\/v2\/types\/product"}],"version-history":[{"count":1,"href":"https:\/\/skinstudio.ee\/lv\/wp-json\/wp\/v2\/product\/75085\/revisions"}],"predecessor-version":[{"id":75086,"href":"https:\/\/skinstudio.ee\/lv\/wp-json\/wp\/v2\/product\/75085\/revisions\/75086"}],"wp:featuredmedia":[{"embeddable":true,"href":"https:\/\/skinstudio.ee\/lv\/wp-json\/wp\/v2\/media\/75077"}],"wp:attachment":[{"href":"https:\/\/skinstudio.ee\/lv\/wp-json\/wp\/v2\/media?parent=75085"}],"wp:term":[{"taxonomy":"pwb-brand","embeddable":true,"href":"https:\/\/skinstudio.ee\/lv\/wp-json\/wp\/v2\/pwb-brand?post=75085"},{"taxonomy":"product_brand","embeddable":true,"href":"https:\/\/skinstudio.ee\/lv\/wp-json\/wp\/v2\/product_brand?post=75085"},{"taxonomy":"product_cat","embeddable":true,"href":"https:\/\/skinstudio.ee\/lv\/wp-json\/wp\/v2\/product_cat?post=75085"},{"taxonomy":"product_tag","embeddable":true,"href":"https:\/\/skinstudio.ee\/lv\/wp-json\/wp\/v2\/product_tag?post=75085"},{"taxonomy":"giftcard-category","embeddable":true,"href":"https:\/\/skinstudio.ee\/lv\/wp-json\/wp\/v2\/giftcard-category?post=75085"}],"curies":[{"name":"wp","href":"https:\/\/api.w.org\/{rel}","templated":true}]}}