{"id":75117,"date":"2026-01-16T13:58:18","date_gmt":"2026-01-16T13:58:18","guid":{"rendered":"https:\/\/skinstudio.ee\/?post_type=product&#038;p=75117"},"modified":"2026-01-21T13:57:24","modified_gmt":"2026-01-21T13:57:24","slug":"repaskin-silk-touch-color-spf50","status":"publish","type":"product","link":"https:\/\/skinstudio.ee\/lv\/catalog\/sesderma-lv\/repaskin-silk-touch-color-spf50\/","title":{"rendered":"REPASKIN Silk Touch Color SPF50"},"content":{"rendered":"<p data-start=\"182\" data-end=\"506\"><strong data-start=\"182\" data-end=\"229\">REPASKIN Silk Touch Color SPF50 no Sesderma<\/strong> ir ton\u0113jo\u0161s saules aizsarggels ar augstu aizsardz\u012bbas l\u012bmeni, kas apvieno fotoprotekciju, \u0101das kop\u0161anu un vieglu to\u0146a izl\u012bdzin\u0101\u0161anas efektu. L\u012bdzeklim ir z\u012bdaina, samtain\u0101 tekst\u016bra, tas viegli kl\u0101jas uz \u0101das un rada sakoptu, vizu\u0101li gludu fini\u0161u ar \u201cpraimera efekta\u201d iespaidu.<\/p>\n<p data-start=\"508\" data-end=\"769\">Formula ir izstr\u0101d\u0101ta ne tikai \u0101das aizsardz\u012bbai pret UVA un UVB starojumu, bet ar\u012b, lai pal\u012bdz\u0113tu saglab\u0101t koptu \u0101das izskatu visas dienas garum\u0101. Gels uz \u0101das j\u016btas viegls, neizce\u013c \u0101das tekst\u016bru un ir piem\u0113rots lieto\u0161anai gan atsevi\u0161\u0137i, gan k\u0101 b\u0101ze zem grima.<\/p>\n<p data-start=\"771\" data-end=\"953\">REPASKIN Silk Touch Color SPF50 ir \u012bpa\u0161i piem\u0113rots tiem, kas mekl\u0113 saules aizsargl\u012bdzekli ar vieglu ton\u0113jo\u0161u efektu, \u0101tru ies\u016bk\u0161anos un komfortablu, svaru neuzsvero\u0161u saj\u016btu uz \u0101das.<\/p>\n<p data-start=\"955\" data-end=\"992\"><strong data-start=\"955\" data-end=\"992\">K\u0101 darbojas galven\u0101s sast\u0101vda\u013cas:<\/strong><\/p>\n<p data-start=\"994\" data-end=\"1326\"><strong data-start=\"994\" data-end=\"1026\">Fiziskie un \u0137\u012bmiskie filtri:<\/strong> nodro\u0161ina augsta l\u012bme\u0146a aizsardz\u012bbu pret UVA un UVB starojumu.<br data-start=\"1089\" data-end=\"1092\" \/><strong data-start=\"1092\" data-end=\"1138\">Antioksidantu kompleksi un augu ekstrakti:<\/strong> pal\u012bdz neitraliz\u0113t br\u012bvos radik\u0101\u013cus un atbalsta \u0101du saules izrais\u012bta stresa laik\u0101.<br data-start=\"1221\" data-end=\"1224\" \/><strong data-start=\"1224\" data-end=\"1248\">Atjaunojo\u0161ie enz\u012bmi:<\/strong> pal\u012bdz atbalst\u012bt \u0101das dabiskos atjauno\u0161an\u0101s meh\u0101nismus p\u0113c saules iedarb\u012bbas.<\/p>\n<p data-start=\"1328\" data-end=\"1529\">L\u012bdzeklis ir piem\u0113rots visiem \u0101das tipiem. \u016adensiztur\u012bg\u0101 formula padara to \u0113rti lietojamu visas dienas garum\u0101, bet nekomedog\u0113n\u0101s \u012bpa\u0161\u012bbas un komfortabl\u0101 tekst\u016bra \u013cauj to lietot ikdien\u0101. Nekairina acis.<\/p>\n<p data-start=\"1531\" data-end=\"1549\"><strong data-start=\"1531\" data-end=\"1549\">Tilpums: 50 ml<\/strong><\/p>\n","protected":false},"excerpt":{"rendered":"<p data-start=\"1761\" data-end=\"1795\">Ton\u0113jo\u0161s saules aizsarggels SPF 50<\/p>\n<h2 data-start=\"1797\" data-end=\"1852\"><strong data-start=\"1797\" data-end=\"1852\">\u012apa\u0161\u012bbas Sesderma &#8211; REPASKIN Silk Touch Color SPF50<\/strong><\/h2>\n<p data-start=\"1854\" data-end=\"2065\">\u2714\ufe0f Izl\u012bdzina \u0101das izskatu un pie\u0161\u0137ir vieglu toni<br data-start=\"1902\" data-end=\"1905\" \/>\u2714\ufe0f Rada gludu \u201cpraimera\u201d l\u012bdz\u012bgu fini\u0161u<br data-start=\"1944\" data-end=\"1947\" \/>\u2714\ufe0f Komfortabls lieto\u0161anai zem grima vai atsevi\u0161\u0137i<br data-start=\"1996\" data-end=\"1999\" \/>\u2714\ufe0f Z\u012bdaina un viegla tekst\u016bra<br data-start=\"2028\" data-end=\"2031\" \/>\u2714\ufe0f Piem\u0113rots ikdienas lieto\u0161anai<\/p>\n","protected":false},"featured_media":75109,"template":"","meta":[],"pwb-brand":[1262],"product_brand":[],"product_cat":[731],"product_tag":[],"giftcard-category":[],"class_list":{"0":"post-75117","1":"product","2":"type-product","3":"status-publish","4":"has-post-thumbnail","6":"pwb-brand-sesderma-lv","7":"product_cat-spf-aizsardziba","9":"first","10":"instock","11":"sale","12":"taxable","13":"shipping-taxable","14":"purchasable","15":"product-type-simple"},"acf":[],"brands":[{"id":1262,"name":"Sesderma","slug":"sesderma-lv"}],"_links":{"self":[{"href":"https:\/\/skinstudio.ee\/lv\/wp-json\/wp\/v2\/product\/75117","targetHints":{"allow":["GET"]}}],"collection":[{"href":"https:\/\/skinstudio.ee\/lv\/wp-json\/wp\/v2\/product"}],"about":[{"href":"https:\/\/skinstudio.ee\/lv\/wp-json\/wp\/v2\/types\/product"}],"version-history":[{"count":1,"href":"https:\/\/skinstudio.ee\/lv\/wp-json\/wp\/v2\/product\/75117\/revisions"}],"predecessor-version":[{"id":75118,"href":"https:\/\/skinstudio.ee\/lv\/wp-json\/wp\/v2\/product\/75117\/revisions\/75118"}],"wp:featuredmedia":[{"embeddable":true,"href":"https:\/\/skinstudio.ee\/lv\/wp-json\/wp\/v2\/media\/75109"}],"wp:attachment":[{"href":"https:\/\/skinstudio.ee\/lv\/wp-json\/wp\/v2\/media?parent=75117"}],"wp:term":[{"taxonomy":"pwb-brand","embeddable":true,"href":"https:\/\/skinstudio.ee\/lv\/wp-json\/wp\/v2\/pwb-brand?post=75117"},{"taxonomy":"product_brand","embeddable":true,"href":"https:\/\/skinstudio.ee\/lv\/wp-json\/wp\/v2\/product_brand?post=75117"},{"taxonomy":"product_cat","embeddable":true,"href":"https:\/\/skinstudio.ee\/lv\/wp-json\/wp\/v2\/product_cat?post=75117"},{"taxonomy":"product_tag","embeddable":true,"href":"https:\/\/skinstudio.ee\/lv\/wp-json\/wp\/v2\/product_tag?post=75117"},{"taxonomy":"giftcard-category","embeddable":true,"href":"https:\/\/skinstudio.ee\/lv\/wp-json\/wp\/v2\/giftcard-category?post=75117"}],"curies":[{"name":"wp","href":"https:\/\/api.w.org\/{rel}","templated":true}]}}