{"id":75132,"date":"2026-01-16T14:07:52","date_gmt":"2026-01-16T14:07:52","guid":{"rendered":"https:\/\/skinstudio.ee\/?post_type=product&#038;p=75132"},"modified":"2026-01-21T13:57:24","modified_gmt":"2026-01-21T13:57:24","slug":"repaskin-silk-touch-spf50","status":"publish","type":"product","link":"https:\/\/skinstudio.ee\/lv\/catalog\/sesderma-lv\/repaskin-silk-touch-spf50\/","title":{"rendered":"REPASKIN Silk Touch SPF50"},"content":{"rendered":"<p data-start=\"134\" data-end=\"446\"><strong data-start=\"134\" data-end=\"175\">REPASKIN Silk Touch SPF50 no Sesderma<\/strong> ir augstas aizsardz\u012bbas saules aizsarggels, kas rad\u012bts tiem, kuri nov\u0113rt\u0113 \u012bpa\u0161i vieglu, komfortablu tekst\u016bru un koptu, gl\u012btu fini\u0161u uz \u0101das. L\u012bdzeklim ir z\u012bdaina, samtain\u0101 tekst\u016bra, tas viegli kl\u0101jas uz \u0101das un atst\u0101j caursp\u012bd\u012bgu, vizu\u0101li gludu \u201cpraimera efekta\u201d fini\u0161u.<\/p>\n<p data-start=\"448\" data-end=\"675\">Formula ir izstr\u0101d\u0101ta, lai efekt\u012bvi aizsarg\u0101tu \u0101du no saules starojuma un vienlaikus pal\u012bdz\u0113tu saglab\u0101t koptu izskatu. Gels neapgr\u016btina \u0101du, neizce\u013c \u0101das tekst\u016bru un ir piem\u0113rots lieto\u0161anai gan atsevi\u0161\u0137i, gan k\u0101 b\u0101ze zem grima.<\/p>\n<p data-start=\"677\" data-end=\"852\">REPASKIN Silk Touch SPF50 ir \u012bpa\u0161i piem\u0113rots tiem, kas mekl\u0113 saules aizsargl\u012bdzekli ar \u0101tru ies\u016bk\u0161anos, komfortablu saj\u016btu uz \u0101das un neredzamu fini\u0161u bez sp\u012bduma un lip\u012bguma.<\/p>\n<p data-start=\"854\" data-end=\"891\"><strong data-start=\"854\" data-end=\"891\">K\u0101 darbojas galven\u0101s sast\u0101vda\u013cas:<\/strong><\/p>\n<p data-start=\"893\" data-end=\"1225\"><strong data-start=\"893\" data-end=\"925\">Fiziskie un \u0137\u012bmiskie filtri:<\/strong> nodro\u0161ina augsta l\u012bme\u0146a aizsardz\u012bbu pret UVA un UVB starojumu.<br data-start=\"988\" data-end=\"991\" \/><strong data-start=\"991\" data-end=\"1037\">Antioksidantu kompleksi un augu ekstrakti:<\/strong> pal\u012bdz neitraliz\u0113t br\u012bvos radik\u0101\u013cus un atbalsta \u0101du saules izrais\u012bta stresa laik\u0101.<br data-start=\"1120\" data-end=\"1123\" \/><strong data-start=\"1123\" data-end=\"1147\">Atjaunojo\u0161ie enz\u012bmi:<\/strong> pal\u012bdz atbalst\u012bt \u0101das dabiskos atjauno\u0161an\u0101s meh\u0101nismus p\u0113c saules iedarb\u012bbas.<\/p>\n<p data-start=\"1227\" data-end=\"1376\">L\u012bdzeklis ir piem\u0113rots visiem \u0101das tipiem. \u016adensiztur\u012bg\u0101 formula padara to \u0113rtu lieto\u0161anai visas dienas garum\u0101. Nekairina acis un neaizsprosto poras.<\/p>\n<p data-start=\"1378\" data-end=\"1396\"><strong data-start=\"1378\" data-end=\"1396\">Tilpums: 50 ml<\/strong><\/p>\n","protected":false},"excerpt":{"rendered":"<p data-start=\"1599\" data-end=\"1642\">Saules aizsarggels ar z\u012bdainu fini\u0161u SPF 50<\/p>\n<h2 data-start=\"1644\" data-end=\"1693\"><strong data-start=\"1644\" data-end=\"1693\">\u012apa\u0161\u012bbas Sesderma &#8211; REPASKIN Silk Touch SPF50<\/strong><\/h2>\n<p data-start=\"1695\" data-end=\"1913\">\u2714\ufe0f Veido uz \u0101das gludu \u201cpraimera\u201d l\u012bdz\u012bgu fini\u0161u<br data-start=\"1743\" data-end=\"1746\" \/>\u2714\ufe0f \u012apa\u0161i viegla, z\u012bdaina tekst\u016bra<br data-start=\"1779\" data-end=\"1782\" \/>\u2714\ufe0f Komfortabls lieto\u0161anai zem grima vai atsevi\u0161\u0137i<br data-start=\"1831\" data-end=\"1834\" \/>\u2714\ufe0f Neapgr\u016btina \u0101du un neizce\u013c t\u0101s tekst\u016bru<br data-start=\"1876\" data-end=\"1879\" \/>\u2714\ufe0f Piem\u0113rots ikdienas lieto\u0161anai<\/p>\n","protected":false},"featured_media":75125,"template":"","meta":[],"pwb-brand":[1262],"product_brand":[],"product_cat":[731],"product_tag":[],"giftcard-category":[],"class_list":{"0":"post-75132","1":"product","2":"type-product","3":"status-publish","4":"has-post-thumbnail","6":"pwb-brand-sesderma-lv","7":"product_cat-spf-aizsardziba","9":"first","10":"instock","11":"sale","12":"taxable","13":"shipping-taxable","14":"purchasable","15":"product-type-simple"},"acf":[],"brands":[{"id":1262,"name":"Sesderma","slug":"sesderma-lv"}],"_links":{"self":[{"href":"https:\/\/skinstudio.ee\/lv\/wp-json\/wp\/v2\/product\/75132","targetHints":{"allow":["GET"]}}],"collection":[{"href":"https:\/\/skinstudio.ee\/lv\/wp-json\/wp\/v2\/product"}],"about":[{"href":"https:\/\/skinstudio.ee\/lv\/wp-json\/wp\/v2\/types\/product"}],"version-history":[{"count":2,"href":"https:\/\/skinstudio.ee\/lv\/wp-json\/wp\/v2\/product\/75132\/revisions"}],"predecessor-version":[{"id":75134,"href":"https:\/\/skinstudio.ee\/lv\/wp-json\/wp\/v2\/product\/75132\/revisions\/75134"}],"wp:featuredmedia":[{"embeddable":true,"href":"https:\/\/skinstudio.ee\/lv\/wp-json\/wp\/v2\/media\/75125"}],"wp:attachment":[{"href":"https:\/\/skinstudio.ee\/lv\/wp-json\/wp\/v2\/media?parent=75132"}],"wp:term":[{"taxonomy":"pwb-brand","embeddable":true,"href":"https:\/\/skinstudio.ee\/lv\/wp-json\/wp\/v2\/pwb-brand?post=75132"},{"taxonomy":"product_brand","embeddable":true,"href":"https:\/\/skinstudio.ee\/lv\/wp-json\/wp\/v2\/product_brand?post=75132"},{"taxonomy":"product_cat","embeddable":true,"href":"https:\/\/skinstudio.ee\/lv\/wp-json\/wp\/v2\/product_cat?post=75132"},{"taxonomy":"product_tag","embeddable":true,"href":"https:\/\/skinstudio.ee\/lv\/wp-json\/wp\/v2\/product_tag?post=75132"},{"taxonomy":"giftcard-category","embeddable":true,"href":"https:\/\/skinstudio.ee\/lv\/wp-json\/wp\/v2\/giftcard-category?post=75132"}],"curies":[{"name":"wp","href":"https:\/\/api.w.org\/{rel}","templated":true}]}}