{"id":75148,"date":"2026-01-16T14:34:34","date_gmt":"2026-01-16T14:34:34","guid":{"rendered":"https:\/\/skinstudio.ee\/?post_type=product&#038;p=75148"},"modified":"2026-01-21T13:57:24","modified_gmt":"2026-01-21T13:57:24","slug":"repaskin-urban365-anti-aging-spf50","status":"publish","type":"product","link":"https:\/\/skinstudio.ee\/lv\/catalog\/sesderma-lv\/repaskin-urban365-anti-aging-spf50\/","title":{"rendered":"REPASKIN Urban365 Anti-Aging SPF50"},"content":{"rendered":"<p data-start=\"152\" data-end=\"458\"><strong data-start=\"152\" data-end=\"202\">REPASKIN Urban365 Anti-Aging SPF50 no Sesderma<\/strong> ir ikdienas saules aizsargkr\u0113ms lieto\u0161anai pils\u0113tvid\u0113, kas apvieno augstu fotoprotekcijas l\u012bmeni ar pretnoveco\u0161an\u0101s kop\u0161anu. Formula ir izstr\u0101d\u0101ta, lai aizsarg\u0101tu \u0101du ne tikai no saules starojuma, bet ar\u012b no vides faktoriem, kas pa\u0101trina \u0101das noveco\u0161anos.<\/p>\n<p data-start=\"460\" data-end=\"684\">Kr\u0113mam ir viegla un komfortabla tekst\u016bra, tas viegli kl\u0101jas un neapgr\u016btina \u0101du. Tas pal\u012bdz saglab\u0101t glud\u0101ku, svaig\u0101ku un kopt\u0101ku \u0101das izskatu, vienlaikus atbalstot \u0101du past\u0101v\u012bg\u0101 saules, pies\u0101r\u0146ojuma un zil\u0101s gaismas ietekm\u0113.<\/p>\n<p data-start=\"686\" data-end=\"880\">REPASKIN Urban365 Anti-Aging SPF50 ir \u012bpa\u0161i piem\u0113rots tiem, kuri mekl\u0113 univers\u0101lu dienas kr\u0113mu ar augstu aizsardz\u012bbas l\u012bmeni un izteiktu kopjo\u0161u iedarb\u012bbu, lai saglab\u0101tu jaunekl\u012bgu \u0101das izskatu.<\/p>\n<p data-start=\"882\" data-end=\"919\"><strong data-start=\"882\" data-end=\"919\">K\u0101 darbojas galven\u0101s sast\u0101vda\u013cas:<\/strong><\/p>\n<p data-start=\"921\" data-end=\"1262\"><strong data-start=\"921\" data-end=\"953\">Fiziskie un \u0137\u012bmiskie filtri:<\/strong> nodro\u0161ina augsta l\u012bme\u0146a aizsardz\u012bbu pret UVA, UVB un IR starojumu.<br data-start=\"1020\" data-end=\"1023\" \/><strong data-start=\"1023\" data-end=\"1067\">Mitrino\u0161ie un pretnoveco\u0161an\u0101s kompleksi:<\/strong> pal\u012bdz saglab\u0101t glud\u0101ku un tvirt\u0101ku \u0101das izskatu un mazin\u0101t noveco\u0161an\u0101s paz\u012bmju redzam\u012bbu.<br data-start=\"1158\" data-end=\"1161\" \/><strong data-start=\"1161\" data-end=\"1207\">Antioksidantu un aizsarg\u0101jo\u0161ie komponenti:<\/strong> pal\u012bdz aizsarg\u0101t \u0101du no vides stresa un zil\u0101s gaismas.<\/p>\n<p data-start=\"1264\" data-end=\"1448\">L\u012bdzeklis ir piem\u0113rots visiem \u0101das tipiem un paredz\u0113ts ikdienas lieto\u0161anai. \u016adensiztur\u012bg\u0101 formula un komfortabl\u0101 tekst\u016bra padara to \u0113rtu lieto\u0161anai visas dienas garum\u0101. Nekairina acis.<\/p>\n<p data-start=\"1450\" data-end=\"1468\"><strong data-start=\"1450\" data-end=\"1468\">Tilpums: 50 ml<\/strong><\/p>\n","protected":false},"excerpt":{"rendered":"<p data-start=\"1681\" data-end=\"1753\">Pils\u0113tas apst\u0101k\u013ciem piem\u0113rots pretnoveco\u0161an\u0101s saules aizsargkr\u0113ms SPF 50<\/p>\n<h2 data-start=\"1755\" data-end=\"1813\"><strong data-start=\"1755\" data-end=\"1813\">\u012apa\u0161\u012bbas Sesderma &#8211; REPASKIN Urban365 Anti-Aging SPF50<\/strong><\/h2>\n<p data-start=\"1815\" data-end=\"2068\">\u2714\ufe0f Nodro\u0161ina pla\u0161a spektra aizsardz\u012bbu pret UVA, UVB, IR un zilo gaismu<br data-start=\"1886\" data-end=\"1889\" \/>\u2714\ufe0f Piem\u0113rots ikdienas lieto\u0161anai pils\u0113tvid\u0113<br data-start=\"1932\" data-end=\"1935\" \/>\u2714\ufe0f Pal\u012bdz saglab\u0101t glud\u0101ku un kopt\u0101ku \u0101das izskatu<br data-start=\"1985\" data-end=\"1988\" \/>\u2714\ufe0f Viegls un \u0101tri ies\u016bco\u0161s tekst\u016bras veids<br data-start=\"2030\" data-end=\"2033\" \/>\u2714\ufe0f Komfortabls visiem \u0101das tipiem<\/p>\n","protected":false},"featured_media":75141,"template":"","meta":[],"pwb-brand":[1262],"product_brand":[],"product_cat":[731],"product_tag":[],"giftcard-category":[],"class_list":{"0":"post-75148","1":"product","2":"type-product","3":"status-publish","4":"has-post-thumbnail","6":"pwb-brand-sesderma-lv","7":"product_cat-spf-aizsardziba","9":"first","10":"instock","11":"sale","12":"taxable","13":"shipping-taxable","14":"purchasable","15":"product-type-simple"},"acf":[],"brands":[{"id":1262,"name":"Sesderma","slug":"sesderma-lv"}],"_links":{"self":[{"href":"https:\/\/skinstudio.ee\/lv\/wp-json\/wp\/v2\/product\/75148","targetHints":{"allow":["GET"]}}],"collection":[{"href":"https:\/\/skinstudio.ee\/lv\/wp-json\/wp\/v2\/product"}],"about":[{"href":"https:\/\/skinstudio.ee\/lv\/wp-json\/wp\/v2\/types\/product"}],"version-history":[{"count":1,"href":"https:\/\/skinstudio.ee\/lv\/wp-json\/wp\/v2\/product\/75148\/revisions"}],"predecessor-version":[{"id":75149,"href":"https:\/\/skinstudio.ee\/lv\/wp-json\/wp\/v2\/product\/75148\/revisions\/75149"}],"wp:featuredmedia":[{"embeddable":true,"href":"https:\/\/skinstudio.ee\/lv\/wp-json\/wp\/v2\/media\/75141"}],"wp:attachment":[{"href":"https:\/\/skinstudio.ee\/lv\/wp-json\/wp\/v2\/media?parent=75148"}],"wp:term":[{"taxonomy":"pwb-brand","embeddable":true,"href":"https:\/\/skinstudio.ee\/lv\/wp-json\/wp\/v2\/pwb-brand?post=75148"},{"taxonomy":"product_brand","embeddable":true,"href":"https:\/\/skinstudio.ee\/lv\/wp-json\/wp\/v2\/product_brand?post=75148"},{"taxonomy":"product_cat","embeddable":true,"href":"https:\/\/skinstudio.ee\/lv\/wp-json\/wp\/v2\/product_cat?post=75148"},{"taxonomy":"product_tag","embeddable":true,"href":"https:\/\/skinstudio.ee\/lv\/wp-json\/wp\/v2\/product_tag?post=75148"},{"taxonomy":"giftcard-category","embeddable":true,"href":"https:\/\/skinstudio.ee\/lv\/wp-json\/wp\/v2\/giftcard-category?post=75148"}],"curies":[{"name":"wp","href":"https:\/\/api.w.org\/{rel}","templated":true}]}}