{"id":75164,"date":"2026-01-16T14:41:28","date_gmt":"2026-01-16T14:41:28","guid":{"rendered":"https:\/\/skinstudio.ee\/?post_type=product&#038;p=75164"},"modified":"2026-01-21T13:57:25","modified_gmt":"2026-01-21T13:57:25","slug":"repaskin-urban365-depigmenting-spf50","status":"publish","type":"product","link":"https:\/\/skinstudio.ee\/lv\/catalog\/sesderma-lv\/repaskin-urban365-depigmenting-spf50\/","title":{"rendered":"REPASKIN Urban365 Depigmenting SPF50+"},"content":{"rendered":"<p data-start=\"281\" data-end=\"589\"><strong data-start=\"281\" data-end=\"334\">REPASKIN Urban365 Depigmenting SPF50+ no Sesderma<\/strong> ir ikdienas saules aizsargkr\u0113ms \u0101dai, kas ir pak\u013cauta pigment\u0101cijas plankumu veido\u0161an\u0101s riskam un nevienm\u0113r\u012bgam \u0101das tonim. Formula apvieno \u013coti augstu fotoprotekcijas l\u012bmeni ar kopjo\u0161u iedarb\u012bbu, kas pal\u012bdz saglab\u0101t vienm\u0113r\u012bg\u0101ku un kopt\u0101ku \u0101das izskatu.<\/p>\n<p data-start=\"591\" data-end=\"822\">Viegl\u0101 tekst\u016bra viegli kl\u0101jas uz \u0101das un ir komfortabla, to neapgr\u016btinot. Kr\u0113ms pal\u012bdz aizsarg\u0101t \u0101du ne tikai no saules starojuma, bet ar\u012b no vides faktoriem, kas var pastiprin\u0101t pigment\u0101cijas izpausmes un veicin\u0101t fotonoveco\u0161anos.<\/p>\n<p data-start=\"824\" data-end=\"984\">REPASKIN Urban365 Depigmenting SPF50+ ir lieliska izv\u0113le tiem, kas mekl\u0113 ikdienas augstas aizsardz\u012bbas l\u012bdzekli ar uzsvaru uz vienm\u0113r\u012bg\u0101ka \u0101das to\u0146a uztur\u0113\u0161anu.<\/p>\n<p data-start=\"986\" data-end=\"1023\"><strong data-start=\"986\" data-end=\"1023\">K\u0101 darbojas galven\u0101s sast\u0101vda\u013cas:<\/strong><\/p>\n<p data-start=\"1025\" data-end=\"1355\"><strong data-start=\"1025\" data-end=\"1057\">Fiziskie un \u0137\u012bmiskie filtri:<\/strong> nodro\u0161ina \u013coti augsta l\u012bme\u0146a aizsardz\u012bbu pret UVA, UVB un IR starojumu.<br data-start=\"1129\" data-end=\"1132\" \/><strong data-start=\"1132\" data-end=\"1170\">\u0100das toni izl\u012bdzino\u0161ie komponenti:<\/strong> pal\u012bdz uztur\u0113t vienm\u0113r\u012bg\u0101ku \u0101das toni un mazin\u0101t pigment\u0101cijas izmai\u0146u redzam\u012bbu.<br data-start=\"1252\" data-end=\"1255\" \/><strong data-start=\"1255\" data-end=\"1300\">Antioksidantu un aizsarg\u0101jo\u0161ie kompleksi:<\/strong> pal\u012bdz aizsarg\u0101t \u0101du no vides stresa un zil\u0101s gaismas.<\/p>\n<p data-start=\"1357\" data-end=\"1486\">L\u012bdzeklis ir piem\u0113rots visiem \u0101das tipiem un paredz\u0113ts ikdienas lieto\u0161anai. Nekairina acis, ir vieglas tekst\u016bras un \u0101tri ies\u016bcas.<\/p>\n<p data-start=\"1488\" data-end=\"1506\"><strong data-start=\"1488\" data-end=\"1506\">Tilpums: 50 ml<\/strong><\/p>\n","protected":false},"excerpt":{"rendered":"<p data-start=\"1710\" data-end=\"1770\">Saules aizsargkr\u0113ms \u0101dai ar noslieci uz pigment\u0101ciju SPF 50+<\/p>\n<h2 data-start=\"1772\" data-end=\"1833\"><strong data-start=\"1772\" data-end=\"1833\">\u012apa\u0161\u012bbas Sesderma &#8211; REPASKIN Urban365 Depigmenting SPF50+<\/strong><\/h2>\n<p data-start=\"1835\" data-end=\"2080\">\u2714\ufe0f Nodro\u0161ina \u013coti augstu SPF 50+ aizsardz\u012bbu<br data-start=\"1879\" data-end=\"1882\" \/>\u2714\ufe0f Pal\u012bdz saglab\u0101t vienm\u0113r\u012bg\u0101ku un l\u012bdzsvarot\u0101ku \u0101das toni<br data-start=\"1940\" data-end=\"1943\" \/>\u2714\ufe0f Atbalsta pigment\u0101cijas izmai\u0146u redzam\u012bbas mazin\u0101\u0161anu<br data-start=\"1998\" data-end=\"2001\" \/>\u2714\ufe0f Viegls un \u0101tri ies\u016bco\u0161s tekst\u016bras veids<br data-start=\"2043\" data-end=\"2046\" \/>\u2714\ufe0f Piem\u0113rots ikdienas lieto\u0161anai<\/p>\n","protected":false},"featured_media":75157,"template":"","meta":[],"pwb-brand":[1262],"product_brand":[],"product_cat":[751,731],"product_tag":[],"giftcard-category":[],"class_list":{"0":"post-75164","1":"product","2":"type-product","3":"status-publish","4":"has-post-thumbnail","6":"pwb-brand-sesderma-lv","7":"product_cat-pigmentacija-lv","8":"product_cat-spf-aizsardziba","10":"first","11":"instock","12":"sale","13":"taxable","14":"shipping-taxable","15":"purchasable","16":"product-type-simple"},"acf":[],"brands":[{"id":1262,"name":"Sesderma","slug":"sesderma-lv"}],"_links":{"self":[{"href":"https:\/\/skinstudio.ee\/lv\/wp-json\/wp\/v2\/product\/75164","targetHints":{"allow":["GET"]}}],"collection":[{"href":"https:\/\/skinstudio.ee\/lv\/wp-json\/wp\/v2\/product"}],"about":[{"href":"https:\/\/skinstudio.ee\/lv\/wp-json\/wp\/v2\/types\/product"}],"version-history":[{"count":1,"href":"https:\/\/skinstudio.ee\/lv\/wp-json\/wp\/v2\/product\/75164\/revisions"}],"predecessor-version":[{"id":75165,"href":"https:\/\/skinstudio.ee\/lv\/wp-json\/wp\/v2\/product\/75164\/revisions\/75165"}],"wp:featuredmedia":[{"embeddable":true,"href":"https:\/\/skinstudio.ee\/lv\/wp-json\/wp\/v2\/media\/75157"}],"wp:attachment":[{"href":"https:\/\/skinstudio.ee\/lv\/wp-json\/wp\/v2\/media?parent=75164"}],"wp:term":[{"taxonomy":"pwb-brand","embeddable":true,"href":"https:\/\/skinstudio.ee\/lv\/wp-json\/wp\/v2\/pwb-brand?post=75164"},{"taxonomy":"product_brand","embeddable":true,"href":"https:\/\/skinstudio.ee\/lv\/wp-json\/wp\/v2\/product_brand?post=75164"},{"taxonomy":"product_cat","embeddable":true,"href":"https:\/\/skinstudio.ee\/lv\/wp-json\/wp\/v2\/product_cat?post=75164"},{"taxonomy":"product_tag","embeddable":true,"href":"https:\/\/skinstudio.ee\/lv\/wp-json\/wp\/v2\/product_tag?post=75164"},{"taxonomy":"giftcard-category","embeddable":true,"href":"https:\/\/skinstudio.ee\/lv\/wp-json\/wp\/v2\/giftcard-category?post=75164"}],"curies":[{"name":"wp","href":"https:\/\/api.w.org\/{rel}","templated":true}]}}