{"id":75180,"date":"2026-01-16T14:49:46","date_gmt":"2026-01-16T14:49:46","guid":{"rendered":"https:\/\/skinstudio.ee\/?post_type=product&#038;p=75180"},"modified":"2026-01-21T13:57:25","modified_gmt":"2026-01-21T13:57:25","slug":"repaskin-urban365-oily-skin-spf50","status":"publish","type":"product","link":"https:\/\/skinstudio.ee\/lv\/catalog\/sesderma-lv\/repaskin-urban365-oily-skin-spf50\/","title":{"rendered":"REPASKIN Urban365 Oily Skin SPF50"},"content":{"rendered":"<p data-start=\"257\" data-end=\"535\"><strong data-start=\"257\" data-end=\"306\">REPASKIN Urban365 Oily Skin SPF50 no Sesderma<\/strong> ir saules aizsargkr\u0113ms, kas izstr\u0101d\u0101ts \u012bpa\u0161i taukainai un uz nepiln\u012bb\u0101m tend\u0113tai \u0101dai. Formula apvieno augstu fotoprotekcijas l\u012bmeni ar kopjo\u0161u iedarb\u012bbu, kas pal\u012bdz saglab\u0101t mat\u0113t\u0101ku un kopt\u0101ku \u0101das izskatu visas dienas garum\u0101.<\/p>\n<p data-start=\"537\" data-end=\"775\">Viegl\u0101 un komfortabl\u0101 tekst\u016bra viegli kl\u0101jas uz \u0101das, to neapgr\u016btina un neatst\u0101j baltu vai lip\u012bgu fini\u0161u. Kr\u0113ms pal\u012bdz kontrol\u0113t lieko sp\u012bdumu, saglab\u0101jot \u0101du vizu\u0101li t\u012br\u0101ku un l\u012bdzsvarot\u0101ku pat karstuma, mitruma un pils\u0113tvides apst\u0101k\u013cos.<\/p>\n<p data-start=\"777\" data-end=\"959\">REPASKIN Urban365 Oily Skin SPF50 ir lieliska izv\u0113le tiem, kas mekl\u0113 ikdienas saules aizsargl\u012bdzekli ar augstu aizsardz\u012bbas l\u012bmeni un uzsvaru uz komfortu un taukainas \u0101das l\u012bdzsvaru.<\/p>\n<p data-start=\"961\" data-end=\"998\"><strong data-start=\"961\" data-end=\"998\">K\u0101 darbojas galven\u0101s sast\u0101vda\u013cas:<\/strong><\/p>\n<p data-start=\"1000\" data-end=\"1339\"><strong data-start=\"1000\" data-end=\"1032\">Fiziskie un \u0137\u012bmiskie filtri:<\/strong> nodro\u0161ina augsta l\u012bme\u0146a aizsardz\u012bbu pret UVA, UVB, IR starojumu un zilo gaismu.<br data-start=\"1112\" data-end=\"1115\" \/><strong data-start=\"1115\" data-end=\"1149\">\u0100du l\u012bdzsvarojo\u0161ie komponenti:<\/strong> pal\u012bdz uztur\u0113t mat\u0113t\u0101ku izskatu un veicina svaigas, t\u012bras \u0101das saj\u016btu.<br data-start=\"1220\" data-end=\"1223\" \/><strong data-start=\"1223\" data-end=\"1268\">Antioksidantu un aizsarg\u0101jo\u0161ie kompleksi:<\/strong> pal\u012bdz aizsarg\u0101t \u0101du no vides stresa un saules izrais\u012btiem boj\u0101jumiem.<\/p>\n<p data-start=\"1341\" data-end=\"1503\">L\u012bdzeklis ir piem\u0113rots taukainai un problem\u0101tiskai \u0101dai un paredz\u0113ts ikdienas lieto\u0161anai. Nekairina acis, ir vieglas tekst\u016bras un komfortabls visas dienas garum\u0101.<\/p>\n<p data-start=\"1505\" data-end=\"1523\"><strong data-start=\"1505\" data-end=\"1523\">Tilpums: 50 ml<\/strong><\/p>\n","protected":false},"excerpt":{"rendered":"<p data-start=\"1727\" data-end=\"1786\">Saules aizsargkr\u0113ms taukainai un problem\u0101tiskai \u0101dai SPF 50<\/p>\n<h2 data-start=\"1788\" data-end=\"1845\"><strong data-start=\"1788\" data-end=\"1845\">\u012apa\u0161\u012bbas Sesderma &#8211; REPASKIN Urban365 Oily Skin SPF50<\/strong><\/h2>\n<p data-start=\"1847\" data-end=\"2081\">\u2714\ufe0f Nodro\u0161ina augstu SPF 50 aizsardz\u012bbu<br data-start=\"1885\" data-end=\"1888\" \/>\u2714\ufe0f Pal\u012bdz saglab\u0101t mat\u0113t\u0101ku un kopt\u0101ku \u0101das izskatu<br data-start=\"1939\" data-end=\"1942\" \/>\u2714\ufe0f Neapgr\u016btina \u0101du un neatst\u0101j baltu k\u0101rti\u0146u<br data-start=\"1986\" data-end=\"1989\" \/>\u2714\ufe0f Komfortabls ikdienas lieto\u0161anai<br data-start=\"2023\" data-end=\"2026\" \/>\u2714\ufe0f Piem\u0113rots taukainai un uz nepiln\u012bb\u0101m tend\u0113tai \u0101dai<\/p>\n","protected":false},"featured_media":75172,"template":"","meta":[],"pwb-brand":[1262],"product_brand":[],"product_cat":[731,747],"product_tag":[],"giftcard-category":[],"class_list":{"0":"post-75180","1":"product","2":"type-product","3":"status-publish","4":"has-post-thumbnail","6":"pwb-brand-sesderma-lv","7":"product_cat-spf-aizsardziba","8":"product_cat-taukainai-adai","10":"first","11":"instock","12":"sale","13":"taxable","14":"shipping-taxable","15":"purchasable","16":"product-type-simple"},"acf":[],"brands":[{"id":1262,"name":"Sesderma","slug":"sesderma-lv"}],"_links":{"self":[{"href":"https:\/\/skinstudio.ee\/lv\/wp-json\/wp\/v2\/product\/75180","targetHints":{"allow":["GET"]}}],"collection":[{"href":"https:\/\/skinstudio.ee\/lv\/wp-json\/wp\/v2\/product"}],"about":[{"href":"https:\/\/skinstudio.ee\/lv\/wp-json\/wp\/v2\/types\/product"}],"version-history":[{"count":1,"href":"https:\/\/skinstudio.ee\/lv\/wp-json\/wp\/v2\/product\/75180\/revisions"}],"predecessor-version":[{"id":75181,"href":"https:\/\/skinstudio.ee\/lv\/wp-json\/wp\/v2\/product\/75180\/revisions\/75181"}],"wp:featuredmedia":[{"embeddable":true,"href":"https:\/\/skinstudio.ee\/lv\/wp-json\/wp\/v2\/media\/75172"}],"wp:attachment":[{"href":"https:\/\/skinstudio.ee\/lv\/wp-json\/wp\/v2\/media?parent=75180"}],"wp:term":[{"taxonomy":"pwb-brand","embeddable":true,"href":"https:\/\/skinstudio.ee\/lv\/wp-json\/wp\/v2\/pwb-brand?post=75180"},{"taxonomy":"product_brand","embeddable":true,"href":"https:\/\/skinstudio.ee\/lv\/wp-json\/wp\/v2\/product_brand?post=75180"},{"taxonomy":"product_cat","embeddable":true,"href":"https:\/\/skinstudio.ee\/lv\/wp-json\/wp\/v2\/product_cat?post=75180"},{"taxonomy":"product_tag","embeddable":true,"href":"https:\/\/skinstudio.ee\/lv\/wp-json\/wp\/v2\/product_tag?post=75180"},{"taxonomy":"giftcard-category","embeddable":true,"href":"https:\/\/skinstudio.ee\/lv\/wp-json\/wp\/v2\/giftcard-category?post=75180"}],"curies":[{"name":"wp","href":"https:\/\/api.w.org\/{rel}","templated":true}]}}