{"id":75195,"date":"2026-01-16T14:59:20","date_gmt":"2026-01-16T14:59:20","guid":{"rendered":"https:\/\/skinstudio.ee\/?post_type=product&#038;p=75195"},"modified":"2026-01-21T13:57:25","modified_gmt":"2026-01-21T13:57:25","slug":"repaskin-urban365-sensitive-spf50","status":"publish","type":"product","link":"https:\/\/skinstudio.ee\/lv\/catalog\/sesderma-lv\/repaskin-urban365-sensitive-spf50\/","title":{"rendered":"REPASKIN Urban365 Sensitive SPF50+"},"content":{"rendered":"<p data-start=\"258\" data-end=\"560\"><strong data-start=\"258\" data-end=\"308\">REPASKIN Urban365 Sensitive SPF50+ no Sesderma<\/strong> ir saules aizsargkr\u0113ms, kas izstr\u0101d\u0101ts \u012bpa\u0161i jut\u012bgai \u0101dai, kurai nepiecie\u0161ama ne tikai \u013coti augsta aizsardz\u012bba, bet ar\u012b papildu komforts. Formula pal\u012bdz aizsarg\u0101t \u0101du no saules starojuma un vienlaikus atbalsta mier\u012bg\u0101ku un l\u012bdzsvarot\u0101ku \u0101das st\u0101vokli.<\/p>\n<p data-start=\"562\" data-end=\"803\">Kr\u0113mam ir maiga un komfortabla tekst\u016bra, tas viegli kl\u0101jas uz \u0101das un \u0101tri ies\u016bcas, to neapgr\u016btinot un neatst\u0101jot lip\u012bgu vai smagu saj\u016btu. Tas ir paredz\u0113ts ikdienas lieto\u0161anai un piem\u0113rots ar\u012b \u0101dai, kas ir pak\u013cauta kairin\u0101jumam un reakcij\u0101m.<\/p>\n<p data-start=\"805\" data-end=\"989\">REPASKIN Urban365 Sensitive SPF50+ ir lieliska izv\u0113le tiem, kas mekl\u0113 saules aizsargl\u012bdzekli ar \u013coti augstu aizsardz\u012bbas l\u012bmeni un uzsvaru uz komfortu un saudz\u012bgu jut\u012bgas \u0101das kop\u0161anu.<\/p>\n<p data-start=\"991\" data-end=\"1028\"><strong data-start=\"991\" data-end=\"1028\">K\u0101 darbojas galven\u0101s sast\u0101vda\u013cas:<\/strong><\/p>\n<p data-start=\"1030\" data-end=\"1376\"><strong data-start=\"1030\" data-end=\"1062\">Fiziskie un \u0137\u012bmiskie filtri:<\/strong> nodro\u0161ina \u013coti augsta l\u012bme\u0146a aizsardz\u012bbu pret UVA, UVB, IR starojumu un zilo gaismu.<br data-start=\"1147\" data-end=\"1150\" \/><strong data-start=\"1150\" data-end=\"1193\">Nomierino\u0161ie un atbalsto\u0161ie komponenti:<\/strong> pal\u012bdz mazin\u0101t diskomfortu un atbalsta mier\u012bg\u0101ku \u0101das st\u0101vokli.<br data-start=\"1257\" data-end=\"1260\" \/><strong data-start=\"1260\" data-end=\"1305\">Aizsarg\u0101jo\u0161ie un antioksidantu kompleksi:<\/strong> pal\u012bdz aizsarg\u0101t \u0101du no vides stresa un saules izrais\u012btiem boj\u0101jumiem.<\/p>\n<p data-start=\"1378\" data-end=\"1538\">L\u012bdzeklis ir piem\u0113rots jut\u012bgai \u0101dai un paredz\u0113ts ikdienas lieto\u0161anai. Nekairina acis, neaizsprosto poras, ir bez smar\u017eviel\u0101m un komfortabls visas dienas garum\u0101.<\/p>\n<p data-start=\"1540\" data-end=\"1558\"><strong data-start=\"1540\" data-end=\"1558\">Tilpums: 50 ml<\/strong><\/p>\n","protected":false},"excerpt":{"rendered":"<p data-start=\"1762\" data-end=\"1802\">Saules aizsargkr\u0113ms jut\u012bgai \u0101dai SPF 50+<\/p>\n<h2 data-start=\"1804\" data-end=\"1862\"><strong data-start=\"1804\" data-end=\"1862\">\u012apa\u0161\u012bbas Sesderma &#8211; REPASKIN Urban365 Sensitive SPF50+<\/strong><\/h2>\n<p data-start=\"1864\" data-end=\"2081\">\u2714\ufe0f Nodro\u0161ina \u013coti augstu SPF 50+ aizsardz\u012bbu<br data-start=\"1908\" data-end=\"1911\" \/>\u2714\ufe0f Piem\u0113rots jut\u012bgai un reakt\u012bvai \u0101dai<br data-start=\"1949\" data-end=\"1952\" \/>\u2714\ufe0f Pal\u012bdz saglab\u0101t \u0101das komfortu un mier\u012bg\u0101ku izskatu<br data-start=\"2005\" data-end=\"2008\" \/>\u2714\ufe0f Bez smar\u017eviel\u0101m un nekairina acis<br data-start=\"2044\" data-end=\"2047\" \/>\u2714\ufe0f Piem\u0113rots ikdienas lieto\u0161anai<\/p>\n","protected":false},"featured_media":75188,"template":"","meta":[],"pwb-brand":[1262],"product_brand":[],"product_cat":[745,731],"product_tag":[],"giftcard-category":[],"class_list":{"0":"post-75195","1":"product","2":"type-product","3":"status-publish","4":"has-post-thumbnail","6":"pwb-brand-sesderma-lv","7":"product_cat-jutigai-adai","8":"product_cat-spf-aizsardziba","10":"first","11":"instock","12":"sale","13":"taxable","14":"shipping-taxable","15":"purchasable","16":"product-type-simple"},"acf":[],"brands":[{"id":1262,"name":"Sesderma","slug":"sesderma-lv"}],"_links":{"self":[{"href":"https:\/\/skinstudio.ee\/lv\/wp-json\/wp\/v2\/product\/75195","targetHints":{"allow":["GET"]}}],"collection":[{"href":"https:\/\/skinstudio.ee\/lv\/wp-json\/wp\/v2\/product"}],"about":[{"href":"https:\/\/skinstudio.ee\/lv\/wp-json\/wp\/v2\/types\/product"}],"version-history":[{"count":1,"href":"https:\/\/skinstudio.ee\/lv\/wp-json\/wp\/v2\/product\/75195\/revisions"}],"predecessor-version":[{"id":75196,"href":"https:\/\/skinstudio.ee\/lv\/wp-json\/wp\/v2\/product\/75195\/revisions\/75196"}],"wp:featuredmedia":[{"embeddable":true,"href":"https:\/\/skinstudio.ee\/lv\/wp-json\/wp\/v2\/media\/75188"}],"wp:attachment":[{"href":"https:\/\/skinstudio.ee\/lv\/wp-json\/wp\/v2\/media?parent=75195"}],"wp:term":[{"taxonomy":"pwb-brand","embeddable":true,"href":"https:\/\/skinstudio.ee\/lv\/wp-json\/wp\/v2\/pwb-brand?post=75195"},{"taxonomy":"product_brand","embeddable":true,"href":"https:\/\/skinstudio.ee\/lv\/wp-json\/wp\/v2\/product_brand?post=75195"},{"taxonomy":"product_cat","embeddable":true,"href":"https:\/\/skinstudio.ee\/lv\/wp-json\/wp\/v2\/product_cat?post=75195"},{"taxonomy":"product_tag","embeddable":true,"href":"https:\/\/skinstudio.ee\/lv\/wp-json\/wp\/v2\/product_tag?post=75195"},{"taxonomy":"giftcard-category","embeddable":true,"href":"https:\/\/skinstudio.ee\/lv\/wp-json\/wp\/v2\/giftcard-category?post=75195"}],"curies":[{"name":"wp","href":"https:\/\/api.w.org\/{rel}","templated":true}]}}