{"id":75662,"date":"2026-01-21T14:09:03","date_gmt":"2026-01-21T14:09:03","guid":{"rendered":"https:\/\/skinstudio.ee\/?post_type=product&#038;p=75662"},"modified":"2026-02-12T08:51:59","modified_gmt":"2026-02-12T08:51:59","slug":"azelaic-br-20","status":"publish","type":"product","link":"https:\/\/skinstudio.ee\/lv\/catalog\/noon-aesthetics\/azelaic-br-20\/","title":{"rendered":"Azelaic-Br 20"},"content":{"rendered":"<p data-start=\"181\" data-end=\"463\">Azelaic-Br 20 no NOON Aesthetics ir akt\u012bvs sejas kr\u0113ms, kas paredz\u0113ts ikdienas kop\u0161anai \u0101dai ar noslieci uz nevienm\u0113r\u012bgu tekst\u016bru, lieku sp\u012bdumu un redzam\u0101m nepiln\u012bb\u0101m. Formula apvieno augstu aktivit\u0101ti ar labu panesam\u012bbu, \u013caujot produktu \u0113rti iek\u013caut regul\u0101r\u0101 \u0101das kop\u0161anas rut\u012bn\u0101.<\/p>\n<p data-start=\"465\" data-end=\"692\">Regul\u0101ri lietojot, \u0101da izskat\u0101s l\u012bdzsvarot\u0101ka, glud\u0101ka un kopt\u0101ka, bet kop\u0113jais izskats k\u013c\u016bst t\u012br\u0101ks un sakopt\u0101ks. Kr\u0113ms pal\u012bdz saglab\u0101t akur\u0101tu, mat\u0113tu izskatu un veicina vienm\u0113r\u012bg\u0101ku \u0101das virsmas iespaidu bez smaguma saj\u016btas.<\/p>\n<p data-start=\"694\" data-end=\"724\"><strong data-start=\"694\" data-end=\"724\">Akt\u012bvo sast\u0101vda\u013cu darb\u012bba:<\/strong><\/p>\n<ul data-start=\"726\" data-end=\"1046\">\n<li data-start=\"726\" data-end=\"852\">\n<p data-start=\"728\" data-end=\"852\"><strong data-start=\"728\" data-end=\"744\">Azela\u012bnsk\u0101be<\/strong> &#8211; tiek izmantota kosm\u0113tiskaj\u0101s formul\u0101s, lai uzlabotu \u0101das kop\u0113jo izskatu un veicin\u0101tu vienm\u0113r\u012bg\u0101ku toni.<\/p>\n<\/li>\n<li data-start=\"853\" data-end=\"930\">\n<p data-start=\"855\" data-end=\"930\"><strong data-start=\"855\" data-end=\"871\">Salicilsk\u0101be<\/strong> &#8211; pal\u012bdz uztur\u0113t glud\u0101ku \u0101das virsmu un t\u012br\u0101ku tekst\u016bru.<\/p>\n<\/li>\n<li data-start=\"931\" data-end=\"1046\">\n<p data-start=\"933\" data-end=\"1046\"><strong data-start=\"933\" data-end=\"947\">Glabrid\u012bns<\/strong> &#8211; no lakricas saknes ieg\u016bta sast\u0101vda\u013ca, ko izmanto t\u012br\u0101ka un l\u012bdzsvarot\u0101ka \u0101das izskata atbalstam.<\/p>\n<\/li>\n<\/ul>\n<p data-start=\"1048\" data-end=\"1224\"><strong data-start=\"1048\" data-end=\"1066\">Kam piem\u0113rots:<\/strong><br data-start=\"1066\" data-end=\"1069\" \/>Piem\u0113rots \u0101dai ar redzam\u0101m nepiln\u012bb\u0101m, nevienm\u0113r\u012bgu tekst\u016bru un noslieci uz sp\u012bdumu. Var lietot da\u017e\u0101diem \u0101das tipiem, \u0146emot v\u0113r\u0101 individu\u0101lu \u0101das reakciju.<\/p>\n<p data-start=\"1226\" data-end=\"1244\"><strong data-start=\"1226\" data-end=\"1238\">Tilpums:<\/strong> <strong data-start=\"1820\" data-end=\"1830\">15 ml \/ 50 ml<\/strong><\/p>\n","protected":false},"excerpt":{"rendered":"<p data-start=\"2397\" data-end=\"2415\">Akt\u012bvs sejas kr\u0113ms<\/p>\n<h2 data-start=\"2417\" data-end=\"2461\"><strong data-start=\"2417\" data-end=\"2461\">\u012apa\u0161\u012bbas NOON Aesthetics &#8211; Azelaic-Br 20<\/strong><\/h2>\n<p data-start=\"2463\" data-end=\"2699\">\u2714\ufe0f Atbalsta t\u012br\u0101ku un kopt\u0101ku \u0101das izskatu<br data-start=\"2505\" data-end=\"2508\" \/>\u2714\ufe0f Pal\u012bdz saglab\u0101t akur\u0101tu, mat\u0113tu fini\u0161u<br data-start=\"2549\" data-end=\"2552\" \/>\u2714\ufe0f Padara \u0101das tekst\u016bru vizu\u0101li vienm\u0113r\u012bg\u0101ku<br data-start=\"2596\" data-end=\"2599\" \/>\u2714\ufe0f Piem\u0113rots regul\u0101rai lieto\u0161anai bez \u0101das noslogo\u0161anas<br data-start=\"2654\" data-end=\"2657\" \/>\u2714\ufe0f Rada komforta un l\u012bdzsvara saj\u016btu \u0101d\u0101<\/p>\n","protected":false},"featured_media":75684,"template":"","meta":[],"pwb-brand":[790],"product_brand":[],"product_cat":[737,1149,751,747,753],"product_tag":[],"giftcard-category":[],"class_list":{"0":"post-75662","1":"product","2":"type-product","3":"status-publish","4":"has-post-thumbnail","6":"pwb-brand-noon-aesthetics","7":"product_cat-mitrinasana","8":"product_cat-noon-aesthetics-lv","9":"product_cat-pigmentacija-lv","10":"product_cat-taukainai-adai","11":"product_cat-travel-size-lv","12":"pa_suurus-15ml-lv","13":"pa_suurus-50ml-lv","15":"first","16":"outofstock","17":"taxable","18":"shipping-taxable","19":"purchasable","20":"product-type-variable"},"acf":[],"brands":[{"id":790,"name":"NOON Aesthetics","slug":"noon-aesthetics"}],"_links":{"self":[{"href":"https:\/\/skinstudio.ee\/lv\/wp-json\/wp\/v2\/product\/75662","targetHints":{"allow":["GET"]}}],"collection":[{"href":"https:\/\/skinstudio.ee\/lv\/wp-json\/wp\/v2\/product"}],"about":[{"href":"https:\/\/skinstudio.ee\/lv\/wp-json\/wp\/v2\/types\/product"}],"version-history":[{"count":2,"href":"https:\/\/skinstudio.ee\/lv\/wp-json\/wp\/v2\/product\/75662\/revisions"}],"predecessor-version":[{"id":80091,"href":"https:\/\/skinstudio.ee\/lv\/wp-json\/wp\/v2\/product\/75662\/revisions\/80091"}],"wp:featuredmedia":[{"embeddable":true,"href":"https:\/\/skinstudio.ee\/lv\/wp-json\/wp\/v2\/media\/75684"}],"wp:attachment":[{"href":"https:\/\/skinstudio.ee\/lv\/wp-json\/wp\/v2\/media?parent=75662"}],"wp:term":[{"taxonomy":"pwb-brand","embeddable":true,"href":"https:\/\/skinstudio.ee\/lv\/wp-json\/wp\/v2\/pwb-brand?post=75662"},{"taxonomy":"product_brand","embeddable":true,"href":"https:\/\/skinstudio.ee\/lv\/wp-json\/wp\/v2\/product_brand?post=75662"},{"taxonomy":"product_cat","embeddable":true,"href":"https:\/\/skinstudio.ee\/lv\/wp-json\/wp\/v2\/product_cat?post=75662"},{"taxonomy":"product_tag","embeddable":true,"href":"https:\/\/skinstudio.ee\/lv\/wp-json\/wp\/v2\/product_tag?post=75662"},{"taxonomy":"giftcard-category","embeddable":true,"href":"https:\/\/skinstudio.ee\/lv\/wp-json\/wp\/v2\/giftcard-category?post=75662"}],"curies":[{"name":"wp","href":"https:\/\/api.w.org\/{rel}","templated":true}]}}