{"id":75677,"date":"2026-01-21T14:55:00","date_gmt":"2026-01-21T14:55:00","guid":{"rendered":"https:\/\/skinstudio.ee\/?post_type=product&#038;p=75677"},"modified":"2026-02-12T08:42:08","modified_gmt":"2026-02-12T08:42:08","slug":"azelaic-s-20","status":"publish","type":"product","link":"https:\/\/skinstudio.ee\/lv\/catalog\/noon-aesthetics\/azelaic-s-20\/","title":{"rendered":"Azelaic-S 20"},"content":{"rendered":"<p data-start=\"180\" data-end=\"461\">Azelaic-S 20 no NOON Aesthetics ir koncentr\u0113ts sejas kr\u0113ms ikdienas kop\u0161anai, kad m\u0113r\u0137is ir saglab\u0101t vienm\u0113r\u012bg\u0101ku un l\u012bdzsvarot\u0101ku \u0101das izskatu. Formula ir izstr\u0101d\u0101ta, lai uztur\u0113tu \u0101das komfortu un virsmas l\u012bdzsvaru periodos, kad \u0101das tonis vai tekst\u016bra vizu\u0101li \u0161\u0137iet nevienm\u0113r\u012bga.<\/p>\n<p data-start=\"463\" data-end=\"680\">Regul\u0101ri lietojot, \u0101da izskat\u0101s glud\u0101ka, t\u012br\u0101ka un kopt\u0101ka, bet kop\u0113jais izskats k\u013c\u016bst vienm\u0113r\u012bg\u0101ks un sakopt\u0101ks. Kr\u0113ms ir piel\u0101gots akt\u012bv\u0101kai lieto\u0161anai, tom\u0113r piem\u0113rots ikdienas kop\u0161anai bez smaguma saj\u016btas uz \u0101das.<\/p>\n<p data-start=\"682\" data-end=\"712\"><strong data-start=\"682\" data-end=\"712\">Akt\u012bvo sast\u0101vda\u013cu darb\u012bba:<\/strong><\/p>\n<ul data-start=\"714\" data-end=\"991\">\n<li data-start=\"714\" data-end=\"828\">\n<p data-start=\"716\" data-end=\"828\"><strong data-start=\"716\" data-end=\"732\">Azela\u012bnsk\u0101be<\/strong> &#8211; tiek izmantota kosm\u0113tiskaj\u0101s formul\u0101s, lai atbalst\u012btu vienm\u0113r\u012bg\u0101ku un kopt\u0101ku \u0101das izskatu.<\/p>\n<\/li>\n<li data-start=\"829\" data-end=\"900\">\n<p data-start=\"831\" data-end=\"900\"><strong data-start=\"831\" data-end=\"848\">Acetam\u012bds MEA<\/strong> &#8211; pal\u012bdz saglab\u0101t mitruma saj\u016btu un komfortu \u0101d\u0101.<\/p>\n<\/li>\n<li data-start=\"901\" data-end=\"991\">\n<p data-start=\"903\" data-end=\"991\"><strong data-start=\"903\" data-end=\"927\">Glikonolaktons (PHA)<\/strong> &#8211; maigs sk\u0101bes komponents, ko bie\u017ei izv\u0113las jut\u012bg\u0101k\u0101m formul\u0101m.<\/p>\n<\/li>\n<\/ul>\n<p data-start=\"993\" data-end=\"1214\"><strong data-start=\"993\" data-end=\"1011\">Kam piem\u0113rots:<\/strong><br data-start=\"1011\" data-end=\"1014\" \/>Piem\u0113rots \u0101dai ar nevienm\u0113r\u012bgu toni un tekst\u016bru, k\u0101 ar\u012b gad\u012bjumos, kad v\u0113las saglab\u0101t vienm\u0113r\u012bg\u0101ku un l\u012bdzsvarot\u0101ku \u0101das izskatu. Var lietot da\u017e\u0101diem \u0101das tipiem, \u0146emot v\u0113r\u0101 individu\u0101lu \u0101das reakciju.<\/p>\n<p data-start=\"1216\" data-end=\"1234\"><strong data-start=\"1216\" data-end=\"1228\">Tilpums:<\/strong> 15 ml \/ 50 ml<\/p>\n","protected":false},"excerpt":{"rendered":"<p data-start=\"2161\" data-end=\"2185\">Izl\u012bdzino\u0161s akt\u012bvs kr\u0113ms<\/p>\n<h2 data-start=\"2187\" data-end=\"2230\"><strong data-start=\"2187\" data-end=\"2230\">\u012apa\u0161\u012bbas NOON Aesthetics &#8211; Azelaic-S 20<\/strong><\/h2>\n<p data-start=\"2232\" data-end=\"2456\">\u2714\ufe0f Pal\u012bdz izl\u012bdzin\u0101t \u0101das toni un tekst\u016bru<br data-start=\"2274\" data-end=\"2277\" \/>\u2714\ufe0f Samazina redzamo nepiln\u012bbu izskatu<br data-start=\"2314\" data-end=\"2317\" \/>\u2714\ufe0f Padara \u0101das virsmu vizu\u0101li glud\u0101ku<br data-start=\"2354\" data-end=\"2357\" \/>\u2714\ufe0f Atbalsta t\u012br\u0101ku un kopt\u0101ku \u0101das izskatu<br data-start=\"2399\" data-end=\"2402\" \/>\u2714\ufe0f Saglab\u0101 komforta saj\u016btu ikdienas lieto\u0161anas laik\u0101<\/p>\n","protected":false},"featured_media":75670,"template":"","meta":[],"pwb-brand":[790],"product_brand":[],"product_cat":[737,1149,751,753],"product_tag":[],"giftcard-category":[],"class_list":{"0":"post-75677","1":"product","2":"type-product","3":"status-publish","4":"has-post-thumbnail","6":"pwb-brand-noon-aesthetics","7":"product_cat-mitrinasana","8":"product_cat-noon-aesthetics-lv","9":"product_cat-pigmentacija-lv","10":"product_cat-travel-size-lv","11":"pa_suurus-15ml-lv","12":"pa_suurus-50ml-lv","14":"first","15":"instock","16":"taxable","17":"shipping-taxable","18":"purchasable","19":"product-type-variable"},"acf":[],"brands":[{"id":790,"name":"NOON Aesthetics","slug":"noon-aesthetics"}],"_links":{"self":[{"href":"https:\/\/skinstudio.ee\/lv\/wp-json\/wp\/v2\/product\/75677","targetHints":{"allow":["GET"]}}],"collection":[{"href":"https:\/\/skinstudio.ee\/lv\/wp-json\/wp\/v2\/product"}],"about":[{"href":"https:\/\/skinstudio.ee\/lv\/wp-json\/wp\/v2\/types\/product"}],"version-history":[{"count":2,"href":"https:\/\/skinstudio.ee\/lv\/wp-json\/wp\/v2\/product\/75677\/revisions"}],"predecessor-version":[{"id":80075,"href":"https:\/\/skinstudio.ee\/lv\/wp-json\/wp\/v2\/product\/75677\/revisions\/80075"}],"wp:featuredmedia":[{"embeddable":true,"href":"https:\/\/skinstudio.ee\/lv\/wp-json\/wp\/v2\/media\/75670"}],"wp:attachment":[{"href":"https:\/\/skinstudio.ee\/lv\/wp-json\/wp\/v2\/media?parent=75677"}],"wp:term":[{"taxonomy":"pwb-brand","embeddable":true,"href":"https:\/\/skinstudio.ee\/lv\/wp-json\/wp\/v2\/pwb-brand?post=75677"},{"taxonomy":"product_brand","embeddable":true,"href":"https:\/\/skinstudio.ee\/lv\/wp-json\/wp\/v2\/product_brand?post=75677"},{"taxonomy":"product_cat","embeddable":true,"href":"https:\/\/skinstudio.ee\/lv\/wp-json\/wp\/v2\/product_cat?post=75677"},{"taxonomy":"product_tag","embeddable":true,"href":"https:\/\/skinstudio.ee\/lv\/wp-json\/wp\/v2\/product_tag?post=75677"},{"taxonomy":"giftcard-category","embeddable":true,"href":"https:\/\/skinstudio.ee\/lv\/wp-json\/wp\/v2\/giftcard-category?post=75677"}],"curies":[{"name":"wp","href":"https:\/\/api.w.org\/{rel}","templated":true}]}}