{"id":75689,"date":"2025-06-27T12:31:28","date_gmt":"2025-06-27T12:31:28","guid":{"rendered":"https:\/\/skinstudio.ee\/?post_type=product&#038;p=75689"},"modified":"2026-01-28T14:16:31","modified_gmt":"2026-01-28T14:16:31","slug":"powder-me-spf-refill-3-pack","status":"publish","type":"product","link":"https:\/\/skinstudio.ee\/lv\/catalog\/jane-iredale-lv\/powder-me-spf-refill-3-pack\/","title":{"rendered":"Powder-Me SPF Refill 3-Pack"},"content":{"rendered":"<p data-start=\"429\" data-end=\"718\"><strong data-start=\"429\" data-end=\"469\">Powder-Me SPF Refill no Jane Iredale<\/strong> ir miner\u0101ls saules aizsargp\u016bderis \u0113rt\u0101 uzpildes (refill) form\u0101t\u0101, kas paredz\u0113ts ikdienas sejas, \u0137erme\u0146a un galvas \u0101das aizsardz\u012bbai pret UV starojumu. T\u0101 viegl\u0101 tekst\u016bra vienm\u0113r\u012bgi kl\u0101jas uz \u0101das, neradot smaguma saj\u016btu un nepadarot grimu smagn\u0113ju.<\/p>\n<p data-start=\"720\" data-end=\"934\">P\u016bderis uz \u0101das ir gandr\u012bz neman\u0101ms, un to var lietot gan uz t\u012bras \u0101das, gan virs grima visas dienas garum\u0101. Oti\u0146as form\u0101ts \u013cauj \u0101tri un \u0113rti atjaunot saules aizsardz\u012bbu jebkur\u0101 br\u012bd\u012b &#8211; m\u0101j\u0101s, biroj\u0101 vai esot ce\u013c\u0101.<\/p>\n<p data-start=\"936\" data-end=\"1148\">Miner\u0101l\u0101 formula ar tit\u0101na dioks\u012bdu ir piem\u0113rota ar\u012b jut\u012bgai un uz nepiln\u012bb\u0101m tend\u0113tai \u0101dai. Produkts neaizsprosto poras, neizce\u013c \u0101das tekst\u016bru un pal\u012bdz saglab\u0101t svaigu un koptu \u0101das izskatu visas dienas garum\u0101.<\/p>\n<p data-start=\"1150\" data-end=\"1183\"><strong data-start=\"1150\" data-end=\"1183\">Galveno sast\u0101vda\u013cu iedarb\u012bba:<\/strong><\/p>\n<ul data-start=\"1185\" data-end=\"1443\">\n<li data-start=\"1185\" data-end=\"1282\">\n<p data-start=\"1187\" data-end=\"1282\"><strong data-start=\"1187\" data-end=\"1207\">Titanium Dioxide<\/strong> &#8211; miner\u0101ls UV filtrs, kas nodro\u0161ina pla\u0161a spektra UVA un UVB aizsardz\u012bbu<\/p>\n<\/li>\n<li data-start=\"1283\" data-end=\"1360\">\n<p data-start=\"1285\" data-end=\"1360\"><strong data-start=\"1285\" data-end=\"1310\">Gran\u0101t\u0101bola ekstrakts<\/strong> &#8211; pal\u012bdz uztur\u0113t \u0101das antioksidantu aizsardz\u012bbu<\/p>\n<\/li>\n<li data-start=\"1361\" data-end=\"1443\">\n<p data-start=\"1363\" data-end=\"1443\"><strong data-start=\"1363\" data-end=\"1389\">Prie\u017eu mizas ekstrakts<\/strong> &#8211; pal\u012bdz aizsarg\u0101t \u0101du no apk\u0101rt\u0113j\u0101s vides ietekmes<\/p>\n<\/li>\n<\/ul>\n<p data-start=\"1445\" data-end=\"1463\"><strong data-start=\"1445\" data-end=\"1463\">Kam piem\u0113rots:<\/strong><\/p>\n<p data-start=\"1465\" data-end=\"1633\">Piem\u0113rots visiem \u0101das tipiem, tostarp jut\u012bgai un uz akni tend\u0113tai \u0101dai. Ide\u0101li piem\u0113rots tiem, kas v\u0113las dienas laik\u0101 \u0113rti atjaunot saules aizsardz\u012bbu, neboj\u0101jot grimu.<\/p>\n<p data-start=\"1635\" data-end=\"1653\"><strong data-start=\"1635\" data-end=\"1647\">Tilpums:<\/strong> 7,5 g<\/p>\n","protected":false},"excerpt":{"rendered":"<p data-start=\"2038\" data-end=\"2068\">Miner\u0101ls saules aizsargp\u016bderis<\/p>\n<h2 data-start=\"2070\" data-end=\"2118\"><strong data-start=\"2070\" data-end=\"2118\">\u012apa\u0161\u012bbas Jane Iredale &#8211; Powder-Me SPF Refill<\/strong><\/h2>\n<p data-start=\"2120\" data-end=\"2377\">\u2714\ufe0f Nodro\u0161ina pla\u0161a spektra miner\u0101lu SPF 30 aizsardz\u012bbu<br data-start=\"2174\" data-end=\"2177\" \/>\u2714\ufe0f Piem\u0113rots saules aizsardz\u012bbas atjauno\u0161anai virs grima<br data-start=\"2233\" data-end=\"2236\" \/>\u2714\ufe0f Komfortabls ar\u012b jut\u012bgai un problem\u0101tiskai \u0101dai<br data-start=\"2285\" data-end=\"2288\" \/>\u2714\ufe0f Viegls un uz \u0101das neman\u0101ms p\u0101rkl\u0101jums<br data-start=\"2328\" data-end=\"2331\" \/>\u2714\ufe0f \u0112rts refill form\u0101ts atk\u0101rtotai lieto\u0161anai<\/p>\n","protected":false},"featured_media":65666,"template":"","meta":[],"pwb-brand":[1247],"product_brand":[],"product_cat":[770,731],"product_tag":[],"giftcard-category":[],"class_list":{"0":"post-75689","1":"product","2":"type-product","3":"status-publish","4":"has-post-thumbnail","6":"pwb-brand-jane-iredale-lv","7":"product_cat-grims","8":"product_cat-spf-aizsardziba","10":"first","11":"instock","12":"taxable","13":"shipping-taxable","14":"purchasable","15":"product-type-variable"},"acf":[],"brands":[{"id":1247,"name":"Jane Iredale","slug":"jane-iredale-lv"}],"_links":{"self":[{"href":"https:\/\/skinstudio.ee\/lv\/wp-json\/wp\/v2\/product\/75689","targetHints":{"allow":["GET"]}}],"collection":[{"href":"https:\/\/skinstudio.ee\/lv\/wp-json\/wp\/v2\/product"}],"about":[{"href":"https:\/\/skinstudio.ee\/lv\/wp-json\/wp\/v2\/types\/product"}],"version-history":[{"count":1,"href":"https:\/\/skinstudio.ee\/lv\/wp-json\/wp\/v2\/product\/75689\/revisions"}],"predecessor-version":[{"id":75694,"href":"https:\/\/skinstudio.ee\/lv\/wp-json\/wp\/v2\/product\/75689\/revisions\/75694"}],"wp:featuredmedia":[{"embeddable":true,"href":"https:\/\/skinstudio.ee\/lv\/wp-json\/wp\/v2\/media\/65666"}],"wp:attachment":[{"href":"https:\/\/skinstudio.ee\/lv\/wp-json\/wp\/v2\/media?parent=75689"}],"wp:term":[{"taxonomy":"pwb-brand","embeddable":true,"href":"https:\/\/skinstudio.ee\/lv\/wp-json\/wp\/v2\/pwb-brand?post=75689"},{"taxonomy":"product_brand","embeddable":true,"href":"https:\/\/skinstudio.ee\/lv\/wp-json\/wp\/v2\/product_brand?post=75689"},{"taxonomy":"product_cat","embeddable":true,"href":"https:\/\/skinstudio.ee\/lv\/wp-json\/wp\/v2\/product_cat?post=75689"},{"taxonomy":"product_tag","embeddable":true,"href":"https:\/\/skinstudio.ee\/lv\/wp-json\/wp\/v2\/product_tag?post=75689"},{"taxonomy":"giftcard-category","embeddable":true,"href":"https:\/\/skinstudio.ee\/lv\/wp-json\/wp\/v2\/giftcard-category?post=75689"}],"curies":[{"name":"wp","href":"https:\/\/api.w.org\/{rel}","templated":true}]}}