{"id":75704,"date":"2023-07-26T15:14:55","date_gmt":"2023-07-26T15:14:55","guid":{"rendered":"https:\/\/skinstudio.ee\/?post_type=product&#038;p=75704"},"modified":"2026-01-28T14:16:31","modified_gmt":"2026-01-28T14:16:31","slug":"empty-compact","status":"publish","type":"product","link":"https:\/\/skinstudio.ee\/lv\/catalog\/jane-iredale\/empty-compact\/","title":{"rendered":"Empty Compact"},"content":{"rendered":"<p data-start=\"263\" data-end=\"545\"><strong data-start=\"263\" data-end=\"296\">Empty Compact no Jane Iredale<\/strong> ir stil\u012bgs un iztur\u012bgs futl\u0101ris, kas paredz\u0113ts dro\u0161ai un \u0113rtai j\u016bsu iecien\u012bt\u0101ko pres\u0113to sejas kosm\u0113tikas produktu uzglab\u0101\u0161anai un lieto\u0161anai. Elegantais, minim\u0101listiskais dizains padara to ne tikai praktisku, bet ar\u012b par skaistu ikdienas aksesu\u0101ru.<\/p>\n<p data-start=\"547\" data-end=\"805\">Iztur\u012bgais alum\u012bnija korpuss ir paredz\u0113ts ilgsto\u0161ai lieto\u0161anai un uzticami aizsarg\u0101 produktus no boj\u0101jumiem. Magn\u0113tisk\u0101 aizdare notur futl\u0101ri dro\u0161i aizv\u0113rtu, bet ieb\u016bv\u0113tais spogulis \u013cauj \u0101tri un \u0113rti pielabot grimu jebkur\u0101 br\u012bd\u012b &#8211; m\u0101j\u0101s, darb\u0101 vai esot ce\u013c\u0101.<\/p>\n<p data-start=\"807\" data-end=\"1036\">Empty Compact ir izstr\u0101d\u0101ts atk\u0101rtotai lieto\u0161anai un \u013cauj viegli nomain\u012bt refillus. Futl\u0101ris ir sader\u012bgs ar PurePressed Base, PureMatte pres\u0113to p\u016bderi un Beyond Matte HD p\u016bderi, padarot to par daudzpus\u012bgu un praktisku risin\u0101jumu.<\/p>\n","protected":false},"excerpt":{"rendered":"<p data-start=\"1228\" data-end=\"1257\">Futl\u0101ris pres\u0113tiem produktiem<\/p>\n<h2 data-start=\"1259\" data-end=\"1300\"><strong data-start=\"1259\" data-end=\"1300\">\u012apa\u0161\u012bbas Jane Iredale &#8211; Empty Compact<\/strong><\/h2>\n<p data-start=\"1302\" data-end=\"1564\">\u2714\ufe0f Dro\u0161i aizsarg\u0101 pres\u0113tos produktus no boj\u0101jumiem<br data-start=\"1352\" data-end=\"1355\" \/>\u2714\ufe0f Iztur\u012bgs alum\u012bnija korpuss ar magn\u0113tisku aizdari<br data-start=\"1406\" data-end=\"1409\" \/>\u2714\ufe0f Ieb\u016bv\u0113ts spogulis \u0113rtai grima korekcijai<br data-start=\"1452\" data-end=\"1455\" \/>\u2714\ufe0f Paredz\u0113ts atk\u0101rtotai lieto\u0161anai ar refill sist\u0113mu<br data-start=\"1507\" data-end=\"1510\" \/>\u2714\ufe0f Ide\u0101li piem\u0113rots ce\u013co\u0161anai un ikdienas lieto\u0161anai<\/p>\n","protected":false},"featured_media":65671,"template":"","meta":[],"pwb-brand":[1247],"product_brand":[],"product_cat":[770],"product_tag":[],"giftcard-category":[],"class_list":{"0":"post-75704","1":"product","2":"type-product","3":"status-publish","4":"has-post-thumbnail","6":"pwb-brand-jane-iredale","7":"product_cat-grims","9":"first","10":"instock","11":"taxable","12":"shipping-taxable","13":"purchasable","14":"product-type-simple"},"acf":[],"brands":[{"id":1247,"name":"Jane Iredale","slug":"jane-iredale"}],"_links":{"self":[{"href":"https:\/\/skinstudio.ee\/lv\/wp-json\/wp\/v2\/product\/75704","targetHints":{"allow":["GET"]}}],"collection":[{"href":"https:\/\/skinstudio.ee\/lv\/wp-json\/wp\/v2\/product"}],"about":[{"href":"https:\/\/skinstudio.ee\/lv\/wp-json\/wp\/v2\/types\/product"}],"version-history":[{"count":1,"href":"https:\/\/skinstudio.ee\/lv\/wp-json\/wp\/v2\/product\/75704\/revisions"}],"predecessor-version":[{"id":75706,"href":"https:\/\/skinstudio.ee\/lv\/wp-json\/wp\/v2\/product\/75704\/revisions\/75706"}],"wp:featuredmedia":[{"embeddable":true,"href":"https:\/\/skinstudio.ee\/lv\/wp-json\/wp\/v2\/media\/65671"}],"wp:attachment":[{"href":"https:\/\/skinstudio.ee\/lv\/wp-json\/wp\/v2\/media?parent=75704"}],"wp:term":[{"taxonomy":"pwb-brand","embeddable":true,"href":"https:\/\/skinstudio.ee\/lv\/wp-json\/wp\/v2\/pwb-brand?post=75704"},{"taxonomy":"product_brand","embeddable":true,"href":"https:\/\/skinstudio.ee\/lv\/wp-json\/wp\/v2\/product_brand?post=75704"},{"taxonomy":"product_cat","embeddable":true,"href":"https:\/\/skinstudio.ee\/lv\/wp-json\/wp\/v2\/product_cat?post=75704"},{"taxonomy":"product_tag","embeddable":true,"href":"https:\/\/skinstudio.ee\/lv\/wp-json\/wp\/v2\/product_tag?post=75704"},{"taxonomy":"giftcard-category","embeddable":true,"href":"https:\/\/skinstudio.ee\/lv\/wp-json\/wp\/v2\/giftcard-category?post=75704"}],"curies":[{"name":"wp","href":"https:\/\/api.w.org\/{rel}","templated":true}]}}