{"id":75714,"date":"2023-05-24T17:57:38","date_gmt":"2023-05-24T17:57:38","guid":{"rendered":"https:\/\/skinstudio.ee\/?post_type=product&#038;p=75714"},"modified":"2026-01-28T14:16:31","modified_gmt":"2026-01-28T14:16:31","slug":"just-kissed-lip-cheek-stain","status":"publish","type":"product","link":"https:\/\/skinstudio.ee\/lv\/catalog\/jane-iredale-lv\/just-kissed-lip-cheek-stain\/","title":{"rendered":"Just Kissed\u00ae Lip &amp; Cheek Stain"},"content":{"rendered":"<div class=\"product-details-usage product-view-details__toggle\" data-v-20d61a44=\"\" data-v-50b01f9e=\"\">\n<div class=\"product-details-usage__wrapper\" data-v-20d61a44=\"\">\n<div class=\"expand-toggle\" data-v-660f3bbf=\"\" data-v-20d61a44=\"\">\n<div class=\"expand-toggle__body\" data-v-660f3bbf=\"\">\n<p data-start=\"375\" data-end=\"662\"><strong data-start=\"375\" data-end=\"424\">Just Kissed\u00ae Lip &amp; Cheek Stain no Jane Iredale<\/strong> ir daudzfunkcion\u0101ls l\u012bdzeklis l\u016bp\u0101m un vaigiem, kas piel\u0101gojas individu\u0101lajam \u0101das tonim un rada unik\u0101lu, dabisku roz\u0101 toni ar skaistu dzi\u013cumu. Formula rea\u0123\u0113 uz \u0101das siltumu, t\u0101p\u0113c kr\u0101sa katram izskat\u0101s nedaudz at\u0161\u0137ir\u012bga un \u013coti dabiska.<\/p>\n<p data-start=\"664\" data-end=\"860\">Produkts viegli kl\u0101jas uz \u0101das, to neizsausina un nodro\u0161ina notur\u012bgu, bet vienlaikus svaigu un komfortablu rezult\u0101tu. Tekst\u016bra ir pat\u012bkama, nav lip\u012bga un lieliski piem\u0113rota gan l\u016bp\u0101m, gan vaigiem.<\/p>\n<p data-start=\"862\" data-end=\"1061\">Sast\u0101v\u0101 ir barojo\u0161as e\u013c\u013cas un augu ekstrakti, kas pal\u012bdz saglab\u0101t \u0101du maigu un mitrin\u0101tu. Ol\u012bvu un avokado e\u013c\u013ca baro \u0101du, pie\u0161\u0137irot l\u016bp\u0101m vieglu dabisku sp\u012bdumu un vaigiem &#8211; maigu, vesel\u012bgu mirdzumu.<\/p>\n<p data-start=\"1063\" data-end=\"1096\"><strong data-start=\"1063\" data-end=\"1096\">Galveno sast\u0101vda\u013cu iedarb\u012bba:<\/strong><\/p>\n<ul data-start=\"1098\" data-end=\"1361\">\n<li data-start=\"1098\" data-end=\"1181\">\n<p data-start=\"1100\" data-end=\"1181\"><strong data-start=\"1100\" data-end=\"1125\">Ol\u012bvu un avokado e\u013c\u013ca<\/strong> &#8211; baro un m\u012bkstina \u0101du, pal\u012bdz nov\u0113rst sausuma saj\u016btu<\/p>\n<\/li>\n<li data-start=\"1182\" data-end=\"1260\">\n<p data-start=\"1184\" data-end=\"1260\"><strong data-start=\"1184\" data-end=\"1214\">Jojobas e\u013c\u013ca un bi\u0161u vasks<\/strong> &#8211; pal\u012bdz saglab\u0101t komfortu un \u0101das elast\u012bbu<\/p>\n<\/li>\n<li data-start=\"1261\" data-end=\"1361\">\n<p data-start=\"1263\" data-end=\"1361\"><strong data-start=\"1263\" data-end=\"1313\">Augu ekstrakti (gran\u0101t\u0101bols, ogas, balt\u0101 t\u0113ja)<\/strong> &#8211; pal\u012bdz uztur\u0113t \u0101das koptu un svaigu izskatu<\/p>\n<\/li>\n<\/ul>\n<p data-start=\"1363\" data-end=\"1379\"><strong data-start=\"1363\" data-end=\"1375\">Tilpums:<\/strong> 3 g<\/p>\n<p data-start=\"1381\" data-end=\"1513\">\n<\/div>\n<\/div>\n<\/div>\n<\/div>\n","protected":false},"excerpt":{"rendered":"<p data-start=\"1515\" data-end=\"1567\">Daudzfunkcion\u0101ls ton\u0113jo\u0161s l\u012bdzeklis l\u016bp\u0101m un vaigiem<\/p>\n<h2 data-start=\"1569\" data-end=\"1626\"><strong data-start=\"1569\" data-end=\"1626\">\u012apa\u0161\u012bbas Jane Iredale &#8211; Just Kissed\u00ae Lip &amp; Cheek Stain<\/strong><\/h2>\n<p data-start=\"1628\" data-end=\"1845\">\u2714\ufe0f Piel\u0101gojas individu\u0101lajam \u0101das tonim<br data-start=\"1667\" data-end=\"1670\" \/>\u2714\ufe0f Pie\u0161\u0137ir dabisku roz\u0101 toni ar dzi\u013cumu<br data-start=\"1709\" data-end=\"1712\" \/>\u2714\ufe0f Neizsausina \u0101du un ir komfortabls lieto\u0161an\u0101<br data-start=\"1758\" data-end=\"1761\" \/>\u2714\ufe0f Piem\u0113rots gan l\u016bp\u0101m, gan vaigiem<br data-start=\"1796\" data-end=\"1799\" \/>\u2714\ufe0f Pie\u0161\u0137ir vieglu mirdzumu un svaigu izskatu<\/p>\n","protected":false},"featured_media":65676,"template":"","meta":[],"pwb-brand":[1247],"product_brand":[],"product_cat":[770,759],"product_tag":[],"giftcard-category":[],"class_list":{"0":"post-75714","1":"product","2":"type-product","3":"status-publish","4":"has-post-thumbnail","6":"pwb-brand-jane-iredale-lv","7":"product_cat-grims","8":"product_cat-lupu-kopsana","9":"pa_suurus-05-forever-pink-lv","11":"first","12":"instock","13":"taxable","14":"shipping-taxable","15":"purchasable","16":"product-type-variable"},"acf":[],"brands":[{"id":1247,"name":"Jane Iredale","slug":"jane-iredale-lv"}],"_links":{"self":[{"href":"https:\/\/skinstudio.ee\/lv\/wp-json\/wp\/v2\/product\/75714","targetHints":{"allow":["GET"]}}],"collection":[{"href":"https:\/\/skinstudio.ee\/lv\/wp-json\/wp\/v2\/product"}],"about":[{"href":"https:\/\/skinstudio.ee\/lv\/wp-json\/wp\/v2\/types\/product"}],"version-history":[{"count":1,"href":"https:\/\/skinstudio.ee\/lv\/wp-json\/wp\/v2\/product\/75714\/revisions"}],"predecessor-version":[{"id":75718,"href":"https:\/\/skinstudio.ee\/lv\/wp-json\/wp\/v2\/product\/75714\/revisions\/75718"}],"wp:featuredmedia":[{"embeddable":true,"href":"https:\/\/skinstudio.ee\/lv\/wp-json\/wp\/v2\/media\/65676"}],"wp:attachment":[{"href":"https:\/\/skinstudio.ee\/lv\/wp-json\/wp\/v2\/media?parent=75714"}],"wp:term":[{"taxonomy":"pwb-brand","embeddable":true,"href":"https:\/\/skinstudio.ee\/lv\/wp-json\/wp\/v2\/pwb-brand?post=75714"},{"taxonomy":"product_brand","embeddable":true,"href":"https:\/\/skinstudio.ee\/lv\/wp-json\/wp\/v2\/product_brand?post=75714"},{"taxonomy":"product_cat","embeddable":true,"href":"https:\/\/skinstudio.ee\/lv\/wp-json\/wp\/v2\/product_cat?post=75714"},{"taxonomy":"product_tag","embeddable":true,"href":"https:\/\/skinstudio.ee\/lv\/wp-json\/wp\/v2\/product_tag?post=75714"},{"taxonomy":"giftcard-category","embeddable":true,"href":"https:\/\/skinstudio.ee\/lv\/wp-json\/wp\/v2\/giftcard-category?post=75714"}],"curies":[{"name":"wp","href":"https:\/\/api.w.org\/{rel}","templated":true}]}}