{"id":75727,"date":"2023-05-24T17:57:30","date_gmt":"2023-05-24T17:57:30","guid":{"rendered":"https:\/\/skinstudio.ee\/?post_type=product&#038;p=75727"},"modified":"2026-01-28T14:16:32","modified_gmt":"2026-01-28T14:16:32","slug":"rose-gold-retractable-handi-brush","status":"publish","type":"product","link":"https:\/\/skinstudio.ee\/lv\/catalog\/jane-iredale\/rose-gold-retractable-handi-brush\/","title":{"rendered":"Rose Gold Retractable Handi Brush"},"content":{"rendered":"<p data-start=\"260\" data-end=\"509\"><strong data-start=\"260\" data-end=\"313\">Rose Gold Retractable Handi Brush no Jane Iredale<\/strong> ir \u0113rta un kompakta ota ar gariem sint\u0113tiskiem sariem, kas paredz\u0113ta kompakt\u0101 p\u016bdera un citu pres\u0113tu tekst\u016bru uzkl\u0101\u0161anai. T\u0101 pal\u012bdz pan\u0101kt vienm\u0113r\u012bgu un gludu rezult\u0101tu bez sv\u012btr\u0101m un plankumiem.<\/p>\n<p data-start=\"511\" data-end=\"689\">\u012apa\u0161i m\u012bkstie sari ir maigi pret \u0101du un \u013cauj vienm\u0113r\u012bgi izklied\u0113t produktu pa seju. Labi l\u012bdzsvarot\u0101 forma nodro\u0161ina \u0113rtu kontroli gan vieglam, gan k\u0101rt\u0101s uzkl\u0101jamam p\u0101rkl\u0101jumam.<\/p>\n<p data-start=\"691\" data-end=\"886\">Izvelkamais meh\u0101nisms padara otu \u012bpa\u0161i praktisku n\u0113s\u0101\u0161anai som\u0101 vai kosm\u0113tikas maci\u0146\u0101, jo sari ir pasarg\u0101ti no net\u012brumiem un deform\u0101cijas. T\u0101 ir ide\u0101ls instruments gan lieto\u0161anai m\u0101j\u0101s, gan ce\u013c\u0101.<\/p>\n","protected":false},"excerpt":{"rendered":"<div class=\"expand-toggle__head\" data-v-42d44b3b=\"\">\n<p data-start=\"995\" data-end=\"1018\">Ota kompaktajam p\u016bderim<\/p>\n<h2 data-start=\"1020\" data-end=\"1081\"><strong data-start=\"1020\" data-end=\"1081\">\u012apa\u0161\u012bbas Jane Iredale &#8211; Rose Gold Retractable Handi Brush<\/strong><\/h2>\n<p data-start=\"1083\" data-end=\"1324\">\u2714\ufe0f Nodro\u0161ina vienm\u0113r\u012bgu un gludu p\u016bdera uzkl\u0101\u0161anu<br data-start=\"1132\" data-end=\"1135\" \/>\u2714\ufe0f \u012apa\u0161i m\u012bksti sint\u0113tiskie sari, maigi pret \u0101du<br data-start=\"1183\" data-end=\"1186\" \/>\u2714\ufe0f Piem\u0113rota kompakt\u0101m un pres\u0113t\u0101m tekst\u016br\u0101m<br data-start=\"1230\" data-end=\"1233\" \/>\u2714\ufe0f Izvelkamais dizains aizsarg\u0101 sarus<br data-start=\"1270\" data-end=\"1273\" \/>\u2714\ufe0f Ide\u0101li piem\u0113rota lieto\u0161anai m\u0101j\u0101s un ce\u013cojumos<\/p>\n<\/div>\n","protected":false},"featured_media":65706,"template":"","meta":[],"pwb-brand":[1247],"product_brand":[],"product_cat":[770],"product_tag":[],"giftcard-category":[],"class_list":{"0":"post-75727","1":"product","2":"type-product","3":"status-publish","4":"has-post-thumbnail","6":"pwb-brand-jane-iredale","7":"product_cat-grims","9":"first","10":"instock","11":"taxable","12":"shipping-taxable","13":"purchasable","14":"product-type-simple"},"acf":[],"brands":[{"id":1247,"name":"Jane Iredale","slug":"jane-iredale"}],"_links":{"self":[{"href":"https:\/\/skinstudio.ee\/lv\/wp-json\/wp\/v2\/product\/75727","targetHints":{"allow":["GET"]}}],"collection":[{"href":"https:\/\/skinstudio.ee\/lv\/wp-json\/wp\/v2\/product"}],"about":[{"href":"https:\/\/skinstudio.ee\/lv\/wp-json\/wp\/v2\/types\/product"}],"version-history":[{"count":1,"href":"https:\/\/skinstudio.ee\/lv\/wp-json\/wp\/v2\/product\/75727\/revisions"}],"predecessor-version":[{"id":75730,"href":"https:\/\/skinstudio.ee\/lv\/wp-json\/wp\/v2\/product\/75727\/revisions\/75730"}],"wp:featuredmedia":[{"embeddable":true,"href":"https:\/\/skinstudio.ee\/lv\/wp-json\/wp\/v2\/media\/65706"}],"wp:attachment":[{"href":"https:\/\/skinstudio.ee\/lv\/wp-json\/wp\/v2\/media?parent=75727"}],"wp:term":[{"taxonomy":"pwb-brand","embeddable":true,"href":"https:\/\/skinstudio.ee\/lv\/wp-json\/wp\/v2\/pwb-brand?post=75727"},{"taxonomy":"product_brand","embeddable":true,"href":"https:\/\/skinstudio.ee\/lv\/wp-json\/wp\/v2\/product_brand?post=75727"},{"taxonomy":"product_cat","embeddable":true,"href":"https:\/\/skinstudio.ee\/lv\/wp-json\/wp\/v2\/product_cat?post=75727"},{"taxonomy":"product_tag","embeddable":true,"href":"https:\/\/skinstudio.ee\/lv\/wp-json\/wp\/v2\/product_tag?post=75727"},{"taxonomy":"giftcard-category","embeddable":true,"href":"https:\/\/skinstudio.ee\/lv\/wp-json\/wp\/v2\/giftcard-category?post=75727"}],"curies":[{"name":"wp","href":"https:\/\/api.w.org\/{rel}","templated":true}]}}