{"id":75738,"date":"2023-05-24T17:57:30","date_gmt":"2023-05-24T17:57:30","guid":{"rendered":"https:\/\/skinstudio.ee\/?post_type=product&#038;p=75738"},"modified":"2026-01-28T14:16:31","modified_gmt":"2026-01-28T14:16:31","slug":"powder-me-spf-refillable-brush","status":"publish","type":"product","link":"https:\/\/skinstudio.ee\/lv\/catalog\/jane-iredale-lv\/powder-me-spf-refillable-brush\/","title":{"rendered":"Powder-Me SPF Refillable Brush"},"content":{"rendered":"<p data-start=\"285\" data-end=\"562\"><strong data-start=\"285\" data-end=\"335\">Powder-Me SPF Refillable Brush no Jane Iredale<\/strong> ir \u012bpa\u0161i viegls miner\u0101ls saules aizsargp\u016bderis otas form\u0101t\u0101, kas paredz\u0113ts sejas, \u0137erme\u0146a un galvas \u0101das aizsardz\u012bbai pret UV starojumu. Viegl\u0101 tekst\u016bra vienm\u0113r\u012bgi kl\u0101jas uz \u0101das, neradot smaguma saj\u016btu un nep\u0101rslogojot grimu.<\/p>\n<p data-start=\"564\" data-end=\"754\">Produktu var lietot gan uz t\u012bras \u0101das, gan virs grima visas dienas garum\u0101, lai \u0113rti atjaunotu saules aizsardz\u012bbu. Otas form\u0101ts padara uzkl\u0101\u0161anu \u0101tru, t\u012bru un \u0113rtu &#8211; gan m\u0101j\u0101s, gan esot ce\u013c\u0101.<\/p>\n<p data-start=\"756\" data-end=\"946\">Miner\u0101l\u0101 formula ir piem\u0113rota visiem \u0101das tipiem, tostarp jut\u012bgai un uz akni tend\u0113tai \u0101dai. P\u016bderis neaizsprosto poras, neizce\u013c \u0101das tekst\u016bru un pal\u012bdz saglab\u0101t svaigu un koptu \u0101das izskatu.<\/p>\n<p data-start=\"948\" data-end=\"981\"><strong data-start=\"948\" data-end=\"981\">Galveno sast\u0101vda\u013cu iedarb\u012bba:<\/strong><\/p>\n<ul data-start=\"983\" data-end=\"1288\">\n<li data-start=\"983\" data-end=\"1091\">\n<p data-start=\"985\" data-end=\"1091\"><strong data-start=\"985\" data-end=\"1025\">Mica, Montmorillonite, Boron Nitride<\/strong> &#8211; nodro\u0161ina vieglu saj\u016btu un pal\u012bdz pan\u0101kt vienm\u0113r\u012bgu uzkl\u0101\u0161anu<\/p>\n<\/li>\n<li data-start=\"1092\" data-end=\"1189\">\n<p data-start=\"1094\" data-end=\"1189\"><strong data-start=\"1094\" data-end=\"1137\">Gran\u0101t\u0101bola ekstrakts (Punica Granatum)<\/strong> &#8211; pal\u012bdz atbalst\u012bt \u0101das antioksidantu aizsardz\u012bbu<\/p>\n<\/li>\n<li data-start=\"1190\" data-end=\"1288\">\n<p data-start=\"1192\" data-end=\"1288\"><strong data-start=\"1192\" data-end=\"1234\">Prie\u017eu mizas ekstrakts (Pinus Strobus)<\/strong> &#8211; pal\u012bdz aizsarg\u0101t \u0101du no apk\u0101rt\u0113j\u0101s vides ietekmes<\/p>\n<\/li>\n<\/ul>\n<p data-start=\"1290\" data-end=\"1306\"><strong data-start=\"1290\" data-end=\"1302\">Tilpums:<\/strong> 5 g<\/p>\n","protected":false},"excerpt":{"rendered":"<p data-start=\"1567\" data-end=\"1632\">\u012apa\u0161i viegls saules aizsargp\u016bderis sejai, \u0137ermenim un galvas \u0101dai<\/p>\n<h2 data-start=\"1634\" data-end=\"1692\"><strong data-start=\"1634\" data-end=\"1692\">\u012apa\u0161\u012bbas Jane Iredale &#8211; Powder-Me SPF Refillable Brush<\/strong><\/h2>\n<p data-start=\"1694\" data-end=\"1986\">\u2714\ufe0f Nodro\u0161ina pla\u0161a spektra SPF 30 aizsardz\u012bbu (UVA \/ UVB)<br data-start=\"1751\" data-end=\"1754\" \/>\u2714\ufe0f \u016adensiztur\u012bgs l\u012bdz 40 min\u016bt\u0113m<br data-start=\"1786\" data-end=\"1789\" \/>\u2714\ufe0f Piem\u0113rots visiem \u0101das tipiem<br data-start=\"1862\" data-end=\"1865\" \/>\u2714\ufe0f \u0112rts otas form\u0101ts aizsardz\u012bbas atjauno\u0161anai dienas laik\u0101<br data-start=\"1924\" data-end=\"1927\" \/>\u2714\ufe0f Komplekt\u0101 2 uzpild\u0101mi konteineri atk\u0101rtotai lieto\u0161anai<\/p>\n","protected":false},"featured_media":65696,"template":"","meta":[],"pwb-brand":[1247],"product_brand":[],"product_cat":[770,731],"product_tag":[],"giftcard-category":[],"class_list":{"0":"post-75738","1":"product","2":"type-product","3":"status-publish","4":"has-post-thumbnail","6":"pwb-brand-jane-iredale-lv","7":"product_cat-grims","8":"product_cat-spf-aizsardziba","9":"pa_suurus-03-tanned-lv","10":"pa_suurus-04-translucent-lv","11":"pa_suurus-07-golden-lv","12":"pa_suurus-09-nude-lv","14":"first","15":"instock","16":"sale","17":"taxable","18":"shipping-taxable","19":"purchasable","20":"product-type-variable"},"acf":[],"brands":[{"id":1247,"name":"Jane Iredale","slug":"jane-iredale-lv"}],"_links":{"self":[{"href":"https:\/\/skinstudio.ee\/lv\/wp-json\/wp\/v2\/product\/75738","targetHints":{"allow":["GET"]}}],"collection":[{"href":"https:\/\/skinstudio.ee\/lv\/wp-json\/wp\/v2\/product"}],"about":[{"href":"https:\/\/skinstudio.ee\/lv\/wp-json\/wp\/v2\/types\/product"}],"version-history":[{"count":1,"href":"https:\/\/skinstudio.ee\/lv\/wp-json\/wp\/v2\/product\/75738\/revisions"}],"predecessor-version":[{"id":75745,"href":"https:\/\/skinstudio.ee\/lv\/wp-json\/wp\/v2\/product\/75738\/revisions\/75745"}],"wp:featuredmedia":[{"embeddable":true,"href":"https:\/\/skinstudio.ee\/lv\/wp-json\/wp\/v2\/media\/65696"}],"wp:attachment":[{"href":"https:\/\/skinstudio.ee\/lv\/wp-json\/wp\/v2\/media?parent=75738"}],"wp:term":[{"taxonomy":"pwb-brand","embeddable":true,"href":"https:\/\/skinstudio.ee\/lv\/wp-json\/wp\/v2\/pwb-brand?post=75738"},{"taxonomy":"product_brand","embeddable":true,"href":"https:\/\/skinstudio.ee\/lv\/wp-json\/wp\/v2\/product_brand?post=75738"},{"taxonomy":"product_cat","embeddable":true,"href":"https:\/\/skinstudio.ee\/lv\/wp-json\/wp\/v2\/product_cat?post=75738"},{"taxonomy":"product_tag","embeddable":true,"href":"https:\/\/skinstudio.ee\/lv\/wp-json\/wp\/v2\/product_tag?post=75738"},{"taxonomy":"giftcard-category","embeddable":true,"href":"https:\/\/skinstudio.ee\/lv\/wp-json\/wp\/v2\/giftcard-category?post=75738"}],"curies":[{"name":"wp","href":"https:\/\/api.w.org\/{rel}","templated":true}]}}