{"id":75922,"date":"2026-01-22T09:42:37","date_gmt":"2026-01-22T09:42:37","guid":{"rendered":"https:\/\/skinstudio.ee\/?post_type=product&#038;p=75922"},"modified":"2026-01-22T09:48:07","modified_gmt":"2026-01-22T09:48:07","slug":"starter-skin-care-management-system","status":"publish","type":"product","link":"https:\/\/skinstudio.ee\/lv\/catalog\/jan-marini-lv\/starter-skin-care-management-system\/","title":{"rendered":"Starter Skin Care Management System"},"content":{"rendered":"<p data-start=\"197\" data-end=\"568\">Starter Skin Care Management System no Marini SkinSolutions ir ce\u013cojuma form\u0101ta komplekts pilnv\u0113rt\u012bgai, pak\u0101peniskai \u0101das kop\u0161anas rut\u012bnai, kas izstr\u0101d\u0101ta galveno est\u0113tisko probl\u0113mu risin\u0101\u0161anai un vesel\u012bga, koptas \u0101das izskata uztur\u0113\u0161anai. Sist\u0113ma apvieno piecus augsto tehnolo\u0123iju produktus, kurus lieto sec\u012bgi un kuri darbojas siner\u0123ij\u0101, papildinot cits cita iedarb\u012bbu.<\/p>\n<p data-start=\"570\" data-end=\"900\">Komplekts pal\u012bdz att\u012br\u012bt \u0101du, atjaunot t\u0101s virsmu, veicin\u0101t vienm\u0113r\u012bg\u0101ku toni un tekst\u016bru, k\u0101 ar\u012b dienas laik\u0101 aizsarg\u0101t \u0101du no UF\/UV starojuma. Formulas ir izstr\u0101d\u0101tas t\u0101, lai kop\u0161ana b\u016btu efekt\u012bva, bet vienlaikus \u0113rta ar\u012b regul\u0101rai lieto\u0161anai. Sist\u0113ma ir vair\u0101kk\u0101rt\u0113js balvu ieguv\u0113js un sa\u0146\u0113musi daudzas profesion\u0101las atzin\u012bbas.<\/p>\n<p data-start=\"902\" data-end=\"925\"><strong data-start=\"902\" data-end=\"925\">Komplekt\u0101 ietilpst:<\/strong><\/p>\n<ul data-start=\"927\" data-end=\"1406\">\n<li data-start=\"927\" data-end=\"1013\">\n<p data-start=\"929\" data-end=\"1013\"><strong data-start=\"929\" data-end=\"951\">C-ESTA Face Serum:<\/strong> atjaunojo\u0161s serums ar C vitam\u012bnu un DMAE visiem \u0101das tipiem<\/p>\n<\/li>\n<li data-start=\"1014\" data-end=\"1122\">\n<p data-start=\"1016\" data-end=\"1122\"><strong data-start=\"1016\" data-end=\"1036\">Bioclear Lotion:<\/strong> multifunkcion\u0101ls kori\u0123\u0113jo\u0161s losjons ar sk\u0101bju kompleksu norm\u0101lai un kombin\u0113tai \u0101dai<\/p>\n<\/li>\n<li data-start=\"1123\" data-end=\"1223\">\n<p data-start=\"1125\" data-end=\"1223\"><strong data-start=\"1125\" data-end=\"1155\">Transformation Face Cream:<\/strong> kr\u0113ms, kas atbalsta \u0101das strukt\u016bru atjauno\u0161anu visiem \u0101das tipiem<\/p>\n<\/li>\n<li data-start=\"1224\" data-end=\"1330\">\n<p data-start=\"1226\" data-end=\"1330\"><strong data-start=\"1226\" data-end=\"1271\">Antioxidant Daily Face Protectant SPF 33:<\/strong> antioksidantu saules aizsargkr\u0113ms ar mitrino\u0161u iedarb\u012bbu<\/p>\n<\/li>\n<li data-start=\"1331\" data-end=\"1406\">\n<p data-start=\"1333\" data-end=\"1406\"><strong data-start=\"1333\" data-end=\"1363\">Bioglycolic Face Cleanser:<\/strong> att\u012bro\u0161s l\u012bdzeklis uz glikolsk\u0101bes b\u0101zes<\/p>\n<\/li>\n<\/ul>\n<p data-start=\"1408\" data-end=\"1583\">Komplekts ir piem\u0113rots \u0101dai ar nevienm\u0113r\u012bgu tekst\u016bru, bl\u0101vu toni un redzam\u0101m est\u0113tisk\u0101m nepiln\u012bb\u0101m, k\u0101 ar\u012b tiem, kuri v\u0113las pilnv\u0113rt\u012bgu kop\u0161anas sist\u0113mu \u0113rt\u0101 ce\u013cojuma form\u0101t\u0101.<\/p>\n","protected":false},"excerpt":{"rendered":"<p data-start=\"1981\" data-end=\"2020\">Pilnv\u0113rt\u012bgs ce\u013cojuma kop\u0161anas komplekts<\/p>\n<h2 data-start=\"2022\" data-end=\"2104\"><strong data-start=\"2022\" data-end=\"2104\">Komplekt\u0101 Marini SkinSolutions &#8211; Starter Skin Care Management System ietilpst:<\/strong><\/h2>\n<p data-start=\"2106\" data-end=\"2257\">\u2714\ufe0f Bioglycolic Face Cleanser<br data-start=\"2134\" data-end=\"2137\" \/>\u2714\ufe0f C-ESTA Face Serum<br data-start=\"2157\" data-end=\"2160\" \/>\u2714\ufe0f Bioclear Lotion<br data-start=\"2178\" data-end=\"2181\" \/>\u2714\ufe0f Transformation Face Cream<br data-start=\"2209\" data-end=\"2212\" \/>\u2714\ufe0f Antioxidant Daily Face Protectant SPF 33<\/p>\n","protected":false},"featured_media":75915,"template":"","meta":[],"pwb-brand":[1245],"product_brand":[],"product_cat":[764,755],"product_tag":[],"giftcard-category":[],"class_list":{"0":"post-75922","1":"product","2":"type-product","3":"status-publish","4":"has-post-thumbnail","6":"pwb-brand-jan-marini-lv","7":"product_cat-davanu-ideja","8":"product_cat-komplekts","10":"first","11":"instock","12":"taxable","13":"shipping-taxable","14":"purchasable","15":"product-type-simple"},"acf":[],"brands":[{"id":1245,"name":"Marini SkinSolutions","slug":"jan-marini-lv"}],"_links":{"self":[{"href":"https:\/\/skinstudio.ee\/lv\/wp-json\/wp\/v2\/product\/75922","targetHints":{"allow":["GET"]}}],"collection":[{"href":"https:\/\/skinstudio.ee\/lv\/wp-json\/wp\/v2\/product"}],"about":[{"href":"https:\/\/skinstudio.ee\/lv\/wp-json\/wp\/v2\/types\/product"}],"version-history":[{"count":1,"href":"https:\/\/skinstudio.ee\/lv\/wp-json\/wp\/v2\/product\/75922\/revisions"}],"predecessor-version":[{"id":75923,"href":"https:\/\/skinstudio.ee\/lv\/wp-json\/wp\/v2\/product\/75922\/revisions\/75923"}],"wp:featuredmedia":[{"embeddable":true,"href":"https:\/\/skinstudio.ee\/lv\/wp-json\/wp\/v2\/media\/75915"}],"wp:attachment":[{"href":"https:\/\/skinstudio.ee\/lv\/wp-json\/wp\/v2\/media?parent=75922"}],"wp:term":[{"taxonomy":"pwb-brand","embeddable":true,"href":"https:\/\/skinstudio.ee\/lv\/wp-json\/wp\/v2\/pwb-brand?post=75922"},{"taxonomy":"product_brand","embeddable":true,"href":"https:\/\/skinstudio.ee\/lv\/wp-json\/wp\/v2\/product_brand?post=75922"},{"taxonomy":"product_cat","embeddable":true,"href":"https:\/\/skinstudio.ee\/lv\/wp-json\/wp\/v2\/product_cat?post=75922"},{"taxonomy":"product_tag","embeddable":true,"href":"https:\/\/skinstudio.ee\/lv\/wp-json\/wp\/v2\/product_tag?post=75922"},{"taxonomy":"giftcard-category","embeddable":true,"href":"https:\/\/skinstudio.ee\/lv\/wp-json\/wp\/v2\/giftcard-category?post=75922"}],"curies":[{"name":"wp","href":"https:\/\/api.w.org\/{rel}","templated":true}]}}