{"id":75993,"date":"2026-01-22T11:29:24","date_gmt":"2026-01-22T11:29:24","guid":{"rendered":"https:\/\/skinstudio.ee\/?post_type=product&#038;p=75993"},"modified":"2026-01-22T11:32:59","modified_gmt":"2026-01-22T11:32:59","slug":"skin-care-management-system-normal-combination-skin","status":"publish","type":"product","link":"https:\/\/skinstudio.ee\/lv\/catalog\/jan-marini-lv\/skin-care-management-system-normal-combination-skin\/","title":{"rendered":"Skin Care Management System &#8211; Normal \/ Combination Skin"},"content":{"rendered":"<p data-start=\"309\" data-end=\"624\"><strong data-start=\"309\" data-end=\"364\">Skin Care Management System no Marini SkinSolutions<\/strong> ir visaptvero\u0161a \u0101das kop\u0161anas sist\u0113ma, kas paredz\u0113ta ikdienas pak\u0101peniskai kop\u0161anai un pal\u012bdz uztur\u0113t vienm\u0113r\u012bg\u0101ku, kopt\u0101ku un vesel\u012bg\u0101ku \u0101das izskatu. Sist\u0113ma apvieno vair\u0101kus profesion\u0101lus l\u012bdzek\u013cus, kurus lieto sec\u012bgi un kuri papildina cits cita iedarb\u012bbu.<\/p>\n<p data-start=\"626\" data-end=\"829\">Komplekts pal\u012bdz maigi att\u012br\u012bt \u0101du, uztur\u0113t glud\u0101ku tekst\u016bru, koptu izskatu un aizsarg\u0101t \u0101du dienas laik\u0101. Formulas ir izstr\u0101d\u0101tas t\u0101, lai kop\u0161ana b\u016btu efekt\u012bva, bet vienlaikus \u0113rta regul\u0101rai lieto\u0161anai.<\/p>\n<p data-start=\"831\" data-end=\"848\">Komplekts ietver:<\/p>\n<ul data-start=\"850\" data-end=\"1234\">\n<li data-start=\"850\" data-end=\"916\">\n<p data-start=\"852\" data-end=\"916\">C-ESTA Face Serum: serums ar C vitam\u012bnu ikdienas \u0101das kop\u0161anai<\/p>\n<\/li>\n<li data-start=\"917\" data-end=\"988\">\n<p data-start=\"919\" data-end=\"988\">Bioglycolic Face Cleanser: att\u012bro\u0161s l\u012bdzeklis uz glikolsk\u0101bes b\u0101zes<\/p>\n<\/li>\n<li data-start=\"989\" data-end=\"1055\">\n<p data-start=\"991\" data-end=\"1055\">Bioclear Facial Lotion: multifunkcion\u0101ls losjons \u0101das kop\u0161anai<\/p>\n<\/li>\n<li data-start=\"1056\" data-end=\"1144\">\n<p data-start=\"1058\" data-end=\"1144\">Transformation Face Cream: kr\u0113ms, kas pal\u012bdz uztur\u0113t glud\u0101ku un kopt\u0101ku \u0101das izskatu<\/p>\n<\/li>\n<li data-start=\"1145\" data-end=\"1234\">\n<p data-start=\"1147\" data-end=\"1234\">Antioxidant Daily Face Protectant SPF 33: antioksidantu saules aizsargkr\u0113ms ar SPF 33<\/p>\n<\/li>\n<\/ul>\n<p data-start=\"1236\" data-end=\"1487\">Sist\u0113ma ir piem\u0113rota kombin\u0113tai un taukainai \u0101dai, k\u0101 ar\u012b \u0101dai ar nevienm\u0113r\u012bgu tekst\u016bru, bl\u0101vu toni un redzam\u0101m nepiln\u012bb\u0101m. Komplekts pal\u012bdz izveidot pilnv\u0113rt\u012bgu un lo\u0123isku ikdienas \u0101das kop\u0161anas rut\u012bnu bez nepiecie\u0161am\u012bbas atlas\u012bt produktus atsevi\u0161\u0137i.<\/p>\n","protected":false},"excerpt":{"rendered":"<p data-start=\"1768\" data-end=\"1789\">\u0100das kop\u0161anas sist\u0113ma<\/p>\n<h2 data-start=\"1791\" data-end=\"1863\"><strong data-start=\"1791\" data-end=\"1863\">Komplekts Marini SkinSolutions &#8211; Skin Care Management System ietver:<\/strong><\/h2>\n<p data-start=\"1865\" data-end=\"2023\">\u2714\ufe0f Bioglycolic Face Cleanser<br data-start=\"1893\" data-end=\"1896\" \/>\u2714\ufe0f C-ESTA Face Serum<br data-start=\"1916\" data-end=\"1919\" \/>\u2714\ufe0f Bioclear Facial Lotion<br data-start=\"1944\" data-end=\"1947\" \/>\u2714\ufe0f Transformation Face Cream<br data-start=\"1975\" data-end=\"1978\" \/>\u2714\ufe0f Antioxidant Daily Face Protectant SPF 33<\/p>\n","protected":false},"featured_media":75985,"template":"","meta":[],"pwb-brand":[1245],"product_brand":[],"product_cat":[764,755],"product_tag":[],"giftcard-category":[],"class_list":{"0":"post-75993","1":"product","2":"type-product","3":"status-publish","4":"has-post-thumbnail","6":"pwb-brand-jan-marini-lv","7":"product_cat-davanu-ideja","8":"product_cat-komplekts","10":"first","11":"instock","12":"taxable","13":"shipping-taxable","14":"purchasable","15":"product-type-simple"},"acf":[],"brands":[{"id":1245,"name":"Marini SkinSolutions","slug":"jan-marini-lv"}],"_links":{"self":[{"href":"https:\/\/skinstudio.ee\/lv\/wp-json\/wp\/v2\/product\/75993","targetHints":{"allow":["GET"]}}],"collection":[{"href":"https:\/\/skinstudio.ee\/lv\/wp-json\/wp\/v2\/product"}],"about":[{"href":"https:\/\/skinstudio.ee\/lv\/wp-json\/wp\/v2\/types\/product"}],"version-history":[{"count":1,"href":"https:\/\/skinstudio.ee\/lv\/wp-json\/wp\/v2\/product\/75993\/revisions"}],"predecessor-version":[{"id":75994,"href":"https:\/\/skinstudio.ee\/lv\/wp-json\/wp\/v2\/product\/75993\/revisions\/75994"}],"wp:featuredmedia":[{"embeddable":true,"href":"https:\/\/skinstudio.ee\/lv\/wp-json\/wp\/v2\/media\/75985"}],"wp:attachment":[{"href":"https:\/\/skinstudio.ee\/lv\/wp-json\/wp\/v2\/media?parent=75993"}],"wp:term":[{"taxonomy":"pwb-brand","embeddable":true,"href":"https:\/\/skinstudio.ee\/lv\/wp-json\/wp\/v2\/pwb-brand?post=75993"},{"taxonomy":"product_brand","embeddable":true,"href":"https:\/\/skinstudio.ee\/lv\/wp-json\/wp\/v2\/product_brand?post=75993"},{"taxonomy":"product_cat","embeddable":true,"href":"https:\/\/skinstudio.ee\/lv\/wp-json\/wp\/v2\/product_cat?post=75993"},{"taxonomy":"product_tag","embeddable":true,"href":"https:\/\/skinstudio.ee\/lv\/wp-json\/wp\/v2\/product_tag?post=75993"},{"taxonomy":"giftcard-category","embeddable":true,"href":"https:\/\/skinstudio.ee\/lv\/wp-json\/wp\/v2\/giftcard-category?post=75993"}],"curies":[{"name":"wp","href":"https:\/\/api.w.org\/{rel}","templated":true}]}}