{"id":76043,"date":"2026-01-22T12:24:46","date_gmt":"2026-01-22T12:24:46","guid":{"rendered":"https:\/\/skinstudio.ee\/?post_type=product&#038;p=76043"},"modified":"2026-01-22T12:30:59","modified_gmt":"2026-01-22T12:30:59","slug":"luminate-eye-gel","status":"publish","type":"product","link":"https:\/\/skinstudio.ee\/lv\/catalog\/jan-marini-lv\/luminate-eye-gel\/","title":{"rendered":"Luminate Eye Gel"},"content":{"rendered":"<p data-start=\"484\" data-end=\"776\"><strong data-start=\"484\" data-end=\"528\">Luminate Eye Gel no Marini SkinSolutions<\/strong> ir koncentr\u0113ts serums acu zonai, kas paredz\u0113ts, lai uzlabotu apak\u0161\u0113jo plaksti\u0146u zonas izskatu, padarot \u0101du gai\u0161\u0101ku, vienm\u0113r\u012bg\u0101ku un svaig\u0101ku. Formula pal\u012bdz uzlabot \u0101das to\u0146a un tekst\u016bras vizu\u0101lo izskatu, padarot skatienu atp\u016btu\u0161os un starojo\u0161\u0101ku.<\/p>\n<p data-start=\"778\" data-end=\"890\">Regul\u0101ri lietojot, \u0101da ap ac\u012bm izskat\u0101s gai\u0161\u0101ka, glud\u0101ka un kopt\u0101ka, bet noguruma paz\u012bmes k\u013c\u016bst maz\u0101k paman\u0101mas.<\/p>\n<p data-start=\"892\" data-end=\"928\"><strong data-start=\"892\" data-end=\"928\">K\u0101 darbojas galvenie komponenti:<\/strong><\/p>\n<p data-start=\"930\" data-end=\"1240\"><strong data-start=\"930\" data-end=\"955\">N-Hydroxysuccinimide:<\/strong> pal\u012bdz uzlabot tum\u0161o loku izskatu un veicina vienm\u0113r\u012bg\u0101ku \u0101das toni acu zon\u0101.<br data-start=\"1033\" data-end=\"1036\" \/><strong data-start=\"1036\" data-end=\"1048\">Retinol:<\/strong> pal\u012bdz atbalst\u012bt \u0101das atjauno\u0161anos un uzlabot \u0101das tekst\u016bras gluduma izskatu.<br data-start=\"1126\" data-end=\"1129\" \/><strong data-start=\"1129\" data-end=\"1183\">Palmitoyl Tripeptide-1 &amp; Palmitoyl Tetrapeptide-7:<\/strong> pal\u012bdz uztur\u0113t glud\u0101ku, bl\u012bv\u0101ku un kopt\u0101ku \u0101das izskatu.<\/p>\n<p data-start=\"1242\" data-end=\"1361\">Produkts ir piem\u0113rots visiem \u0101das tipiem, \u012bpa\u0161i \u0101dai ar tum\u0161iem lokiem, nevienm\u0113r\u012bgu toni un noguruma paz\u012bm\u0113m acu zon\u0101.<\/p>\n<p data-start=\"1363\" data-end=\"1381\"><strong data-start=\"1363\" data-end=\"1375\">Tilpums:<\/strong> 15 ml<\/p>\n","protected":false},"excerpt":{"rendered":"<p data-start=\"2539\" data-end=\"2568\">Acu zonas izgaismojo\u0161s serums<\/p>\n<h2 data-start=\"2570\" data-end=\"2622\"><strong data-start=\"2570\" data-end=\"2622\">\u012apa\u0161\u012bbas Marini SkinSolutions &#8211; Luminate Eye Gel<\/strong><\/h2>\n<p data-start=\"2624\" data-end=\"2858\">\u2714\ufe0f Pal\u012bdz samazin\u0101t tum\u0161o loku redzam\u012bbu<br data-start=\"2664\" data-end=\"2667\" \/>\u2714\ufe0f Veicina gai\u0161\u0101ku un vienm\u0113r\u012bg\u0101ku \u0101das toni acu zon\u0101<br data-start=\"2720\" data-end=\"2723\" \/>\u2714\ufe0f Uzlabo \u0101das gluduma vizu\u0101lo izskatu<br data-start=\"2761\" data-end=\"2764\" \/>\u2714\ufe0f Padara skatienu svaig\u0101ku un atp\u016btu\u0161os<br data-start=\"2804\" data-end=\"2807\" \/>\u2714\ufe0f Pal\u012bdz uztur\u0113t koptu un starojo\u0161u \u0101das izskatu<\/p>\n","protected":false},"featured_media":76036,"template":"","meta":[],"pwb-brand":[1245],"product_brand":[],"product_cat":[727,733],"product_tag":[],"giftcard-category":[],"class_list":{"0":"post-76043","1":"product","2":"type-product","3":"status-publish","4":"has-post-thumbnail","6":"pwb-brand-jan-marini-lv","7":"product_cat-a-vitamins-retinols","8":"product_cat-ada-ap-acim","10":"first","11":"outofstock","12":"taxable","13":"shipping-taxable","14":"purchasable","15":"product-type-simple"},"acf":[],"brands":[{"id":1245,"name":"Marini SkinSolutions","slug":"jan-marini-lv"}],"_links":{"self":[{"href":"https:\/\/skinstudio.ee\/lv\/wp-json\/wp\/v2\/product\/76043","targetHints":{"allow":["GET"]}}],"collection":[{"href":"https:\/\/skinstudio.ee\/lv\/wp-json\/wp\/v2\/product"}],"about":[{"href":"https:\/\/skinstudio.ee\/lv\/wp-json\/wp\/v2\/types\/product"}],"version-history":[{"count":1,"href":"https:\/\/skinstudio.ee\/lv\/wp-json\/wp\/v2\/product\/76043\/revisions"}],"predecessor-version":[{"id":76044,"href":"https:\/\/skinstudio.ee\/lv\/wp-json\/wp\/v2\/product\/76043\/revisions\/76044"}],"wp:featuredmedia":[{"embeddable":true,"href":"https:\/\/skinstudio.ee\/lv\/wp-json\/wp\/v2\/media\/76036"}],"wp:attachment":[{"href":"https:\/\/skinstudio.ee\/lv\/wp-json\/wp\/v2\/media?parent=76043"}],"wp:term":[{"taxonomy":"pwb-brand","embeddable":true,"href":"https:\/\/skinstudio.ee\/lv\/wp-json\/wp\/v2\/pwb-brand?post=76043"},{"taxonomy":"product_brand","embeddable":true,"href":"https:\/\/skinstudio.ee\/lv\/wp-json\/wp\/v2\/product_brand?post=76043"},{"taxonomy":"product_cat","embeddable":true,"href":"https:\/\/skinstudio.ee\/lv\/wp-json\/wp\/v2\/product_cat?post=76043"},{"taxonomy":"product_tag","embeddable":true,"href":"https:\/\/skinstudio.ee\/lv\/wp-json\/wp\/v2\/product_tag?post=76043"},{"taxonomy":"giftcard-category","embeddable":true,"href":"https:\/\/skinstudio.ee\/lv\/wp-json\/wp\/v2\/giftcard-category?post=76043"}],"curies":[{"name":"wp","href":"https:\/\/api.w.org\/{rel}","templated":true}]}}