{"id":76084,"date":"2025-07-08T15:35:37","date_gmt":"2025-07-08T15:35:37","guid":{"rendered":"https:\/\/skinstudio.ee\/?post_type=product&#038;p=76084"},"modified":"2026-01-28T14:16:32","modified_gmt":"2026-01-28T14:16:32","slug":"gly-sal-10-2-clarifying-pads","status":"publish","type":"product","link":"https:\/\/skinstudio.ee\/lv\/catalog\/replenix-lv\/gly-sal-10-2-clarifying-pads\/","title":{"rendered":"Gly-Sal 10-2 Clarifying Pads"},"content":{"rendered":"<p data-start=\"208\" data-end=\"526\"><strong data-start=\"208\" data-end=\"252\">Gly-Sal 10-2 Clarifying Pads no Replenix<\/strong> ir att\u012bro\u0161i un izgaismojo\u0161i spilventi\u0146i problem\u0101tiskai, uz akni tend\u0113tai \u0101dai, kas izstr\u0101d\u0101ti, izmantojot profesion\u0101lu sk\u0101bju kombin\u0101ciju. Formula satur 10% medic\u012bniskas kvalit\u0101tes glikolsk\u0101bi un 2% USP salicilsk\u0101bi, nodro\u0161inot efekt\u012bvu \u0101das atjauno\u0161anu un poru att\u012br\u012b\u0161anu.<\/p>\n<p data-start=\"528\" data-end=\"741\">Spilventi\u0146i pal\u012bdz att\u012br\u012bt poras un pa\u0101trina atmiru\u0161o \u0101das \u0161\u016bnu no\u0146em\u0161anu, kas var trauc\u0113t norm\u0101lai sebuma attecei un veicin\u0101t iekaisumu veido\u0161anos. Regul\u0101ri lietojot, \u0101da izskat\u0101s t\u012br\u0101ka, glud\u0101ka un vienm\u0113r\u012bg\u0101ka.<\/p>\n<p data-start=\"743\" data-end=\"928\">\u0112rtais spilventi\u0146u form\u0101ts padara produktu vienk\u0101r\u0161i lietojamu un piem\u0113rotu ikdienas kop\u0161anai. Tas ir sp\u0113c\u012bgs, bet kontrol\u0113ts risin\u0101jums nepiln\u012bbu mazin\u0101\u0161anai bez sare\u017e\u0123\u012bt\u0101m proced\u016br\u0101m.<\/p>\n<p data-start=\"930\" data-end=\"963\"><strong data-start=\"930\" data-end=\"963\">Galveno sast\u0101vda\u013cu iedarb\u012bba:<\/strong><\/p>\n<ul data-start=\"965\" data-end=\"1189\">\n<li data-start=\"965\" data-end=\"1032\">\n<p data-start=\"967\" data-end=\"1032\"><strong data-start=\"967\" data-end=\"986\">Glikolsk\u0101be 10%<\/strong> pal\u012bdz atjaunot \u0101du un uzlabot t\u0101s tekst\u016bru<\/p>\n<\/li>\n<li data-start=\"1033\" data-end=\"1110\">\n<p data-start=\"1035\" data-end=\"1110\"><strong data-start=\"1035\" data-end=\"1054\">Salicilsk\u0101be 2%<\/strong> pal\u012bdz att\u012br\u012bt poras un mazin\u0101t nepiln\u012bbu par\u0101d\u012b\u0161anos<\/p>\n<\/li>\n<li data-start=\"1111\" data-end=\"1189\">\n<p data-start=\"1113\" data-end=\"1189\"><strong data-start=\"1113\" data-end=\"1152\">Burvju lazda (Hamamelis Virginiana)<\/strong> pal\u012bdz atsvaidzin\u0101t un toniz\u0113t \u0101du<\/p>\n<\/li>\n<\/ul>\n<p data-start=\"1191\" data-end=\"1218\"><strong data-start=\"1191\" data-end=\"1203\">Tilpums:<\/strong> 60 spilventi\u0146i<\/p>\n","protected":false},"excerpt":{"rendered":"<p data-start=\"1372\" data-end=\"1412\">Att\u012bro\u0161i spilventi\u0146i problem\u0101tiskai \u0101dai<\/p>\n<h2 data-start=\"1414\" data-end=\"1466\"><strong data-start=\"1414\" data-end=\"1466\">\u012apa\u0161\u012bbas Replenix &#8211; Gly-Sal 10-2 Clarifying Pads<\/strong><\/h2>\n<p data-start=\"1468\" data-end=\"1710\">\u2714\ufe0f Maigi noloba un atjauno \u0101du<br data-start=\"1498\" data-end=\"1501\" \/>\u2714\ufe0f Pal\u012bdz no\u0146emt lieko tauku daudzumu no \u0101das virsmas<br data-start=\"1554\" data-end=\"1557\" \/>\u2714\ufe0f Pal\u012bdz att\u012br\u012bt poras un uzlabot \u0101das izskatu<br data-start=\"1604\" data-end=\"1607\" \/>\u2714\ufe0f Piem\u0113roti regul\u0101rai lieto\u0161anai problem\u0101tiskai \u0101dai<br data-start=\"1660\" data-end=\"1663\" \/>\u2714\ufe0f \u0112rts spilventi\u0146u form\u0101ts ikdienas kop\u0161anai<\/p>\n","protected":false},"featured_media":66106,"template":"","meta":[],"pwb-brand":[1253],"product_brand":[],"product_cat":[741,743,751,747,721],"product_tag":[],"giftcard-category":[],"class_list":{"0":"post-76084","1":"product","2":"type-product","3":"status-publish","4":"has-post-thumbnail","6":"pwb-brand-replenix-lv","7":"product_cat-izsitumi","8":"product_cat-paplasinatas-poras","9":"product_cat-pigmentacija-lv","10":"product_cat-taukainai-adai","11":"product_cat-toniki-lv","13":"first","14":"instock","15":"taxable","16":"shipping-taxable","17":"purchasable","18":"product-type-simple"},"acf":[],"brands":[{"id":1253,"name":"REPLENIX","slug":"replenix-lv"}],"_links":{"self":[{"href":"https:\/\/skinstudio.ee\/lv\/wp-json\/wp\/v2\/product\/76084","targetHints":{"allow":["GET"]}}],"collection":[{"href":"https:\/\/skinstudio.ee\/lv\/wp-json\/wp\/v2\/product"}],"about":[{"href":"https:\/\/skinstudio.ee\/lv\/wp-json\/wp\/v2\/types\/product"}],"version-history":[{"count":1,"href":"https:\/\/skinstudio.ee\/lv\/wp-json\/wp\/v2\/product\/76084\/revisions"}],"predecessor-version":[{"id":76085,"href":"https:\/\/skinstudio.ee\/lv\/wp-json\/wp\/v2\/product\/76084\/revisions\/76085"}],"wp:featuredmedia":[{"embeddable":true,"href":"https:\/\/skinstudio.ee\/lv\/wp-json\/wp\/v2\/media\/66106"}],"wp:attachment":[{"href":"https:\/\/skinstudio.ee\/lv\/wp-json\/wp\/v2\/media?parent=76084"}],"wp:term":[{"taxonomy":"pwb-brand","embeddable":true,"href":"https:\/\/skinstudio.ee\/lv\/wp-json\/wp\/v2\/pwb-brand?post=76084"},{"taxonomy":"product_brand","embeddable":true,"href":"https:\/\/skinstudio.ee\/lv\/wp-json\/wp\/v2\/product_brand?post=76084"},{"taxonomy":"product_cat","embeddable":true,"href":"https:\/\/skinstudio.ee\/lv\/wp-json\/wp\/v2\/product_cat?post=76084"},{"taxonomy":"product_tag","embeddable":true,"href":"https:\/\/skinstudio.ee\/lv\/wp-json\/wp\/v2\/product_tag?post=76084"},{"taxonomy":"giftcard-category","embeddable":true,"href":"https:\/\/skinstudio.ee\/lv\/wp-json\/wp\/v2\/giftcard-category?post=76084"}],"curies":[{"name":"wp","href":"https:\/\/api.w.org\/{rel}","templated":true}]}}