{"id":76092,"date":"2025-06-23T14:49:21","date_gmt":"2025-06-23T14:49:21","guid":{"rendered":"https:\/\/skinstudio.ee\/?post_type=product&#038;p=76092"},"modified":"2026-01-28T14:16:32","modified_gmt":"2026-01-28T14:16:32","slug":"deep-pore-cleanser","status":"publish","type":"product","link":"https:\/\/skinstudio.ee\/lv\/catalog\/replenix-lv\/deep-pore-cleanser\/","title":{"rendered":"Deep Pore Cleanser"},"content":{"rendered":"<p data-start=\"229\" data-end=\"496\"><strong data-start=\"229\" data-end=\"275\">Gly-Sal 5-2 Deep Pore Cleanser no Replenix<\/strong> ir dermatologu izstr\u0101d\u0101ts att\u012bro\u0161s g\u0113ls problem\u0101tiskai, uz akni tend\u0113tai \u0101dai, kas paredz\u0113ts dzi\u013cai poru att\u012br\u012b\u0161anai un izsitumu kontrolei. Formula pal\u012bdz mazin\u0101t eso\u0161\u0101s nepiln\u012bbas un atbalsta jaunu veido\u0161an\u0101s nov\u0113r\u0161anu.<\/p>\n<p data-start=\"498\" data-end=\"688\">Att\u012br\u012b\u0161anas l\u012bdzeklis dzi\u013ci att\u012bra \u0101du, no\u0146emot lieko sebumu un net\u012brumus, kas var aizsprostot poras un izrais\u012bt izsitumus. Regul\u0101ri lietojot, \u0101da izskat\u0101s t\u012br\u0101ka, svaig\u0101ka un l\u012bdzsvarot\u0101ka.<\/p>\n<p data-start=\"690\" data-end=\"861\">G\u0113lveida tekst\u016bra ir \u0113rta lieto\u0161an\u0101, viegli kl\u0101jas uz \u0101das un piln\u012bb\u0101 noskalojas, neatst\u0101jot pl\u0113ves saj\u016btu. Produkts \u012bpa\u0161i labi piem\u0113rots taukainai un problem\u0101tiskai \u0101dai.<\/p>\n<p data-start=\"863\" data-end=\"896\"><strong data-start=\"863\" data-end=\"896\">Galveno sast\u0101vda\u013cu iedarb\u012bba:<\/strong><\/p>\n<p data-start=\"898\" data-end=\"1150\"><strong data-start=\"898\" data-end=\"916\">Glycolic Acid:<\/strong> pal\u012bdz atjaunot \u0101du un uzlabot t\u0101s tekst\u016bru.<br data-start=\"961\" data-end=\"964\" \/><strong data-start=\"964\" data-end=\"977\">Zinc PCA:<\/strong> pal\u012bdz regul\u0113t sebuma izdal\u012b\u0161anos un uztur\u0113t \u0101das t\u012br\u012bbu.<br data-start=\"1035\" data-end=\"1038\" \/><strong data-start=\"1038\" data-end=\"1084\">Green Tea Polyphenols (Camellia Sinensis):<\/strong> pal\u012bdz uztur\u0113t \u0101das l\u012bdzsvaru un nodro\u0161ina antioksidantu kop\u0161anu.<\/p>\n<p data-start=\"1152\" data-end=\"1171\"><strong data-start=\"1152\" data-end=\"1164\">Tilpums:<\/strong> 200 ml<\/p>\n","protected":false},"excerpt":{"rendered":"<div class=\"woocommerce-product-gallery woocommerce-product-gallery--with-images woocommerce-product-gallery--columns-4 images\" data-columns=\"4\">\n<div class=\"woocommerce-product-gallery__wrapper\">\n<div class=\"woocommerce-product-gallery__image\" data-thumb=\"https:\/\/shop.victoriakosmeetik.ee\/wp-content\/uploads\/2024\/09\/Replenix_8927_GlySal_5_2_Deep_Pore_Cleanser_Acne-100x100.jpg\" data-thumb-alt=\"\" data-thumb-srcset=\"https:\/\/shop.victoriakosmeetik.ee\/wp-content\/uploads\/2024\/09\/Replenix_8927_GlySal_5_2_Deep_Pore_Cleanser_Acne-100x100.jpg 100w, https:\/\/shop.victoriakosmeetik.ee\/wp-content\/uploads\/2024\/09\/Replenix_8927_GlySal_5_2_Deep_Pore_Cleanser_Acne-300x300.jpg 300w, https:\/\/shop.victoriakosmeetik.ee\/wp-content\/uploads\/2024\/09\/Replenix_8927_GlySal_5_2_Deep_Pore_Cleanser_Acne-1024x1024.jpg 1024w, https:\/\/shop.victoriakosmeetik.ee\/wp-content\/uploads\/2024\/09\/Replenix_8927_GlySal_5_2_Deep_Pore_Cleanser_Acne-150x150.jpg 150w, https:\/\/shop.victoriakosmeetik.ee\/wp-content\/uploads\/2024\/09\/Replenix_8927_GlySal_5_2_Deep_Pore_Cleanser_Acne-768x768.jpg 768w, https:\/\/shop.victoriakosmeetik.ee\/wp-content\/uploads\/2024\/09\/Replenix_8927_GlySal_5_2_Deep_Pore_Cleanser_Acne-500x500.jpg 500w, https:\/\/shop.victoriakosmeetik.ee\/wp-content\/uploads\/2024\/09\/Replenix_8927_GlySal_5_2_Deep_Pore_Cleanser_Acne-64x64.jpg 64w, https:\/\/shop.victoriakosmeetik.ee\/wp-content\/uploads\/2024\/09\/Replenix_8927_GlySal_5_2_Deep_Pore_Cleanser_Acne.jpg 1100w\">\n<p data-start=\"1297\" data-end=\"1330\">Att\u012bro\u0161s g\u0113ls problem\u0101tiskai \u0101dai<\/p>\n<h2 data-start=\"1332\" data-end=\"1386\"><strong data-start=\"1332\" data-end=\"1386\">\u012apa\u0161\u012bbas Replenix &#8211; Gly-Sal 5-2 Deep Pore Cleanser<\/strong><\/h2>\n<p data-start=\"1388\" data-end=\"1628\">\u2714\ufe0f Dzi\u013ci att\u012bra poras un no\u0146em lieko sebumu<br data-start=\"1431\" data-end=\"1434\" \/>\u2714\ufe0f Noloba atmiru\u0161\u0101s \u0101das \u0161\u016bnas un veicina atjauno\u0161anos<br data-start=\"1488\" data-end=\"1491\" \/>\u2714\ufe0f Pal\u012bdz nov\u0113rst jaunu izsitumu veido\u0161anos<br data-start=\"1534\" data-end=\"1537\" \/>\u2714\ufe0f Uzlabo \u0101das tekst\u016bru un kop\u0113jo izskatu<br data-start=\"1578\" data-end=\"1581\" \/>\u2714\ufe0f Piem\u0113rots taukainai un problem\u0101tiskai \u0101dai<\/p>\n<\/div>\n<\/div>\n<\/div>\n","protected":false},"featured_media":66111,"template":"","meta":[],"pwb-brand":[1253],"product_brand":[],"product_cat":[715,741],"product_tag":[],"giftcard-category":[],"class_list":{"0":"post-76092","1":"product","2":"type-product","3":"status-publish","4":"has-post-thumbnail","6":"pwb-brand-replenix-lv","7":"product_cat-attirisana","8":"product_cat-izsitumi","10":"first","11":"instock","12":"taxable","13":"shipping-taxable","14":"purchasable","15":"product-type-simple"},"acf":[],"brands":[{"id":1253,"name":"REPLENIX","slug":"replenix-lv"}],"_links":{"self":[{"href":"https:\/\/skinstudio.ee\/lv\/wp-json\/wp\/v2\/product\/76092","targetHints":{"allow":["GET"]}}],"collection":[{"href":"https:\/\/skinstudio.ee\/lv\/wp-json\/wp\/v2\/product"}],"about":[{"href":"https:\/\/skinstudio.ee\/lv\/wp-json\/wp\/v2\/types\/product"}],"version-history":[{"count":1,"href":"https:\/\/skinstudio.ee\/lv\/wp-json\/wp\/v2\/product\/76092\/revisions"}],"predecessor-version":[{"id":76093,"href":"https:\/\/skinstudio.ee\/lv\/wp-json\/wp\/v2\/product\/76092\/revisions\/76093"}],"wp:featuredmedia":[{"embeddable":true,"href":"https:\/\/skinstudio.ee\/lv\/wp-json\/wp\/v2\/media\/66111"}],"wp:attachment":[{"href":"https:\/\/skinstudio.ee\/lv\/wp-json\/wp\/v2\/media?parent=76092"}],"wp:term":[{"taxonomy":"pwb-brand","embeddable":true,"href":"https:\/\/skinstudio.ee\/lv\/wp-json\/wp\/v2\/pwb-brand?post=76092"},{"taxonomy":"product_brand","embeddable":true,"href":"https:\/\/skinstudio.ee\/lv\/wp-json\/wp\/v2\/product_brand?post=76092"},{"taxonomy":"product_cat","embeddable":true,"href":"https:\/\/skinstudio.ee\/lv\/wp-json\/wp\/v2\/product_cat?post=76092"},{"taxonomy":"product_tag","embeddable":true,"href":"https:\/\/skinstudio.ee\/lv\/wp-json\/wp\/v2\/product_tag?post=76092"},{"taxonomy":"giftcard-category","embeddable":true,"href":"https:\/\/skinstudio.ee\/lv\/wp-json\/wp\/v2\/giftcard-category?post=76092"}],"curies":[{"name":"wp","href":"https:\/\/api.w.org\/{rel}","templated":true}]}}