{"id":76099,"date":"2025-06-17T13:21:08","date_gmt":"2025-06-17T13:21:08","guid":{"rendered":"https:\/\/skinstudio.ee\/?post_type=product&#038;p=76099"},"modified":"2026-01-28T14:16:32","modified_gmt":"2026-01-28T14:16:32","slug":"retinol-smooth-tighten-body-lotion","status":"publish","type":"product","link":"https:\/\/skinstudio.ee\/lv\/catalog\/replenix-lv\/retinol-smooth-tighten-body-lotion\/","title":{"rendered":"Retinol Smooth + Tighten Body Lotion"},"content":{"rendered":"<p data-start=\"361\" data-end=\"672\"><strong data-start=\"361\" data-end=\"413\">Retinol Smooth + Tighten Body Lotion no Replenix<\/strong> ir atjaunojo\u0161s \u0137erme\u0146a losjons ar zin\u0101tniski pamatotu, dermatologu izstr\u0101d\u0101tu formulu, kas paredz\u0113ta \u0101das tvirtuma, bl\u012bvuma un kop\u0113j\u0101 izskata uzlabo\u0161anai. Tas ir rad\u012bts \u0101dai, kas zaud\u0113jusi tonusu un kurai nepiecie\u0161ams redzams tekst\u016bras un gluduma uzlabojums.<\/p>\n<p data-start=\"674\" data-end=\"895\">Formulas pamat\u0101 ir patent\u0113ta medic\u012bniskas kvalit\u0101tes trans-retinola un edelveisa ekstrakta kombin\u0101cija, kas pal\u012bdz \u0101dai izskat\u012bties glud\u0101kai, tvirt\u0101kai un vienm\u0113r\u012bg\u0101kai. Regul\u0101ri lietojot, \u0101da izskat\u0101s kopt\u0101ka un bl\u012bv\u0101ka.<\/p>\n<p data-start=\"897\" data-end=\"1104\">Losjons pal\u012bdz samazin\u0101t ar\u012b celul\u012bta redzam\u012bbu, atbalstot kolag\u0113na veido\u0161anos. T\u0101 viegl\u0101 un komfortabl\u0101 tekst\u016bra \u0101tri ies\u016bcas un ir piem\u0113rota ikdienas lieto\u0161anai, neatst\u0101jot lip\u012bgu vai smagu saj\u016btu uz \u0101das.<\/p>\n<p data-start=\"1106\" data-end=\"1139\"><strong data-start=\"1106\" data-end=\"1139\">Galveno sast\u0101vda\u013cu iedarb\u012bba:<\/strong><\/p>\n<p data-start=\"1141\" data-end=\"1703\"><strong data-start=\"1141\" data-end=\"1153\">Retinol:<\/strong> pal\u012bdz atjaunot \u0101du, uzlabot t\u0101s tekst\u016bru un atbalst\u012bt tvirtumu.<br data-start=\"1218\" data-end=\"1221\" \/><strong data-start=\"1221\" data-end=\"1268\">Leontopodium Alpinum (Edelweiss) ekstrakts:<\/strong> pal\u012bdz aizsarg\u0101t \u0101du no oksidat\u012bv\u0101 stresa un uztur\u0113t \u0101das bl\u012bvumu.<br data-start=\"1335\" data-end=\"1338\" \/><strong data-start=\"1338\" data-end=\"1369\">Keram\u012bdi (NG, NP, AP, EOP):<\/strong> pal\u012bdz stiprin\u0101t \u0101das aizsargbarjeru un uztur\u0113t mitruma l\u012bdzsvaru.<br data-start=\"1436\" data-end=\"1439\" \/><strong data-start=\"1439\" data-end=\"1495\">Sodium Hyaluronate un Hydrolyzed Sodium Hyaluronate:<\/strong> pal\u012bdz intens\u012bvi mitrin\u0101t un uzlabot \u0101das elast\u012bbu.<br data-start=\"1547\" data-end=\"1550\" \/><strong data-start=\"1550\" data-end=\"1562\">Kofe\u012bns:<\/strong> pal\u012bdz uzlabot \u0101das izskatu un veicina glud\u0101ku tekst\u016bru.<br data-start=\"1619\" data-end=\"1622\" \/><strong data-start=\"1622\" data-end=\"1664\">Resveratrol un za\u013c\u0101s t\u0113jas polifenoli:<\/strong> nodro\u0161ina antioksidantu atbalstu \u0101dai.<\/p>\n<p data-start=\"1705\" data-end=\"1724\"><strong data-start=\"1705\" data-end=\"1717\">Tilpums:<\/strong> 200 ml<\/p>\n","protected":false},"excerpt":{"rendered":"<p data-start=\"1855\" data-end=\"1870\">\u0136erme\u0146a losjons<\/p>\n<h2 data-start=\"1872\" data-end=\"1932\"><strong data-start=\"1872\" data-end=\"1932\">\u012apa\u0161\u012bbas Replenix &#8211; Retinol Smooth + Tighten Body Lotion<\/strong><\/h2>\n<p data-start=\"1934\" data-end=\"2196\">\u2714\ufe0f Uzlabo \u0101das tekst\u016bru un gludumu<br data-start=\"1968\" data-end=\"1971\" \/>\u2714\ufe0f Pal\u012bdz nostiprin\u0101t un savilkt \u013cengan\u0101s zonas<br data-start=\"2018\" data-end=\"2021\" \/>\u2714\ufe0f Pal\u012bdz mazin\u0101t nevienm\u0113r\u012bga to\u0146a un smalku l\u012bniju redzam\u012bbu<br data-start=\"2083\" data-end=\"2086\" \/>\u2714\ufe0f Palielina \u0101das tvirtumu un mirdzumu<br data-start=\"2124\" data-end=\"2127\" \/>\u2714\ufe0f Viegl\u0101 tekst\u016bra \u0101tri ies\u016bcas un ir piem\u0113rota ikdienas lieto\u0161anai<\/p>\n","protected":false},"featured_media":66122,"template":"","meta":[],"pwb-brand":[1253],"product_brand":[],"product_cat":[727,757],"product_tag":[],"giftcard-category":[],"class_list":{"0":"post-76099","1":"product","2":"type-product","3":"status-publish","4":"has-post-thumbnail","6":"pwb-brand-replenix-lv","7":"product_cat-a-vitamins-retinols","8":"product_cat-kermena-kopsana","10":"first","11":"instock","12":"taxable","13":"shipping-taxable","14":"purchasable","15":"product-type-simple"},"acf":[],"brands":[{"id":1253,"name":"REPLENIX","slug":"replenix-lv"}],"_links":{"self":[{"href":"https:\/\/skinstudio.ee\/lv\/wp-json\/wp\/v2\/product\/76099","targetHints":{"allow":["GET"]}}],"collection":[{"href":"https:\/\/skinstudio.ee\/lv\/wp-json\/wp\/v2\/product"}],"about":[{"href":"https:\/\/skinstudio.ee\/lv\/wp-json\/wp\/v2\/types\/product"}],"version-history":[{"count":1,"href":"https:\/\/skinstudio.ee\/lv\/wp-json\/wp\/v2\/product\/76099\/revisions"}],"predecessor-version":[{"id":76100,"href":"https:\/\/skinstudio.ee\/lv\/wp-json\/wp\/v2\/product\/76099\/revisions\/76100"}],"wp:featuredmedia":[{"embeddable":true,"href":"https:\/\/skinstudio.ee\/lv\/wp-json\/wp\/v2\/media\/66122"}],"wp:attachment":[{"href":"https:\/\/skinstudio.ee\/lv\/wp-json\/wp\/v2\/media?parent=76099"}],"wp:term":[{"taxonomy":"pwb-brand","embeddable":true,"href":"https:\/\/skinstudio.ee\/lv\/wp-json\/wp\/v2\/pwb-brand?post=76099"},{"taxonomy":"product_brand","embeddable":true,"href":"https:\/\/skinstudio.ee\/lv\/wp-json\/wp\/v2\/product_brand?post=76099"},{"taxonomy":"product_cat","embeddable":true,"href":"https:\/\/skinstudio.ee\/lv\/wp-json\/wp\/v2\/product_cat?post=76099"},{"taxonomy":"product_tag","embeddable":true,"href":"https:\/\/skinstudio.ee\/lv\/wp-json\/wp\/v2\/product_tag?post=76099"},{"taxonomy":"giftcard-category","embeddable":true,"href":"https:\/\/skinstudio.ee\/lv\/wp-json\/wp\/v2\/giftcard-category?post=76099"}],"curies":[{"name":"wp","href":"https:\/\/api.w.org\/{rel}","templated":true}]}}