{"id":76112,"date":"2025-06-17T13:20:20","date_gmt":"2025-06-17T13:20:20","guid":{"rendered":"https:\/\/skinstudio.ee\/?post_type=product&#038;p=76112"},"modified":"2026-01-28T14:16:32","modified_gmt":"2026-01-28T14:16:32","slug":"glycolic-acid-10-resurfacing-peel","status":"publish","type":"product","link":"https:\/\/skinstudio.ee\/lv\/catalog\/replenix-lv\/glycolic-acid-10-resurfacing-peel\/","title":{"rendered":"Glycolic Acid 10% Resurfacing Peel"},"content":{"rendered":"<p data-start=\"250\" data-end=\"554\"><strong data-start=\"250\" data-end=\"300\">Glycolic Acid 10% Resurfacing Peel no Replenix<\/strong> ir p\u012blinga spilventi\u0146i ar zin\u0101tniski pamatotu formulu, kas satur 10% glikolsk\u0101bi t\u0101s t\u012br\u0101 un efekt\u012bv\u0101 form\u0101. Spilventi\u0146i ir iepriek\u0161 pies\u016bcin\u0101ti ar krist\u0101lisko glikolsk\u0101bi, lai nodro\u0161in\u0101tu efekt\u012bvu, bet kontrol\u0113tu \u0101das atjauno\u0161anu bez lieka kairin\u0101juma.<\/p>\n<p data-start=\"556\" data-end=\"790\">Produkts maigi, bet iedarb\u012bgi noloba atmiru\u0161\u0101s \u0101das \u0161\u016bnas, pal\u012bdz izl\u012bdzin\u0101t \u0101das toni un uzlabo t\u0101s tekst\u016bru. Regul\u0101ri lietojot, \u0101da izskat\u0101s glud\u0101ka, svaig\u0101ka un mirdzo\u0161\u0101ka, bet nevienm\u0113r\u012bbu un p\u0113ciekaisuma p\u0113du redzam\u012bba samazin\u0101s.<\/p>\n<p data-start=\"792\" data-end=\"975\">Pateicoties \u0113rtajam spilventi\u0146u form\u0101tam, produktu ir viegli lietot ikdienas \u0101das kop\u0161an\u0101. Spilventi\u0146i \u0101tri no\u0146em lieko sebumu un net\u012brumu paliekas, atst\u0101jot \u0101du t\u012bru, gludu un koptu.<\/p>\n<p data-start=\"977\" data-end=\"1010\"><strong data-start=\"977\" data-end=\"1010\">Galveno sast\u0101vda\u013cu iedarb\u012bba:<\/strong><\/p>\n<p data-start=\"1012\" data-end=\"1269\"><strong data-start=\"1012\" data-end=\"1030\">Glycolic Acid:<\/strong> pal\u012bdz atjaunot \u0101du, uzlabot tekst\u016bru un izl\u012bdzin\u0101t toni.<br data-start=\"1088\" data-end=\"1091\" \/><strong data-start=\"1091\" data-end=\"1117\">Green Tea Polyphenols:<\/strong> nodro\u0161ina antioksidantu aizsardz\u012bbu un pal\u012bdz uztur\u0113t \u0101das l\u012bdzsvaru.<br data-start=\"1187\" data-end=\"1190\" \/><strong data-start=\"1190\" data-end=\"1213\">Ubiquinone (CoQ10):<\/strong> pal\u012bdz atbalst\u012bt \u0101das ener\u0123iju un jaunekl\u012bg\u0101ku izskatu.<\/p>\n<p data-start=\"1271\" data-end=\"1298\"><strong data-start=\"1271\" data-end=\"1283\">Tilpums:<\/strong> 60 spilventi\u0146i<\/p>\n","protected":false},"excerpt":{"rendered":"<p data-start=\"1418\" data-end=\"1452\">P\u012blinga spilventi\u0146i ar glikolsk\u0101bi<\/p>\n<h2 data-start=\"1454\" data-end=\"1512\"><strong data-start=\"1454\" data-end=\"1512\">\u012apa\u0161\u012bbas Replenix &#8211; Glycolic Acid 10% Resurfacing Peel<\/strong><\/h2>\n<p data-start=\"1514\" data-end=\"1702\">\u2714\ufe0f Nol\u012bdzina \u0101das tekst\u016bru un virsmu<br data-start=\"1550\" data-end=\"1553\" \/>\u2714\ufe0f Pal\u012bdz uzlabot kop\u0113jo \u0101das toni<br data-start=\"1587\" data-end=\"1590\" \/>\u2714\ufe0f Veicina vienm\u0113r\u012bg\u0101ku \u0101das izskatu<br data-start=\"1626\" data-end=\"1629\" \/>\u2714\ufe0f Padara \u0101du svaigu un mirdzo\u0161u<br data-start=\"1661\" data-end=\"1664\" \/>\u2714\ufe0f Pal\u012bdz uztur\u0113t koptu un gludu \u0101du<\/p>\n","protected":false},"featured_media":66127,"template":"","meta":[],"pwb-brand":[1253],"product_brand":[],"product_cat":[749,721],"product_tag":[],"giftcard-category":[],"class_list":{"0":"post-76112","1":"product","2":"type-product","3":"status-publish","4":"has-post-thumbnail","6":"pwb-brand-replenix-lv","7":"product_cat-novecojosa-ada","8":"product_cat-toniki-lv","10":"first","11":"instock","12":"taxable","13":"shipping-taxable","14":"purchasable","15":"product-type-simple"},"acf":[],"brands":[{"id":1253,"name":"REPLENIX","slug":"replenix-lv"}],"_links":{"self":[{"href":"https:\/\/skinstudio.ee\/lv\/wp-json\/wp\/v2\/product\/76112","targetHints":{"allow":["GET"]}}],"collection":[{"href":"https:\/\/skinstudio.ee\/lv\/wp-json\/wp\/v2\/product"}],"about":[{"href":"https:\/\/skinstudio.ee\/lv\/wp-json\/wp\/v2\/types\/product"}],"version-history":[{"count":1,"href":"https:\/\/skinstudio.ee\/lv\/wp-json\/wp\/v2\/product\/76112\/revisions"}],"predecessor-version":[{"id":76113,"href":"https:\/\/skinstudio.ee\/lv\/wp-json\/wp\/v2\/product\/76112\/revisions\/76113"}],"wp:featuredmedia":[{"embeddable":true,"href":"https:\/\/skinstudio.ee\/lv\/wp-json\/wp\/v2\/media\/66127"}],"wp:attachment":[{"href":"https:\/\/skinstudio.ee\/lv\/wp-json\/wp\/v2\/media?parent=76112"}],"wp:term":[{"taxonomy":"pwb-brand","embeddable":true,"href":"https:\/\/skinstudio.ee\/lv\/wp-json\/wp\/v2\/pwb-brand?post=76112"},{"taxonomy":"product_brand","embeddable":true,"href":"https:\/\/skinstudio.ee\/lv\/wp-json\/wp\/v2\/product_brand?post=76112"},{"taxonomy":"product_cat","embeddable":true,"href":"https:\/\/skinstudio.ee\/lv\/wp-json\/wp\/v2\/product_cat?post=76112"},{"taxonomy":"product_tag","embeddable":true,"href":"https:\/\/skinstudio.ee\/lv\/wp-json\/wp\/v2\/product_tag?post=76112"},{"taxonomy":"giftcard-category","embeddable":true,"href":"https:\/\/skinstudio.ee\/lv\/wp-json\/wp\/v2\/giftcard-category?post=76112"}],"curies":[{"name":"wp","href":"https:\/\/api.w.org\/{rel}","templated":true}]}}