{"id":76119,"date":"2025-06-17T13:18:27","date_gmt":"2025-06-17T13:18:27","guid":{"rendered":"https:\/\/skinstudio.ee\/?post_type=product&#038;p=76119"},"modified":"2026-01-28T14:16:32","modified_gmt":"2026-01-28T14:16:32","slug":"glycolic-acid-20-resurfacing-peel","status":"publish","type":"product","link":"https:\/\/skinstudio.ee\/lv\/catalog\/replenix\/glycolic-acid-20-resurfacing-peel\/","title":{"rendered":"Glycolic Acid 20% Resurfacing Peel"},"content":{"rendered":"<p data-start=\"188\" data-end=\"518\"><strong data-start=\"188\" data-end=\"238\">Glycolic Acid 20% Resurfacing Peel no Replenix<\/strong> ir p\u012blinga spilventi\u0146i ar augstu glikolsk\u0101bes koncentr\u0101ciju, izstr\u0101d\u0101ti, balstoties uz zin\u0101tnisku pieeju intens\u012bvai \u0101das atjauno\u0161anai. Spilventi\u0146i ir iepriek\u0161 pies\u016bcin\u0101ti ar krist\u0101lisko glikolsk\u0101bi t\u0101s t\u012br\u0101 un efekt\u012bv\u0101 form\u0101, lai nodro\u0161in\u0101tu sp\u0113c\u012bgu, bet kontrol\u0113tu eksfoli\u0101ciju.<\/p>\n<p data-start=\"520\" data-end=\"767\">Produkts maigi, bet dzi\u013ci no\u0146em atmiru\u0161\u0101s \u0101das \u0161\u016bnas, pal\u012bdz izl\u012bdzin\u0101t \u0101das toni un redzami uzlabo tekst\u016bru. Regul\u0101ri lietojot, \u0101da izskat\u0101s glud\u0101ka, t\u012br\u0101ka un mirdzo\u0161\u0101ka, savuk\u0101rt pigment\u0101cijas, postaknes p\u0113du un nel\u012bdzenumu redzam\u012bba samazin\u0101s.<\/p>\n<p data-start=\"769\" data-end=\"959\">Pateicoties \u0113rtajam spilventi\u0146u form\u0101tam, produktu ir viegli izmantot m\u0101jas kop\u0161an\u0101. Spilventi\u0146i \u0101tri no\u0146em lieko sebumu un net\u012brumu paliekas, atst\u0101jot \u0101du svaig\u0101ku, kopt\u0101ku un vienm\u0113r\u012bg\u0101ku.<\/p>\n<p data-start=\"961\" data-end=\"994\"><strong data-start=\"961\" data-end=\"994\">Galveno sast\u0101vda\u013cu iedarb\u012bba:<\/strong><\/p>\n<p data-start=\"996\" data-end=\"1299\"><strong data-start=\"996\" data-end=\"1014\">Glycolic Acid:<\/strong> nodro\u0161ina intens\u012bvu \u0101das atjauno\u0161anu un pal\u012bdz izl\u012bdzin\u0101t tekst\u016bru un toni.<br data-start=\"1090\" data-end=\"1093\" \/><strong data-start=\"1093\" data-end=\"1132\">Hamamelis Virginiana (Witch Hazel):<\/strong> pal\u012bdz att\u012br\u012bt poras, l\u012bdzsvarot \u0101du un mazin\u0101t diskomfortu.<br data-start=\"1193\" data-end=\"1196\" \/><strong data-start=\"1196\" data-end=\"1222\">Green Tea Polyphenols:<\/strong> nodro\u0161ina antioksidantu aizsardz\u012bbu un pal\u012bdz uztur\u0113t vesel\u012bgu \u0101das izskatu.<\/p>\n<p data-start=\"1301\" data-end=\"1328\"><strong data-start=\"1301\" data-end=\"1313\">Tilpums:<\/strong> 60 spilventi\u0146i<\/p>\n","protected":false},"excerpt":{"rendered":"<p data-start=\"1448\" data-end=\"1482\">P\u012blinga spilventi\u0146i ar glikolsk\u0101bi<\/p>\n<h2 data-start=\"1484\" data-end=\"1542\"><strong data-start=\"1484\" data-end=\"1542\">\u012apa\u0161\u012bbas Replenix &#8211; Glycolic Acid 20% Resurfacing Peel<\/strong><\/h2>\n<p data-start=\"1544\" data-end=\"1728\">\u2714\ufe0f Padara \u0101du redzami glud\u0101ku<br data-start=\"1573\" data-end=\"1576\" \/>\u2714\ufe0f Pal\u012bdz izl\u012bdzin\u0101t toni un virsmu<br data-start=\"1611\" data-end=\"1614\" \/>\u2714\ufe0f Atbalsta svaigu un atjaunotu izskatu<br data-start=\"1653\" data-end=\"1656\" \/>\u2714\ufe0f Uzlabo kop\u0113jo \u0101das virsmas kvalit\u0101ti<br data-start=\"1695\" data-end=\"1698\" \/>\u2714\ufe0f Padara \u0101du vizu\u0101li t\u012br\u0101ku<\/p>\n","protected":false},"featured_media":66137,"template":"","meta":[],"pwb-brand":[1253],"product_brand":[],"product_cat":[749,721],"product_tag":[],"giftcard-category":[],"class_list":{"0":"post-76119","1":"product","2":"type-product","3":"status-publish","4":"has-post-thumbnail","6":"pwb-brand-replenix","7":"product_cat-novecojosa-ada","8":"product_cat-toniki-lv","10":"first","11":"instock","12":"taxable","13":"shipping-taxable","14":"purchasable","15":"product-type-simple"},"acf":[],"brands":[{"id":1253,"name":"REPLENIX","slug":"replenix"}],"_links":{"self":[{"href":"https:\/\/skinstudio.ee\/lv\/wp-json\/wp\/v2\/product\/76119","targetHints":{"allow":["GET"]}}],"collection":[{"href":"https:\/\/skinstudio.ee\/lv\/wp-json\/wp\/v2\/product"}],"about":[{"href":"https:\/\/skinstudio.ee\/lv\/wp-json\/wp\/v2\/types\/product"}],"version-history":[{"count":1,"href":"https:\/\/skinstudio.ee\/lv\/wp-json\/wp\/v2\/product\/76119\/revisions"}],"predecessor-version":[{"id":76120,"href":"https:\/\/skinstudio.ee\/lv\/wp-json\/wp\/v2\/product\/76119\/revisions\/76120"}],"wp:featuredmedia":[{"embeddable":true,"href":"https:\/\/skinstudio.ee\/lv\/wp-json\/wp\/v2\/media\/66137"}],"wp:attachment":[{"href":"https:\/\/skinstudio.ee\/lv\/wp-json\/wp\/v2\/media?parent=76119"}],"wp:term":[{"taxonomy":"pwb-brand","embeddable":true,"href":"https:\/\/skinstudio.ee\/lv\/wp-json\/wp\/v2\/pwb-brand?post=76119"},{"taxonomy":"product_brand","embeddable":true,"href":"https:\/\/skinstudio.ee\/lv\/wp-json\/wp\/v2\/product_brand?post=76119"},{"taxonomy":"product_cat","embeddable":true,"href":"https:\/\/skinstudio.ee\/lv\/wp-json\/wp\/v2\/product_cat?post=76119"},{"taxonomy":"product_tag","embeddable":true,"href":"https:\/\/skinstudio.ee\/lv\/wp-json\/wp\/v2\/product_tag?post=76119"},{"taxonomy":"giftcard-category","embeddable":true,"href":"https:\/\/skinstudio.ee\/lv\/wp-json\/wp\/v2\/giftcard-category?post=76119"}],"curies":[{"name":"wp","href":"https:\/\/api.w.org\/{rel}","templated":true}]}}