{"id":76127,"date":"2025-06-17T13:17:43","date_gmt":"2025-06-17T13:17:43","guid":{"rendered":"https:\/\/skinstudio.ee\/?post_type=product&#038;p=76127"},"modified":"2026-01-28T14:16:32","modified_gmt":"2026-01-28T14:16:32","slug":"glycolic-acid-10-resurfacing-cream","status":"publish","type":"product","link":"https:\/\/skinstudio.ee\/lv\/catalog\/replenix\/glycolic-acid-10-resurfacing-cream\/","title":{"rendered":"Glycolic Acid 10% Resurfacing Cream"},"content":{"rendered":"<p data-start=\"184\" data-end=\"485\"><strong data-start=\"184\" data-end=\"235\">Glycolic Acid 10% Resurfacing Cream no Replenix<\/strong> ir dermatologu izstr\u0101d\u0101ts \u0101das atjaunojo\u0161s kr\u0113ms ar zin\u0101tniski pamatotu formulu. T\u0101 pamat\u0101 ir \u012bpa\u0161i att\u012br\u012bta medic\u012bniskas kvalit\u0101tes krist\u0101lisk\u0101 glikolsk\u0101be, kas pal\u012bdz redzami uzlabot \u0101das tekst\u016bru, samazin\u0101t poru redzam\u012bbu un izl\u012bdzin\u0101t \u0101das toni.<\/p>\n<p data-start=\"487\" data-end=\"671\">Kr\u0113ms maigi atjauno \u0101du, padarot to glud\u0101ku, vienm\u0113r\u012bg\u0101ku un mirdzo\u0161\u0101ku. Regul\u0101ri lietojot, tas pal\u012bdz samazin\u0101t gan smalko, gan dzi\u013c\u0101ko grumbu redzam\u012bbu un uzlabo kop\u0113jo \u0101das izskatu.<\/p>\n<p data-start=\"673\" data-end=\"887\">Viegl\u0101, mitrino\u0161\u0101 un pH l\u012bdzsvarot\u0101 formula ir piem\u0113rota ikdienas lieto\u0161anai un nep\u0101rslogo \u0101du. Kr\u0113ms viegli kl\u0101jas, \u0101tri ies\u016bcas un ir piem\u0113rots regul\u0101rai kop\u0161anai, kas v\u0113rsta uz \u0101das atjauno\u0161anu un izl\u012bdzin\u0101\u0161anu.<\/p>\n<p data-start=\"889\" data-end=\"922\"><strong data-start=\"889\" data-end=\"922\">Galveno sast\u0101vda\u013cu iedarb\u012bba:<\/strong><\/p>\n<p data-start=\"924\" data-end=\"1229\"><strong data-start=\"924\" data-end=\"942\">Glycolic Acid:<\/strong> pal\u012bdz atjaunot \u0101du, uzlabot tekst\u016bru un izl\u012bdzin\u0101t toni.<br data-start=\"1000\" data-end=\"1003\" \/><strong data-start=\"1003\" data-end=\"1064\">Vitam\u012bni C un E (Ascorbyl Palmitate, Tocopheryl Acetate):<\/strong> pal\u012bdz uzlabot \u0101das mirdzumu un nodro\u0161ina antioksidantu aizsardz\u012bbu.<br data-start=\"1133\" data-end=\"1136\" \/><strong data-start=\"1136\" data-end=\"1166\">Ubiquinone (Coenzyme Q10):<\/strong> pal\u012bdz uztur\u0113t \u0101das ener\u0123iju un saglab\u0101t jaunekl\u012bg\u0101ku izskatu.<\/p>\n<p data-start=\"1231\" data-end=\"1249\"><strong data-start=\"1231\" data-end=\"1243\">Tilpums:<\/strong> 50 ml<\/p>\n","protected":false},"excerpt":{"rendered":"<p data-start=\"1353\" data-end=\"1389\">Glikolsk\u0101bes kr\u0113ms \u0101das atjauno\u0161anai<\/p>\n<h2 data-start=\"1391\" data-end=\"1450\"><strong data-start=\"1391\" data-end=\"1450\">\u012apa\u0161\u012bbas Replenix &#8211; Glycolic Acid 10% Resurfacing Cream<\/strong><\/h2>\n<p data-start=\"1452\" data-end=\"1660\">\u2714\ufe0f Redzami atjauno un izl\u012bdzina \u0101du<br data-start=\"1487\" data-end=\"1490\" \/>\u2714\ufe0f Samazina grumbas un nel\u012bdzenu tekst\u016bru<br data-start=\"1531\" data-end=\"1534\" \/>\u2714\ufe0f Izl\u012bdzina \u0101das toni un pie\u0161\u0137ir mirdzumu<br data-start=\"1576\" data-end=\"1579\" \/>\u2714\ufe0f Padara \u0101du tvirt\u0101ku un glud\u0101ku<br data-start=\"1612\" data-end=\"1615\" \/>\u2714\ufe0f Uzlabo kop\u0113jo \u0101das kvalit\u0101ti un tekst\u016bru<\/p>\n","protected":false},"featured_media":66132,"template":"","meta":[],"pwb-brand":[1253],"product_brand":[],"product_cat":[737,749],"product_tag":[],"giftcard-category":[],"class_list":{"0":"post-76127","1":"product","2":"type-product","3":"status-publish","4":"has-post-thumbnail","6":"pwb-brand-replenix","7":"product_cat-mitrinasana","8":"product_cat-novecojosa-ada","10":"first","11":"instock","12":"taxable","13":"shipping-taxable","14":"purchasable","15":"product-type-simple"},"acf":[],"brands":[{"id":1253,"name":"REPLENIX","slug":"replenix"}],"_links":{"self":[{"href":"https:\/\/skinstudio.ee\/lv\/wp-json\/wp\/v2\/product\/76127","targetHints":{"allow":["GET"]}}],"collection":[{"href":"https:\/\/skinstudio.ee\/lv\/wp-json\/wp\/v2\/product"}],"about":[{"href":"https:\/\/skinstudio.ee\/lv\/wp-json\/wp\/v2\/types\/product"}],"version-history":[{"count":1,"href":"https:\/\/skinstudio.ee\/lv\/wp-json\/wp\/v2\/product\/76127\/revisions"}],"predecessor-version":[{"id":76128,"href":"https:\/\/skinstudio.ee\/lv\/wp-json\/wp\/v2\/product\/76127\/revisions\/76128"}],"wp:featuredmedia":[{"embeddable":true,"href":"https:\/\/skinstudio.ee\/lv\/wp-json\/wp\/v2\/media\/66132"}],"wp:attachment":[{"href":"https:\/\/skinstudio.ee\/lv\/wp-json\/wp\/v2\/media?parent=76127"}],"wp:term":[{"taxonomy":"pwb-brand","embeddable":true,"href":"https:\/\/skinstudio.ee\/lv\/wp-json\/wp\/v2\/pwb-brand?post=76127"},{"taxonomy":"product_brand","embeddable":true,"href":"https:\/\/skinstudio.ee\/lv\/wp-json\/wp\/v2\/product_brand?post=76127"},{"taxonomy":"product_cat","embeddable":true,"href":"https:\/\/skinstudio.ee\/lv\/wp-json\/wp\/v2\/product_cat?post=76127"},{"taxonomy":"product_tag","embeddable":true,"href":"https:\/\/skinstudio.ee\/lv\/wp-json\/wp\/v2\/product_tag?post=76127"},{"taxonomy":"giftcard-category","embeddable":true,"href":"https:\/\/skinstudio.ee\/lv\/wp-json\/wp\/v2\/giftcard-category?post=76127"}],"curies":[{"name":"wp","href":"https:\/\/api.w.org\/{rel}","templated":true}]}}