{"id":76135,"date":"2025-06-17T13:17:09","date_gmt":"2025-06-17T13:17:09","guid":{"rendered":"https:\/\/skinstudio.ee\/?post_type=product&#038;p=76135"},"modified":"2026-01-28T14:16:32","modified_gmt":"2026-01-28T14:16:32","slug":"glycolic-acid-20-resurfacing-cream","status":"publish","type":"product","link":"https:\/\/skinstudio.ee\/lv\/catalog\/replenix-lv\/glycolic-acid-20-resurfacing-cream\/","title":{"rendered":"Glycolic Acid 20% Resurfacing Cream"},"content":{"rendered":"<p data-start=\"200\" data-end=\"511\"><strong data-start=\"200\" data-end=\"251\">Glycolic Acid 20% Resurfacing Cream no Replenix<\/strong> ir intens\u012bvs \u0101du atjaunojo\u0161s kr\u0113ms ar zin\u0101tniski pamatotu, dermatologu izstr\u0101d\u0101tu formulu. T\u0101 pamat\u0101 ir \u012bpa\u0161i att\u012br\u012bta medic\u012bniskas kvalit\u0101tes krist\u0101lisk\u0101 glikolsk\u0101be, kas pal\u012bdz redzami uzlabot \u0101das tekst\u016bru, samazin\u0101t poru redzam\u012bbu un izl\u012bdzin\u0101t \u0101das toni.<\/p>\n<p data-start=\"513\" data-end=\"711\">Kr\u0113ms akt\u012bvi atjauno \u0101du, padarot to glud\u0101ku, vienm\u0113r\u012bg\u0101ku un mirdzo\u0161\u0101ku. Regul\u0101ri lietojot, tas pal\u012bdz samazin\u0101t gan smalko, gan dzi\u013c\u0101ko grumbu redzam\u012bbu un iev\u0113rojami uzlabo kop\u0113jo \u0101das kvalit\u0101ti.<\/p>\n<p data-start=\"713\" data-end=\"916\">Viegl\u0101, mitrino\u0161\u0101 un pH l\u012bdzsvarot\u0101 formula ir \u0113rta lieto\u0161an\u0101 un nep\u0101rslogo \u0101du. Kr\u0113ms viegli kl\u0101jas un ir piem\u0113rots regul\u0101rai \u0101das kop\u0161anai, kas v\u0113rsta uz intens\u012bvu atjauno\u0161anu un virsmas izl\u012bdzin\u0101\u0161anu.<\/p>\n<p data-start=\"918\" data-end=\"951\"><strong data-start=\"918\" data-end=\"951\">Galveno sast\u0101vda\u013cu iedarb\u012bba:<\/strong><\/p>\n<p data-start=\"953\" data-end=\"1276\"><strong data-start=\"953\" data-end=\"971\">Glycolic Acid:<\/strong> nodro\u0161ina intens\u012bvu \u0101das atjauno\u0161anu un pal\u012bdz izl\u012bdzin\u0101t tekst\u016bru un toni.<br data-start=\"1047\" data-end=\"1050\" \/><strong data-start=\"1050\" data-end=\"1111\">Vitam\u012bni C un E (Ascorbyl Palmitate, Tocopheryl Acetate):<\/strong> pal\u012bdz uzlabot \u0101das mirdzumu un nodro\u0161ina antioksidantu aizsardz\u012bbu.<br data-start=\"1180\" data-end=\"1183\" \/><strong data-start=\"1183\" data-end=\"1213\">Ubiquinone (Coenzyme Q10):<\/strong> pal\u012bdz uztur\u0113t \u0101das ener\u0123iju un saglab\u0101t jaunekl\u012bg\u0101ku izskatu.<\/p>\n<p data-start=\"1278\" data-end=\"1493\">Piem\u0113rots \u0101dai ar nevienm\u0113r\u012bgu tekst\u016bru, bl\u0101vu toni, redzam\u0101m por\u0101m, fotonoveco\u0161an\u0101s paz\u012bm\u0113m, pigment\u0101ciju un redzam\u0101m grumb\u0101m. Ieteicams \u0101dai, kurai nepiecie\u0161ama intens\u012bva atjauno\u0161ana un \u0101das virsmas izl\u012bdzin\u0101\u0161ana.<\/p>\n<p data-start=\"1495\" data-end=\"1513\"><strong data-start=\"1495\" data-end=\"1507\">Tilpums:<\/strong> 50 ml<\/p>\n","protected":false},"excerpt":{"rendered":"<p data-start=\"1617\" data-end=\"1653\">Glikolsk\u0101bes kr\u0113ms \u0101das atjauno\u0161anai<\/p>\n<h2 data-start=\"1655\" data-end=\"1714\"><strong data-start=\"1655\" data-end=\"1714\">\u012apa\u0161\u012bbas Replenix &#8211; Glycolic Acid 20% Resurfacing Cream<\/strong><\/h2>\n<p data-start=\"1716\" data-end=\"1928\">\u2714\ufe0f Intens\u012bvi atjauno un izl\u012bdzina \u0101du<br data-start=\"1753\" data-end=\"1756\" \/>\u2714\ufe0f Man\u0101mi samazina grumbas un nel\u012bdzenumus<br data-start=\"1798\" data-end=\"1801\" \/>\u2714\ufe0f Izl\u012bdzina \u0101das toni un pie\u0161\u0137ir mirdzumu<br data-start=\"1843\" data-end=\"1846\" \/>\u2714\ufe0f Padara \u0101du tvirt\u0101ku un glud\u0101ku<br data-start=\"1879\" data-end=\"1882\" \/>\u2714\ufe0f B\u016btiski uzlabo \u0101das kvalit\u0101ti un tekst\u016bru<\/p>\n","protected":false},"featured_media":66142,"template":"","meta":[],"pwb-brand":[1253],"product_brand":[],"product_cat":[737,749],"product_tag":[],"giftcard-category":[],"class_list":{"0":"post-76135","1":"product","2":"type-product","3":"status-publish","4":"has-post-thumbnail","6":"pwb-brand-replenix-lv","7":"product_cat-mitrinasana","8":"product_cat-novecojosa-ada","10":"first","11":"instock","12":"taxable","13":"shipping-taxable","14":"purchasable","15":"product-type-simple"},"acf":[],"brands":[{"id":1253,"name":"REPLENIX","slug":"replenix-lv"}],"_links":{"self":[{"href":"https:\/\/skinstudio.ee\/lv\/wp-json\/wp\/v2\/product\/76135","targetHints":{"allow":["GET"]}}],"collection":[{"href":"https:\/\/skinstudio.ee\/lv\/wp-json\/wp\/v2\/product"}],"about":[{"href":"https:\/\/skinstudio.ee\/lv\/wp-json\/wp\/v2\/types\/product"}],"version-history":[{"count":1,"href":"https:\/\/skinstudio.ee\/lv\/wp-json\/wp\/v2\/product\/76135\/revisions"}],"predecessor-version":[{"id":76136,"href":"https:\/\/skinstudio.ee\/lv\/wp-json\/wp\/v2\/product\/76135\/revisions\/76136"}],"wp:featuredmedia":[{"embeddable":true,"href":"https:\/\/skinstudio.ee\/lv\/wp-json\/wp\/v2\/media\/66142"}],"wp:attachment":[{"href":"https:\/\/skinstudio.ee\/lv\/wp-json\/wp\/v2\/media?parent=76135"}],"wp:term":[{"taxonomy":"pwb-brand","embeddable":true,"href":"https:\/\/skinstudio.ee\/lv\/wp-json\/wp\/v2\/pwb-brand?post=76135"},{"taxonomy":"product_brand","embeddable":true,"href":"https:\/\/skinstudio.ee\/lv\/wp-json\/wp\/v2\/product_brand?post=76135"},{"taxonomy":"product_cat","embeddable":true,"href":"https:\/\/skinstudio.ee\/lv\/wp-json\/wp\/v2\/product_cat?post=76135"},{"taxonomy":"product_tag","embeddable":true,"href":"https:\/\/skinstudio.ee\/lv\/wp-json\/wp\/v2\/product_tag?post=76135"},{"taxonomy":"giftcard-category","embeddable":true,"href":"https:\/\/skinstudio.ee\/lv\/wp-json\/wp\/v2\/giftcard-category?post=76135"}],"curies":[{"name":"wp","href":"https:\/\/api.w.org\/{rel}","templated":true}]}}