{"id":76143,"date":"2025-06-17T13:16:28","date_gmt":"2025-06-17T13:16:28","guid":{"rendered":"https:\/\/skinstudio.ee\/?post_type=product&#038;p=76143"},"modified":"2026-01-28T14:16:32","modified_gmt":"2026-01-28T14:16:32","slug":"glycolic-acid-resurfacing-cleanser","status":"publish","type":"product","link":"https:\/\/skinstudio.ee\/lv\/catalog\/replenix-lv\/glycolic-acid-resurfacing-cleanser\/","title":{"rendered":"Glycolic Acid Resurfacing Cleanser"},"content":{"rendered":"<p data-start=\"198\" data-end=\"486\"><strong data-start=\"198\" data-end=\"248\">Glycolic Acid Resurfacing Cleanser no Replenix<\/strong> ir uzlabots, dermatologu izstr\u0101d\u0101ts att\u012bro\u0161s l\u012bdzeklis \u0101das atjauno\u0161anai un izl\u012bdzin\u0101\u0161anai, kas efekt\u012bvi no\u0146em net\u012brumus un lieko sebumu, neboj\u0101jot \u0101das dabisko mitruma l\u012bdzsvaru. Tas pal\u012bdz redzami uzlabot \u0101das tekst\u016bru un poru izskatu.<\/p>\n<p data-start=\"488\" data-end=\"690\">pH l\u012bdzsvarot\u0101 formula nodro\u0161ina maigu eksfoli\u0101ciju att\u012br\u012b\u0161anas laik\u0101, izl\u012bdzina \u0101das virsmu un pal\u012bdz m\u012bkstin\u0101t smalko l\u012bniju redzam\u012bbu. Regul\u0101ri lietojot, \u0101da izskat\u0101s t\u012br\u0101ka, glud\u0101ka un vienm\u0113r\u012bg\u0101ka.<\/p>\n<p data-start=\"692\" data-end=\"819\">Att\u012bro\u0161ais l\u012bdzeklis ir piem\u0113rots ikdienas lieto\u0161anai, nep\u0101rsusina \u0101du un labi sagatavo to akt\u012bvo kop\u0161anas l\u012bdzek\u013cu uzkl\u0101\u0161anai.<\/p>\n<p data-start=\"821\" data-end=\"854\"><strong data-start=\"821\" data-end=\"854\">Galveno sast\u0101vda\u013cu iedarb\u012bba:<\/strong><\/p>\n<p data-start=\"856\" data-end=\"1177\"><strong data-start=\"856\" data-end=\"874\">Glycolic Acid:<\/strong> maigi noloba \u0101du, uzlabo tekst\u016bru un izl\u012bdzina toni.<br data-start=\"927\" data-end=\"930\" \/><strong data-start=\"930\" data-end=\"1013\">Vitam\u012bni A, C un E (Retinyl Palmitate, Ascorbyl Palmitate, Tocopheryl Acetate):<\/strong> nodro\u0161ina antioksidantu atbalstu un pal\u012bdz uzlabot \u0101das kop\u0113jo izskatu.<br data-start=\"1085\" data-end=\"1088\" \/><strong data-start=\"1088\" data-end=\"1118\">Ubiquinone (Coenzyme Q10):<\/strong> pal\u012bdz uztur\u0113t \u0101das ener\u0123iju un saglab\u0101t svaig\u0101ku izskatu.<\/p>\n<p data-start=\"1179\" data-end=\"1343\">\u0160is att\u012bro\u0161ais l\u012bdzeklis ir piem\u0113rots \u0101dai ar nevienm\u0113r\u012bgu tekst\u016bru, bl\u0101vu toni un redzam\u0101m por\u0101m. Ieteicams regul\u0101rai maigai atjauno\u0161anai un glud\u0101kai \u0101das virsmai.<\/p>\n<p data-start=\"1345\" data-end=\"1364\"><strong data-start=\"1345\" data-end=\"1357\">Tilpums:<\/strong> 200 ml<\/p>\n","protected":false},"excerpt":{"rendered":"<p data-start=\"1538\" data-end=\"1589\">Glikolsk\u0101bes att\u012bro\u0161ais l\u012bdzeklis \u0101das atjauno\u0161anai<\/p>\n<h2 data-start=\"1591\" data-end=\"1649\"><strong data-start=\"1591\" data-end=\"1649\">\u012apa\u0161\u012bbas Replenix &#8211; Glycolic Acid Resurfacing Cleanser<\/strong><\/h2>\n<p data-start=\"1651\" data-end=\"1836\">\u2714\ufe0f Att\u012bra \u0101du un no\u0146em lieko sebumu<br data-start=\"1686\" data-end=\"1689\" \/>\u2714\ufe0f Maigi izl\u012bdzina un uzlabo tekst\u016bru<br data-start=\"1726\" data-end=\"1729\" \/>\u2714\ufe0f Padara \u0101du t\u012br\u0101ku un svaig\u0101ku<br data-start=\"1761\" data-end=\"1764\" \/>\u2714\ufe0f Uzlabo poru un \u0101das to\u0146a izskatu<br data-start=\"1799\" data-end=\"1802\" \/>\u2714\ufe0f Sagatavo \u0101du akt\u012bvai kop\u0161anai<\/p>\n","protected":false},"featured_media":66148,"template":"","meta":[],"pwb-brand":[1253],"product_brand":[],"product_cat":[715],"product_tag":[],"giftcard-category":[],"class_list":{"0":"post-76143","1":"product","2":"type-product","3":"status-publish","4":"has-post-thumbnail","6":"pwb-brand-replenix-lv","7":"product_cat-attirisana","9":"first","10":"instock","11":"taxable","12":"shipping-taxable","13":"purchasable","14":"product-type-simple"},"acf":[],"brands":[{"id":1253,"name":"REPLENIX","slug":"replenix-lv"}],"_links":{"self":[{"href":"https:\/\/skinstudio.ee\/lv\/wp-json\/wp\/v2\/product\/76143","targetHints":{"allow":["GET"]}}],"collection":[{"href":"https:\/\/skinstudio.ee\/lv\/wp-json\/wp\/v2\/product"}],"about":[{"href":"https:\/\/skinstudio.ee\/lv\/wp-json\/wp\/v2\/types\/product"}],"version-history":[{"count":1,"href":"https:\/\/skinstudio.ee\/lv\/wp-json\/wp\/v2\/product\/76143\/revisions"}],"predecessor-version":[{"id":76144,"href":"https:\/\/skinstudio.ee\/lv\/wp-json\/wp\/v2\/product\/76143\/revisions\/76144"}],"wp:featuredmedia":[{"embeddable":true,"href":"https:\/\/skinstudio.ee\/lv\/wp-json\/wp\/v2\/media\/66148"}],"wp:attachment":[{"href":"https:\/\/skinstudio.ee\/lv\/wp-json\/wp\/v2\/media?parent=76143"}],"wp:term":[{"taxonomy":"pwb-brand","embeddable":true,"href":"https:\/\/skinstudio.ee\/lv\/wp-json\/wp\/v2\/pwb-brand?post=76143"},{"taxonomy":"product_brand","embeddable":true,"href":"https:\/\/skinstudio.ee\/lv\/wp-json\/wp\/v2\/product_brand?post=76143"},{"taxonomy":"product_cat","embeddable":true,"href":"https:\/\/skinstudio.ee\/lv\/wp-json\/wp\/v2\/product_cat?post=76143"},{"taxonomy":"product_tag","embeddable":true,"href":"https:\/\/skinstudio.ee\/lv\/wp-json\/wp\/v2\/product_tag?post=76143"},{"taxonomy":"giftcard-category","embeddable":true,"href":"https:\/\/skinstudio.ee\/lv\/wp-json\/wp\/v2\/giftcard-category?post=76143"}],"curies":[{"name":"wp","href":"https:\/\/api.w.org\/{rel}","templated":true}]}}