{"id":76154,"date":"2025-05-31T08:44:02","date_gmt":"2025-05-31T08:44:02","guid":{"rendered":"https:\/\/skinstudio.ee\/?post_type=product&#038;p=76154"},"modified":"2026-01-28T14:16:32","modified_gmt":"2026-01-28T14:16:32","slug":"gly-sal-5-2-clarifying-pads","status":"publish","type":"product","link":"https:\/\/skinstudio.ee\/lv\/catalog\/replenix-lv\/gly-sal-5-2-clarifying-pads\/","title":{"rendered":"Gly-Sal 5-2 Clarifying Pads"},"content":{"rendered":"<p data-start=\"179\" data-end=\"470\"><strong data-start=\"179\" data-end=\"222\">Gly-Sal 5-2 Clarifying Pads no Replenix<\/strong> ir att\u012bro\u0161i spilventi\u0146i ar 5% glikolsk\u0101bes un 2% salicilsk\u0101bes kombin\u0101ciju, kas paredz\u0113ti efekt\u012bvai kop\u0161anai \u0101dai ar noslieci uz izsitumiem. Formula pal\u012bdz maigi nolob\u012bt \u0101du, att\u012br\u012bt poras un no\u0146emt lieko sebumu, veicinot \u0101tr\u0101ku \u0101das atjauno\u0161anos.<\/p>\n<p data-start=\"472\" data-end=\"704\">Regul\u0101ri lietojot, spilventi\u0146i pal\u012bdz samazin\u0101t izsitumu redzam\u012bbu, uzlabo \u0101das tekst\u016bru un padara \u0101du vizu\u0101li t\u012br\u0101ku un l\u012bdzsvarot\u0101ku. \u0100da izskat\u0101s glud\u0101ka, svaig\u0101ka un vienm\u0113r\u012bg\u0101ka, bet jaunu nepiln\u012bbu par\u0101d\u012b\u0161an\u0101s risks samazin\u0101s.<\/p>\n<p data-start=\"706\" data-end=\"850\">Pateicoties \u0113rtajam spilventi\u0146u form\u0101tam, produktu ir viegli izmantot ikdienas \u0101das kop\u0161an\u0101 un tas pal\u012bdz saglab\u0101t t\u012bras un svaigas \u0101das saj\u016btu.<\/p>\n<p data-start=\"852\" data-end=\"885\"><strong data-start=\"852\" data-end=\"885\">Galveno sast\u0101vda\u013cu iedarb\u012bba:<\/strong><\/p>\n<p data-start=\"887\" data-end=\"1167\"><strong data-start=\"887\" data-end=\"910\">Glycolic Acid (5%):<\/strong> noloba atmiru\u0161\u0101s \u0101das \u0161\u016bnas un pal\u012bdz uzlabot \u0101das tekst\u016bru.<br data-start=\"971\" data-end=\"974\" \/><strong data-start=\"974\" data-end=\"998\">Salicylic Acid (2%):<\/strong> pal\u012bdz att\u012br\u012bt poras, mazin\u0101t izsitumus un nov\u0113rst jaunu nepiln\u012bbu veido\u0161anos.<br data-start=\"1077\" data-end=\"1080\" \/><strong data-start=\"1080\" data-end=\"1119\">Hamamelis Virginiana (Witch Hazel):<\/strong> pal\u012bdz l\u012bdzsvarot \u0101du un mazin\u0101t lieko sp\u012bdumu.<\/p>\n<p data-start=\"1169\" data-end=\"1340\">Spilventi\u0146i ir piem\u0113roti \u0101dai ar noslieci uz izsitumiem un lieku sebuma izdal\u012b\u0161anos. Ieteicami regul\u0101rai att\u012br\u012b\u0161anai, \u0101das atjauno\u0161anai un t\u012br\u0101ka \u0101das izskata uztur\u0113\u0161anai.<\/p>\n<p data-start=\"1342\" data-end=\"1369\"><strong data-start=\"1342\" data-end=\"1354\">Tilpums:<\/strong> 60 spilventi\u0146i<\/p>\n","protected":false},"excerpt":{"rendered":"<p data-start=\"1535\" data-end=\"1571\">Att\u012bro\u0161i spilventi\u0146i pret izsitumiem<\/p>\n<h2 data-start=\"1573\" data-end=\"1624\"><strong data-start=\"1573\" data-end=\"1624\">\u012apa\u0161\u012bbas Replenix &#8211; Gly-Sal 5-2 Clarifying Pads<\/strong><\/h2>\n<p data-start=\"1626\" data-end=\"1824\">\u2714\ufe0f Dzi\u013ci att\u012bra poras un \u0101das virsmu<br data-start=\"1662\" data-end=\"1665\" \/>\u2714\ufe0f Akt\u012bvi samazina izsitumus un nepiln\u012bbas<br data-start=\"1707\" data-end=\"1710\" \/>\u2714\ufe0f Kontrol\u0113 lieko sebumu un sp\u012bdumu<br data-start=\"1745\" data-end=\"1748\" \/>\u2714\ufe0f Uzlabo \u0101das tekst\u016bru un izskatu<br data-start=\"1782\" data-end=\"1785\" \/>\u2714\ufe0f Pal\u012bdz saglab\u0101t \u0101du t\u012bru un mat\u0113tu<\/p>\n","protected":false},"featured_media":66158,"template":"","meta":[],"pwb-brand":[1253],"product_brand":[],"product_cat":[715,741,743,747,721],"product_tag":[],"giftcard-category":[],"class_list":{"0":"post-76154","1":"product","2":"type-product","3":"status-publish","4":"has-post-thumbnail","6":"pwb-brand-replenix-lv","7":"product_cat-attirisana","8":"product_cat-izsitumi","9":"product_cat-paplasinatas-poras","10":"product_cat-taukainai-adai","11":"product_cat-toniki-lv","13":"first","14":"instock","15":"taxable","16":"shipping-taxable","17":"purchasable","18":"product-type-simple"},"acf":[],"brands":[{"id":1253,"name":"REPLENIX","slug":"replenix-lv"}],"_links":{"self":[{"href":"https:\/\/skinstudio.ee\/lv\/wp-json\/wp\/v2\/product\/76154","targetHints":{"allow":["GET"]}}],"collection":[{"href":"https:\/\/skinstudio.ee\/lv\/wp-json\/wp\/v2\/product"}],"about":[{"href":"https:\/\/skinstudio.ee\/lv\/wp-json\/wp\/v2\/types\/product"}],"version-history":[{"count":1,"href":"https:\/\/skinstudio.ee\/lv\/wp-json\/wp\/v2\/product\/76154\/revisions"}],"predecessor-version":[{"id":76155,"href":"https:\/\/skinstudio.ee\/lv\/wp-json\/wp\/v2\/product\/76154\/revisions\/76155"}],"wp:featuredmedia":[{"embeddable":true,"href":"https:\/\/skinstudio.ee\/lv\/wp-json\/wp\/v2\/media\/66158"}],"wp:attachment":[{"href":"https:\/\/skinstudio.ee\/lv\/wp-json\/wp\/v2\/media?parent=76154"}],"wp:term":[{"taxonomy":"pwb-brand","embeddable":true,"href":"https:\/\/skinstudio.ee\/lv\/wp-json\/wp\/v2\/pwb-brand?post=76154"},{"taxonomy":"product_brand","embeddable":true,"href":"https:\/\/skinstudio.ee\/lv\/wp-json\/wp\/v2\/product_brand?post=76154"},{"taxonomy":"product_cat","embeddable":true,"href":"https:\/\/skinstudio.ee\/lv\/wp-json\/wp\/v2\/product_cat?post=76154"},{"taxonomy":"product_tag","embeddable":true,"href":"https:\/\/skinstudio.ee\/lv\/wp-json\/wp\/v2\/product_tag?post=76154"},{"taxonomy":"giftcard-category","embeddable":true,"href":"https:\/\/skinstudio.ee\/lv\/wp-json\/wp\/v2\/giftcard-category?post=76154"}],"curies":[{"name":"wp","href":"https:\/\/api.w.org\/{rel}","templated":true}]}}