{"id":76161,"date":"2024-11-21T15:39:17","date_gmt":"2024-11-21T15:39:17","guid":{"rendered":"https:\/\/skinstudio.ee\/?post_type=product&#038;p=76161"},"modified":"2026-01-28T14:16:32","modified_gmt":"2026-01-28T14:16:32","slug":"bp-10-acne-wash-aloe-vera","status":"publish","type":"product","link":"https:\/\/skinstudio.ee\/lv\/catalog\/replenix\/bp-10-acne-wash-aloe-vera\/","title":{"rendered":"BP 10% Acne Wash + Aloe Vera"},"content":{"rendered":"<p data-start=\"181\" data-end=\"453\"><strong data-start=\"181\" data-end=\"225\">BP 10% Acne Wash + Aloe Vera no Replenix<\/strong> ir intens\u012bvs att\u012bro\u0161s l\u012bdzeklis \u0101dai ar noslieci uz izsitumiem, kas satur 10% benzoilperoks\u012bda un alveju. Formula pal\u012bdz dzi\u013ci att\u012br\u012bt poras, samazin\u0101t ar akni saist\u012bt\u0101s bakt\u0113rijas un veicin\u0101t t\u012br\u0101ku, vienm\u0113r\u012bg\u0101ku \u0101das izskatu.<\/p>\n<p data-start=\"455\" data-end=\"649\">Att\u012bro\u0161ais l\u012bdzeklis efekt\u012bvi no\u0146em net\u012brumus un lieko sebumu, nep\u0101rsusinot un nekairinot \u0101du. pH l\u012bdzsvarot\u0101 formula pal\u012bdz saglab\u0101t \u0101das komfortu lieto\u0161anas laik\u0101 un atst\u0101j \u0101du t\u012bru un svaigu.<\/p>\n<p data-start=\"651\" data-end=\"762\">Pateicoties alvejas pievieno\u0161anai, \u0101da p\u0113c att\u012br\u012b\u0161anas j\u016btas mier\u012bg\u0101ka un komfortabl\u0101ka, bez savilkuma saj\u016btas.<\/p>\n<p data-start=\"764\" data-end=\"797\"><strong data-start=\"764\" data-end=\"797\">Galveno sast\u0101vda\u013cu iedarb\u012bba:<\/strong><\/p>\n<p data-start=\"799\" data-end=\"1054\"><strong data-start=\"799\" data-end=\"826\">Benzoyl Peroxide (10%):<\/strong> pal\u012bdz dzi\u013ci att\u012br\u012bt poras un samazin\u0101t izsitumus.<br data-start=\"877\" data-end=\"880\" \/><strong data-start=\"880\" data-end=\"926\">Aloe Vera (Aloe Barbadensis Leaf Extract):<\/strong> pal\u012bdz nomierin\u0101t \u0101du un uztur\u0113t t\u0101s komfortu.<br data-start=\"973\" data-end=\"976\" \/><strong data-start=\"976\" data-end=\"993\">Stearic Acid:<\/strong> pal\u012bdz uztur\u0113t formulas att\u012bro\u0161o iedarb\u012bbu un \u0101das komfortu.<\/p>\n<p data-start=\"1056\" data-end=\"1237\">\u0160is att\u012bro\u0161ais l\u012bdzeklis ir piem\u0113rots \u0101dai ar noslieci uz izsitumiem, akni un lieku sebuma izdal\u012b\u0161anos. Ieteicams regul\u0101rai att\u012br\u012b\u0161anai un t\u012br\u0101ka, mat\u0113t\u0101ka \u0101das izskata uztur\u0113\u0161anai.<\/p>\n<p data-start=\"1239\" data-end=\"1258\"><strong data-start=\"1239\" data-end=\"1251\">Tilpums:<\/strong> 200 ml<\/p>\n","protected":false},"excerpt":{"rendered":"<p data-start=\"1456\" data-end=\"1490\">Att\u012bro\u0161s l\u012bdzeklis pret izsitumiem<\/p>\n<h2 data-start=\"1492\" data-end=\"1544\"><strong data-start=\"1492\" data-end=\"1544\">\u012apa\u0161\u012bbas Replenix &#8211; BP 10% Acne Wash + Aloe Vera<\/strong><\/h2>\n<p data-start=\"1546\" data-end=\"1735\">\u2714\ufe0f Dzi\u013ci att\u012bra \u0101du un poras<br data-start=\"1574\" data-end=\"1577\" \/>\u2714\ufe0f Akt\u012bvi samazina izsitumus un nepiln\u012bbas<br data-start=\"1619\" data-end=\"1622\" \/>\u2714\ufe0f Kontrol\u0113 lieko sebumu un sp\u012bdumu<br data-start=\"1657\" data-end=\"1660\" \/>\u2714\ufe0f Pal\u012bdz saglab\u0101t \u0101du t\u012bru un mat\u0113tu<br data-start=\"1697\" data-end=\"1700\" \/>\u2714\ufe0f Padara \u0101du svaig\u0101ku un glud\u0101ku<\/p>\n","protected":false},"featured_media":64370,"template":"","meta":[],"pwb-brand":[1253],"product_brand":[],"product_cat":[715,747],"product_tag":[],"giftcard-category":[],"class_list":{"0":"post-76161","1":"product","2":"type-product","3":"status-publish","4":"has-post-thumbnail","6":"pwb-brand-replenix","7":"product_cat-attirisana","8":"product_cat-taukainai-adai","10":"first","11":"instock","12":"taxable","13":"shipping-taxable","14":"purchasable","15":"product-type-simple"},"acf":[],"brands":[{"id":1253,"name":"REPLENIX","slug":"replenix"}],"_links":{"self":[{"href":"https:\/\/skinstudio.ee\/lv\/wp-json\/wp\/v2\/product\/76161","targetHints":{"allow":["GET"]}}],"collection":[{"href":"https:\/\/skinstudio.ee\/lv\/wp-json\/wp\/v2\/product"}],"about":[{"href":"https:\/\/skinstudio.ee\/lv\/wp-json\/wp\/v2\/types\/product"}],"version-history":[{"count":1,"href":"https:\/\/skinstudio.ee\/lv\/wp-json\/wp\/v2\/product\/76161\/revisions"}],"predecessor-version":[{"id":76163,"href":"https:\/\/skinstudio.ee\/lv\/wp-json\/wp\/v2\/product\/76161\/revisions\/76163"}],"wp:featuredmedia":[{"embeddable":true,"href":"https:\/\/skinstudio.ee\/lv\/wp-json\/wp\/v2\/media\/64370"}],"wp:attachment":[{"href":"https:\/\/skinstudio.ee\/lv\/wp-json\/wp\/v2\/media?parent=76161"}],"wp:term":[{"taxonomy":"pwb-brand","embeddable":true,"href":"https:\/\/skinstudio.ee\/lv\/wp-json\/wp\/v2\/pwb-brand?post=76161"},{"taxonomy":"product_brand","embeddable":true,"href":"https:\/\/skinstudio.ee\/lv\/wp-json\/wp\/v2\/product_brand?post=76161"},{"taxonomy":"product_cat","embeddable":true,"href":"https:\/\/skinstudio.ee\/lv\/wp-json\/wp\/v2\/product_cat?post=76161"},{"taxonomy":"product_tag","embeddable":true,"href":"https:\/\/skinstudio.ee\/lv\/wp-json\/wp\/v2\/product_tag?post=76161"},{"taxonomy":"giftcard-category","embeddable":true,"href":"https:\/\/skinstudio.ee\/lv\/wp-json\/wp\/v2\/giftcard-category?post=76161"}],"curies":[{"name":"wp","href":"https:\/\/api.w.org\/{rel}","templated":true}]}}