{"id":76171,"date":"2024-11-21T14:14:35","date_gmt":"2024-11-21T14:14:35","guid":{"rendered":"https:\/\/skinstudio.ee\/?post_type=product&#038;p=76171"},"modified":"2026-01-28T14:16:32","modified_gmt":"2026-01-28T14:16:32","slug":"bp-5-acne-wash","status":"publish","type":"product","link":"https:\/\/skinstudio.ee\/lv\/catalog\/replenix-lv\/bp-5-acne-wash\/","title":{"rendered":"BP 5% Acne Wash"},"content":{"rendered":"<p data-start=\"155\" data-end=\"411\"><strong data-start=\"155\" data-end=\"186\">BP 5% Acne Wash no Replenix<\/strong> ir att\u012bro\u0161s l\u012bdzeklis ar 5% benzoilperoks\u012bdu, kas paredz\u0113ts ikdienas kop\u0161anai \u0101dai ar noslieci uz izsitumiem. Formula pal\u012bdz att\u012br\u012bt poras, samazin\u0101t ar akni saist\u012bt\u0101s bakt\u0113rijas un uztur\u0113t t\u012br\u0101ku, vienm\u0113r\u012bg\u0101ku \u0101das izskatu.<\/p>\n<p data-start=\"413\" data-end=\"607\">Att\u012bro\u0161ais l\u012bdzeklis efekt\u012bvi no\u0146em net\u012brumus un lieko sebumu, nep\u0101rsusinot un nekairinot \u0101du. pH l\u012bdzsvarot\u0101 formula pal\u012bdz saglab\u0101t \u0101das komfortu lieto\u0161anas laik\u0101 un atst\u0101j \u0101du t\u012bru un svaigu.<\/p>\n<p data-start=\"609\" data-end=\"746\">Pateicoties maig\u0101kai benzoilperoks\u012bda koncentr\u0101cijai, produkts ir piem\u0113rots regul\u0101rai, ikdienas lieto\u0161anai un komfortablai \u0101das kop\u0161anai.<\/p>\n<p data-start=\"748\" data-end=\"781\"><strong data-start=\"748\" data-end=\"781\">Galveno sast\u0101vda\u013cu iedarb\u012bba:<\/strong><\/p>\n<p data-start=\"783\" data-end=\"1018\"><strong data-start=\"783\" data-end=\"809\">Benzoyl Peroxide (5%):<\/strong> pal\u012bdz att\u012br\u012bt poras un mazin\u0101t izsitumus.<br data-start=\"852\" data-end=\"855\" \/><strong data-start=\"855\" data-end=\"872\">Stearic Acid:<\/strong> pal\u012bdz uztur\u0113t formulas att\u012bro\u0161o iedarb\u012bbu un \u0101das komfortu.<br data-start=\"933\" data-end=\"936\" \/><strong data-start=\"936\" data-end=\"949\">Carbomer:<\/strong> pal\u012bdz nodro\u0161in\u0101t pat\u012bkamu tekst\u016bru un vienm\u0113r\u012bgu uzkl\u0101\u0161anu uz \u0101das.<\/p>\n<p data-start=\"1020\" data-end=\"1225\">\u0160is att\u012bro\u0161ais l\u012bdzeklis ir piem\u0113rots \u0101dai ar noslieci uz izsitumiem, lieku sebuma izdal\u012b\u0161anos un periodiskiem iekaisumiem. Ieteicams ikdienas att\u012br\u012b\u0161anai un t\u012br\u0101ka, l\u012bdzsvarot\u0101ka \u0101das izskata uztur\u0113\u0161anai.<\/p>\n<p data-start=\"1227\" data-end=\"1246\"><strong data-start=\"1227\" data-end=\"1239\">Tilpums:<\/strong> 200 ml<\/p>\n","protected":false},"excerpt":{"rendered":"<p data-start=\"1443\" data-end=\"1477\">Att\u012bro\u0161s l\u012bdzeklis pret izsitumiem<\/p>\n<h2 data-start=\"1479\" data-end=\"1518\"><strong data-start=\"1479\" data-end=\"1518\">\u012apa\u0161\u012bbas Replenix &#8211; BP 5% Acne Wash<\/strong><\/h2>\n<p data-start=\"1520\" data-end=\"1705\">\u2714\ufe0f Maigi un efekt\u012bvi att\u012bra \u0101du<br data-start=\"1551\" data-end=\"1554\" \/>\u2714\ufe0f Pal\u012bdz samazin\u0101t izsitumus un aps\u0101rtumu<br data-start=\"1596\" data-end=\"1599\" \/>\u2714\ufe0f Att\u012bra poras un samazina taukain\u012bbu<br data-start=\"1637\" data-end=\"1640\" \/>\u2714\ufe0f Piem\u0113rots ikdienas lieto\u0161anai<br data-start=\"1672\" data-end=\"1675\" \/>\u2714\ufe0f Atst\u0101j \u0101du t\u012bru un svaigu<\/p>\n","protected":false},"featured_media":66163,"template":"","meta":[],"pwb-brand":[1253],"product_brand":[],"product_cat":[715,747],"product_tag":[],"giftcard-category":[],"class_list":{"0":"post-76171","1":"product","2":"type-product","3":"status-publish","4":"has-post-thumbnail","6":"pwb-brand-replenix-lv","7":"product_cat-attirisana","8":"product_cat-taukainai-adai","10":"first","11":"instock","12":"taxable","13":"shipping-taxable","14":"purchasable","15":"product-type-simple"},"acf":[],"brands":[{"id":1253,"name":"REPLENIX","slug":"replenix-lv"}],"_links":{"self":[{"href":"https:\/\/skinstudio.ee\/lv\/wp-json\/wp\/v2\/product\/76171","targetHints":{"allow":["GET"]}}],"collection":[{"href":"https:\/\/skinstudio.ee\/lv\/wp-json\/wp\/v2\/product"}],"about":[{"href":"https:\/\/skinstudio.ee\/lv\/wp-json\/wp\/v2\/types\/product"}],"version-history":[{"count":1,"href":"https:\/\/skinstudio.ee\/lv\/wp-json\/wp\/v2\/product\/76171\/revisions"}],"predecessor-version":[{"id":76173,"href":"https:\/\/skinstudio.ee\/lv\/wp-json\/wp\/v2\/product\/76171\/revisions\/76173"}],"wp:featuredmedia":[{"embeddable":true,"href":"https:\/\/skinstudio.ee\/lv\/wp-json\/wp\/v2\/media\/66163"}],"wp:attachment":[{"href":"https:\/\/skinstudio.ee\/lv\/wp-json\/wp\/v2\/media?parent=76171"}],"wp:term":[{"taxonomy":"pwb-brand","embeddable":true,"href":"https:\/\/skinstudio.ee\/lv\/wp-json\/wp\/v2\/pwb-brand?post=76171"},{"taxonomy":"product_brand","embeddable":true,"href":"https:\/\/skinstudio.ee\/lv\/wp-json\/wp\/v2\/product_brand?post=76171"},{"taxonomy":"product_cat","embeddable":true,"href":"https:\/\/skinstudio.ee\/lv\/wp-json\/wp\/v2\/product_cat?post=76171"},{"taxonomy":"product_tag","embeddable":true,"href":"https:\/\/skinstudio.ee\/lv\/wp-json\/wp\/v2\/product_tag?post=76171"},{"taxonomy":"giftcard-category","embeddable":true,"href":"https:\/\/skinstudio.ee\/lv\/wp-json\/wp\/v2\/giftcard-category?post=76171"}],"curies":[{"name":"wp","href":"https:\/\/api.w.org\/{rel}","templated":true}]}}