{"id":76180,"date":"2024-11-15T14:07:16","date_gmt":"2024-11-15T14:07:16","guid":{"rendered":"https:\/\/skinstudio.ee\/?post_type=product&#038;p=76180"},"modified":"2026-01-28T14:16:32","modified_gmt":"2026-01-28T14:16:32","slug":"bp-acne-gel-10-spot-treatment","status":"publish","type":"product","link":"https:\/\/skinstudio.ee\/lv\/catalog\/replenix-lv\/bp-acne-gel-10-spot-treatment\/","title":{"rendered":"BP Acne Gel 10% Spot Treatment"},"content":{"rendered":"<p data-start=\"185\" data-end=\"451\"><strong data-start=\"185\" data-end=\"231\">BP Acne Gel 10% Spot Treatment no Replenix<\/strong> ir koncentr\u0113ts l\u012bdzeklis lok\u0101lai kop\u0161anai \u0101dai ar noslieci uz izsitumiem. Formula ar 10% benzoilperoks\u012bdu pal\u012bdz \u0101tri iedarboties uz problem\u0101tiskaj\u0101m viet\u0101m, samazinot izsitumu redzam\u012bbu un veicinot t\u012br\u0101ku \u0101das izskatu.<\/p>\n<p data-start=\"453\" data-end=\"616\">Gels tiek uzkl\u0101ts lok\u0101li un darbojas tie\u0161i tur, kur tas nepiecie\u0161ams, nep\u0101rslogojot p\u0101r\u0113jo \u0101du. Viegl\u0101 tekst\u016bra \u0101tri ies\u016bcas un neatst\u0101j lip\u012bguma saj\u016btu vai p\u0113das.<\/p>\n<p data-start=\"618\" data-end=\"739\">Pareizi un regul\u0101ri lietojot, l\u012bdzeklis pal\u012bdz samazin\u0101t jaunu nepiln\u012bbu par\u0101d\u012b\u0161anos un uztur\u0113t vienm\u0113r\u012bg\u0101ku \u0101das virsmu.<\/p>\n<p data-start=\"741\" data-end=\"774\"><strong data-start=\"741\" data-end=\"774\">Galveno sast\u0101vda\u013cu iedarb\u012bba:<\/strong><\/p>\n<p data-start=\"776\" data-end=\"1017\"><strong data-start=\"776\" data-end=\"803\">Benzoyl Peroxide (10%):<\/strong> pal\u012bdz akt\u012bvi iedarboties uz izsitumiem un mazin\u0101t to redzam\u012bbu.<br data-start=\"868\" data-end=\"871\" \/><strong data-start=\"871\" data-end=\"884\">Carbomer:<\/strong> nodro\u0161ina vieglu \u017eelejveida tekst\u016bru prec\u012bzai lok\u0101lai uzkl\u0101\u0161anai.<br data-start=\"950\" data-end=\"953\" \/><strong data-start=\"953\" data-end=\"970\">Stearic Acid:<\/strong> pal\u012bdz uztur\u0113t \u0101das komfortu lieto\u0161anas laik\u0101.<\/p>\n<p data-start=\"1019\" data-end=\"1151\">L\u012bdzeklis ir piem\u0113rots \u0101dai ar lok\u0101liem izsitumiem un periodisk\u0101m nepiln\u012bb\u0101m. Ieteicams lietot punktveid\u0101 uz problem\u0101tiskaj\u0101m zon\u0101m.<\/p>\n<p data-start=\"1153\" data-end=\"1170\"><strong data-start=\"1153\" data-end=\"1165\">Tilpums:<\/strong> 57 g<\/p>\n","protected":false},"excerpt":{"rendered":"<p data-start=\"1608\" data-end=\"1640\">Lok\u0101ls l\u012bdzeklis pret izsitumiem<\/p>\n<h2 data-start=\"1642\" data-end=\"1696\"><strong data-start=\"1642\" data-end=\"1696\">\u012apa\u0161\u012bbas Replenix &#8211; BP Acne Gel 10% Spot Treatment<\/strong><\/h2>\n<p data-start=\"1698\" data-end=\"1906\">\u2714\ufe0f M\u0113r\u0137tiec\u012bgi iedarbojas uz izsitumiem<br data-start=\"1737\" data-end=\"1740\" \/>\u2714\ufe0f \u0100tri samazina aps\u0101rtumu un iekaisumu<br data-start=\"1779\" data-end=\"1782\" \/>\u2714\ufe0f Pal\u012bdz nov\u0113rst jaunu nepiln\u012bbu ra\u0161anos<br data-start=\"1823\" data-end=\"1826\" \/>\u2714\ufe0f Nep\u0101rslogo \u0101du lok\u0101las lieto\u0161anas laik\u0101<br data-start=\"1868\" data-end=\"1871\" \/>\u2714\ufe0f \u0100tri ies\u016bcas un neatst\u0101j p\u0113das<\/p>\n","protected":false},"featured_media":66168,"template":"","meta":[],"pwb-brand":[1253],"product_brand":[],"product_cat":[741],"product_tag":[],"giftcard-category":[],"class_list":{"0":"post-76180","1":"product","2":"type-product","3":"status-publish","4":"has-post-thumbnail","6":"pwb-brand-replenix-lv","7":"product_cat-izsitumi","9":"first","10":"instock","11":"taxable","12":"shipping-taxable","13":"purchasable","14":"product-type-simple"},"acf":[],"brands":[{"id":1253,"name":"REPLENIX","slug":"replenix-lv"}],"_links":{"self":[{"href":"https:\/\/skinstudio.ee\/lv\/wp-json\/wp\/v2\/product\/76180","targetHints":{"allow":["GET"]}}],"collection":[{"href":"https:\/\/skinstudio.ee\/lv\/wp-json\/wp\/v2\/product"}],"about":[{"href":"https:\/\/skinstudio.ee\/lv\/wp-json\/wp\/v2\/types\/product"}],"version-history":[{"count":1,"href":"https:\/\/skinstudio.ee\/lv\/wp-json\/wp\/v2\/product\/76180\/revisions"}],"predecessor-version":[{"id":76184,"href":"https:\/\/skinstudio.ee\/lv\/wp-json\/wp\/v2\/product\/76180\/revisions\/76184"}],"wp:featuredmedia":[{"embeddable":true,"href":"https:\/\/skinstudio.ee\/lv\/wp-json\/wp\/v2\/media\/66168"}],"wp:attachment":[{"href":"https:\/\/skinstudio.ee\/lv\/wp-json\/wp\/v2\/media?parent=76180"}],"wp:term":[{"taxonomy":"pwb-brand","embeddable":true,"href":"https:\/\/skinstudio.ee\/lv\/wp-json\/wp\/v2\/pwb-brand?post=76180"},{"taxonomy":"product_brand","embeddable":true,"href":"https:\/\/skinstudio.ee\/lv\/wp-json\/wp\/v2\/product_brand?post=76180"},{"taxonomy":"product_cat","embeddable":true,"href":"https:\/\/skinstudio.ee\/lv\/wp-json\/wp\/v2\/product_cat?post=76180"},{"taxonomy":"product_tag","embeddable":true,"href":"https:\/\/skinstudio.ee\/lv\/wp-json\/wp\/v2\/product_tag?post=76180"},{"taxonomy":"giftcard-category","embeddable":true,"href":"https:\/\/skinstudio.ee\/lv\/wp-json\/wp\/v2\/giftcard-category?post=76180"}],"curies":[{"name":"wp","href":"https:\/\/api.w.org\/{rel}","templated":true}]}}