{"id":76368,"date":"2025-08-07T11:31:59","date_gmt":"2025-08-07T11:31:59","guid":{"rendered":"https:\/\/skinstudio.ee\/?post_type=product&#038;p=76368"},"modified":"2026-01-28T14:16:30","modified_gmt":"2026-01-28T14:16:30","slug":"c-infusion-cleanser","status":"publish","type":"product","link":"https:\/\/skinstudio.ee\/lv\/catalog\/dermaquest-lv\/c-infusion-cleanser\/","title":{"rendered":"C Infusion Cleanser"},"content":{"rendered":"<p data-start=\"157\" data-end=\"451\"><strong data-start=\"157\" data-end=\"194\">C Infusion Cleanser no Dermaquest<\/strong> ir mitrino\u0161s putojo\u0161s att\u012bro\u0161s l\u012bdzeklis ar C vitam\u012bnu un antioksidantu kompleksu, kas paredz\u0113ts maigai, bet efekt\u012bvai ikdienas \u0101das att\u012br\u012b\u0161anai. Formula no\u0146em net\u012brumus un lieko sebumu, vienlaikus pal\u012bdzot saglab\u0101t \u0101das svaigu, glud\u0101ku un kopt\u0101ku izskatu.<\/p>\n<p data-start=\"453\" data-end=\"664\">Att\u012br\u012b\u0161anas laik\u0101 \u0101da sa\u0146em antioksidantu atbalstu, kas pal\u012bdz uztur\u0113t gai\u0161\u0101ku, vienm\u0113r\u012bg\u0101ku un vesel\u012bg\u0101ku sejas toni. P\u0113c mazg\u0101\u0161anas \u0101da j\u016btas maiga, komfortabla un mitrin\u0101ta, bez savilkuma vai sausuma saj\u016btas.<\/p>\n<p data-start=\"666\" data-end=\"752\">L\u012bdzeklis ir piem\u0113rots regul\u0101rai lieto\u0161anai gan r\u012bta, gan vakara \u0101das kop\u0161anas rut\u012bn\u0101.<\/p>\n<p data-start=\"754\" data-end=\"787\"><strong data-start=\"754\" data-end=\"787\">Galveno sast\u0101vda\u013cu iedarb\u012bba:<\/strong><\/p>\n<p data-start=\"789\" data-end=\"1068\"><strong data-start=\"789\" data-end=\"831\">Vitamin C (Tetrahexyldecyl Ascorbate):<\/strong> pal\u012bdz uztur\u0113t \u0101das mirdzumu un vienm\u0113r\u012bg\u0101ku toni.<br data-start=\"882\" data-end=\"885\" \/><strong data-start=\"885\" data-end=\"899\">Panthenol:<\/strong> pal\u012bdz saglab\u0101t \u0101das komfortu un mitruma l\u012bmeni.<br data-start=\"948\" data-end=\"951\" \/><strong data-start=\"951\" data-end=\"989\">Thioctic Acid (Alpha Lipoic Acid):<\/strong> nodro\u0161ina antioksidantu atbalstu un pal\u012bdz aizsarg\u0101t \u0101du no \u0101r\u0113jiem faktoriem.<\/p>\n<p data-start=\"1070\" data-end=\"1236\">Att\u012bro\u0161ais l\u012bdzeklis ir piem\u0113rots \u0101dai ar bl\u0101vu toni, noguruma paz\u012bm\u0113m un mitruma tr\u016bkumu. Ieteicams ikdienas att\u012br\u012b\u0161anai un svaiga, kopt\u0101ka \u0101das izskata uztur\u0113\u0161anai.<\/p>\n<p data-start=\"1238\" data-end=\"1257\"><strong data-start=\"1238\" data-end=\"1250\">Tilpums:<\/strong> 178 ml<\/p>\n","protected":false},"excerpt":{"rendered":"<p data-start=\"1392\" data-end=\"1424\">Att\u012bro\u0161s l\u012bdzeklis ar C vitam\u012bnu<\/p>\n<h2 data-start=\"1426\" data-end=\"1471\"><strong data-start=\"1426\" data-end=\"1471\">\u012apa\u0161\u012bbas Dermaquest &#8211; C Infusion Cleanser<\/strong><\/h2>\n<p data-start=\"1473\" data-end=\"1669\">\u2714\ufe0f Maigi att\u012bra \u0101du bez savilkuma<br data-start=\"1506\" data-end=\"1509\" \/>\u2714\ufe0f Atbalsta svaigu un mirdzo\u0161u izskatu<br data-start=\"1547\" data-end=\"1550\" \/>\u2714\ufe0f Pal\u012bdz atsvaidzin\u0101t un izl\u012bdzin\u0101t toni<br data-start=\"1591\" data-end=\"1594\" \/>\u2714\ufe0f Nodro\u0161ina antioksidantu aizsardz\u012bbu<br data-start=\"1632\" data-end=\"1635\" \/>\u2714\ufe0f Piem\u0113rots ikdienas lieto\u0161anai<\/p>\n","protected":false},"featured_media":76193,"template":"","meta":[],"pwb-brand":[1257],"product_brand":[],"product_cat":[715],"product_tag":[],"giftcard-category":[],"class_list":{"0":"post-76368","1":"product","2":"type-product","3":"status-publish","4":"has-post-thumbnail","6":"pwb-brand-dermaquest-lv","7":"product_cat-attirisana","9":"first","10":"instock","11":"taxable","12":"shipping-taxable","13":"purchasable","14":"product-type-simple"},"acf":[],"brands":[{"id":1257,"name":"Dermaquest","slug":"dermaquest-lv"}],"_links":{"self":[{"href":"https:\/\/skinstudio.ee\/lv\/wp-json\/wp\/v2\/product\/76368","targetHints":{"allow":["GET"]}}],"collection":[{"href":"https:\/\/skinstudio.ee\/lv\/wp-json\/wp\/v2\/product"}],"about":[{"href":"https:\/\/skinstudio.ee\/lv\/wp-json\/wp\/v2\/types\/product"}],"version-history":[{"count":1,"href":"https:\/\/skinstudio.ee\/lv\/wp-json\/wp\/v2\/product\/76368\/revisions"}],"predecessor-version":[{"id":76369,"href":"https:\/\/skinstudio.ee\/lv\/wp-json\/wp\/v2\/product\/76368\/revisions\/76369"}],"wp:featuredmedia":[{"embeddable":true,"href":"https:\/\/skinstudio.ee\/lv\/wp-json\/wp\/v2\/media\/76193"}],"wp:attachment":[{"href":"https:\/\/skinstudio.ee\/lv\/wp-json\/wp\/v2\/media?parent=76368"}],"wp:term":[{"taxonomy":"pwb-brand","embeddable":true,"href":"https:\/\/skinstudio.ee\/lv\/wp-json\/wp\/v2\/pwb-brand?post=76368"},{"taxonomy":"product_brand","embeddable":true,"href":"https:\/\/skinstudio.ee\/lv\/wp-json\/wp\/v2\/product_brand?post=76368"},{"taxonomy":"product_cat","embeddable":true,"href":"https:\/\/skinstudio.ee\/lv\/wp-json\/wp\/v2\/product_cat?post=76368"},{"taxonomy":"product_tag","embeddable":true,"href":"https:\/\/skinstudio.ee\/lv\/wp-json\/wp\/v2\/product_tag?post=76368"},{"taxonomy":"giftcard-category","embeddable":true,"href":"https:\/\/skinstudio.ee\/lv\/wp-json\/wp\/v2\/giftcard-category?post=76368"}],"curies":[{"name":"wp","href":"https:\/\/api.w.org\/{rel}","templated":true}]}}