{"id":76382,"date":"2025-07-29T12:50:55","date_gmt":"2025-07-29T12:50:55","guid":{"rendered":"https:\/\/skinstudio.ee\/?post_type=product&#038;p=76382"},"modified":"2026-01-28T14:16:30","modified_gmt":"2026-01-28T14:16:30","slug":"bha-cleanser","status":"publish","type":"product","link":"https:\/\/skinstudio.ee\/lv\/catalog\/dermaquest\/bha-cleanser\/","title":{"rendered":"BHA Cleanser"},"content":{"rendered":"<p data-start=\"143\" data-end=\"417\"><strong data-start=\"143\" data-end=\"173\">BHA Cleanser no Dermaquest<\/strong> ir att\u012bro\u0161s pieni\u0146\u0161 \u0101dai ar noslieci uz izsitumiem, kas paredz\u0113ts maigai, bet efekt\u012bvai poru att\u012br\u012b\u0161anai un sebuma kontrolei. Formula ar 2% salicilsk\u0101bi pal\u012bdz \u0161\u0137\u012bdin\u0101t lieko sebumu, att\u012br\u012bt poras un veicin\u0101t t\u012br\u0101ku, vienm\u0113r\u012bg\u0101ku \u0101das izskatu.<\/p>\n<p data-start=\"419\" data-end=\"631\">L\u012bdzeklis ne tikai att\u012bra \u0101du, bet ar\u012b atbalsta t\u0101s maigu atjauno\u0161anos, pal\u012bdzot uzlabot tekst\u016bru un mazin\u0101t nepiln\u012bbu redzam\u012bbu. P\u0113c lieto\u0161anas \u0101da izskat\u0101s svaig\u0101ka, t\u012br\u0101ka un l\u012bdzsvarot\u0101ka bez smaguma saj\u016btas.<\/p>\n<p data-start=\"633\" data-end=\"797\">Pateicoties pieni\u0146veida tekst\u016brai, produkts iedarbojas maig\u0101k nek\u0101 klasiskie \u017eelejveida att\u012br\u012bt\u0101ji un ir piem\u0113rots regul\u0101rai lieto\u0161anai problem\u0101tiskas \u0101das kop\u0161an\u0101.<\/p>\n<p data-start=\"799\" data-end=\"832\"><strong data-start=\"799\" data-end=\"832\">Galveno sast\u0101vda\u013cu iedarb\u012bba:<\/strong><\/p>\n<p data-start=\"834\" data-end=\"1060\"><strong data-start=\"834\" data-end=\"858\">Salicylic Acid (2%):<\/strong> pal\u012bdz att\u012br\u012bt poras, mazin\u0101t izsitumus un kontrol\u0113t taukain\u012bbu.<br data-start=\"923\" data-end=\"926\" \/><strong data-start=\"926\" data-end=\"943\">Tea Tree Oil:<\/strong> pal\u012bdz att\u012br\u012bt \u0101du un samazin\u0101t iekaisuma paz\u012bmes.<br data-start=\"994\" data-end=\"997\" \/><strong data-start=\"997\" data-end=\"1010\">Sorbitol:<\/strong> pal\u012bdz saglab\u0101t \u0101das komfortu un nov\u0113rst sausumu.<\/p>\n<p data-start=\"1062\" data-end=\"1251\">Att\u012bro\u0161ais l\u012bdzeklis ir piem\u0113rots taukainai un kombin\u0113tai \u0101dai ar noslieci uz izsitumiem, melnajiem punktiem un sp\u012bdumu. Ieteicams regul\u0101rai att\u012br\u012b\u0161anai un t\u012br\u0101kas \u0101das izskata uztur\u0113\u0161anai.<\/p>\n<p data-start=\"1253\" data-end=\"1272\"><strong data-start=\"1253\" data-end=\"1265\">Tilpums:<\/strong> 178 ml<\/p>\n","protected":false},"excerpt":{"rendered":"<p data-start=\"1608\" data-end=\"1644\">Att\u012bro\u0161s pieni\u0146\u0161 problem\u0101tiskai \u0101dai<\/p>\n<h2 data-start=\"1646\" data-end=\"1684\"><strong data-start=\"1646\" data-end=\"1684\">\u012apa\u0161\u012bbas Dermaquest &#8211; BHA Cleanser<\/strong><\/h2>\n<p data-start=\"1686\" data-end=\"1867\">\u2714\ufe0f Dzi\u013ci att\u012bra poras un \u0101du<br data-start=\"1714\" data-end=\"1717\" \/>\u2714\ufe0f Kontrol\u0113 taukain\u012bbu un sp\u012bdumu<br data-start=\"1750\" data-end=\"1753\" \/>\u2714\ufe0f Pal\u012bdz mazin\u0101t izsitumus un nepiln\u012bbas<br data-start=\"1794\" data-end=\"1797\" \/>\u2714\ufe0f Uzlabo \u0101das tekst\u016bru un toni<br data-start=\"1828\" data-end=\"1831\" \/>\u2714\ufe0f Atsvaidzina \u0101du bez iz\u017e\u0101v\u0113\u0161anas<\/p>\n","protected":false},"featured_media":76361,"template":"","meta":[],"pwb-brand":[1257],"product_brand":[],"product_cat":[715,741,743,747],"product_tag":[],"giftcard-category":[],"class_list":{"0":"post-76382","1":"product","2":"type-product","3":"status-publish","4":"has-post-thumbnail","6":"pwb-brand-dermaquest","7":"product_cat-attirisana","8":"product_cat-izsitumi","9":"product_cat-paplasinatas-poras","10":"product_cat-taukainai-adai","12":"first","13":"instock","14":"taxable","15":"shipping-taxable","16":"purchasable","17":"product-type-simple"},"acf":[],"brands":[{"id":1257,"name":"Dermaquest","slug":"dermaquest"}],"_links":{"self":[{"href":"https:\/\/skinstudio.ee\/lv\/wp-json\/wp\/v2\/product\/76382","targetHints":{"allow":["GET"]}}],"collection":[{"href":"https:\/\/skinstudio.ee\/lv\/wp-json\/wp\/v2\/product"}],"about":[{"href":"https:\/\/skinstudio.ee\/lv\/wp-json\/wp\/v2\/types\/product"}],"version-history":[{"count":1,"href":"https:\/\/skinstudio.ee\/lv\/wp-json\/wp\/v2\/product\/76382\/revisions"}],"predecessor-version":[{"id":76383,"href":"https:\/\/skinstudio.ee\/lv\/wp-json\/wp\/v2\/product\/76382\/revisions\/76383"}],"wp:featuredmedia":[{"embeddable":true,"href":"https:\/\/skinstudio.ee\/lv\/wp-json\/wp\/v2\/media\/76361"}],"wp:attachment":[{"href":"https:\/\/skinstudio.ee\/lv\/wp-json\/wp\/v2\/media?parent=76382"}],"wp:term":[{"taxonomy":"pwb-brand","embeddable":true,"href":"https:\/\/skinstudio.ee\/lv\/wp-json\/wp\/v2\/pwb-brand?post=76382"},{"taxonomy":"product_brand","embeddable":true,"href":"https:\/\/skinstudio.ee\/lv\/wp-json\/wp\/v2\/product_brand?post=76382"},{"taxonomy":"product_cat","embeddable":true,"href":"https:\/\/skinstudio.ee\/lv\/wp-json\/wp\/v2\/product_cat?post=76382"},{"taxonomy":"product_tag","embeddable":true,"href":"https:\/\/skinstudio.ee\/lv\/wp-json\/wp\/v2\/product_tag?post=76382"},{"taxonomy":"giftcard-category","embeddable":true,"href":"https:\/\/skinstudio.ee\/lv\/wp-json\/wp\/v2\/giftcard-category?post=76382"}],"curies":[{"name":"wp","href":"https:\/\/api.w.org\/{rel}","templated":true}]}}