{"id":76390,"date":"2025-07-29T12:46:53","date_gmt":"2025-07-29T12:46:53","guid":{"rendered":"https:\/\/skinstudio.ee\/?post_type=product&#038;p=76390"},"modified":"2026-01-28T14:16:31","modified_gmt":"2026-01-28T14:16:31","slug":"riq-retinol-1","status":"publish","type":"product","link":"https:\/\/skinstudio.ee\/lv\/catalog\/dermaquest-lv\/riq-retinol-1\/","title":{"rendered":"RiQ Retinol 1%"},"content":{"rendered":"<p data-start=\"146\" data-end=\"426\"><strong data-start=\"146\" data-end=\"178\">RiQ Retinol 1% no Dermaquest<\/strong> ir augstas efektivit\u0101tes serums ar 1% retinolu, kas izstr\u0101d\u0101ts redzamam \u0101das atjauno\u0161anas efektam un noveco\u0161an\u0101s paz\u012bmju mazin\u0101\u0161anai. Formula pal\u012bdz samazin\u0101t krunci\u0146u redzam\u012bbu, uzlabot \u0101das tekst\u016bru un padar\u012bt sejas toni glud\u0101ku un vienm\u0113r\u012bg\u0101ku.<\/p>\n<p data-start=\"428\" data-end=\"690\">Pateicoties p\u0101rdom\u0101tai akt\u012bvo vielu pieg\u0101des sist\u0113mai un retinola apvieno\u0161anai ar nomierino\u0161iem un atbalsto\u0161iem komponentiem, serums darbojas efekt\u012bvi, vienlaikus saglab\u0101jot komfortu \u0101dai. Laika gait\u0101 \u0101da k\u013c\u016bst glud\u0101ka, tvirt\u0101ka un kopt\u0101ka bez agres\u012bvas saj\u016btas.<\/p>\n<p data-start=\"692\" data-end=\"828\">Regul\u0101ri lietojot, serums pal\u012bdz b\u016btiski uzlabot \u0101das kop\u0113jo kvalit\u0101ti, pie\u0161\u0137irot tai jaunekl\u012bg\u0101ku, vienm\u0113r\u012bg\u0101ku un starojo\u0161\u0101ku izskatu.<\/p>\n<p data-start=\"830\" data-end=\"863\"><strong data-start=\"830\" data-end=\"863\">Galveno sast\u0101vda\u013cu iedarb\u012bba:<\/strong><\/p>\n<p data-start=\"865\" data-end=\"1178\"><strong data-start=\"865\" data-end=\"882\">Retinol (1%):<\/strong> veicina \u0101das atjauno\u0161anos, izl\u012bdzina krunci\u0146as un uzlabo tekst\u016bru.<br data-start=\"949\" data-end=\"952\" \/><strong data-start=\"952\" data-end=\"1019\">Pept\u012bdi (Palmitoyl Pentapeptide-4, Dipalmitoyl Hydroxyproline):<\/strong> pal\u012bdz uztur\u0113t \u0101das tvirtumu un bl\u012bvumu.<br data-start=\"1060\" data-end=\"1063\" \/><strong data-start=\"1063\" data-end=\"1130\">Augu cilmes \u0161\u016bnu ekstrakts (Lilium Candidum Leaf Cell Extract):<\/strong> pal\u012bdz saglab\u0101t \u0101das notur\u012bbu un labu st\u0101vokli.<\/p>\n<p data-start=\"1180\" data-end=\"1382\">Serums ir piem\u0113rots \u0101dai ar krunci\u0146\u0101m, nevienm\u0113r\u012bgu tekst\u016bru, bl\u0101vu toni un redzam\u0101m fotonoveco\u0161an\u0101s paz\u012bm\u0113m. Ieteicams \u0101dai, kurai nepiecie\u0161ama akt\u012bva atjauno\u0161ana un izteikt\u0101ka pretnoveco\u0161an\u0101s kop\u0161ana.<\/p>\n<p data-start=\"1384\" data-end=\"1402\"><strong data-start=\"1384\" data-end=\"1396\">Tilpums:<\/strong> 15 ml<\/p>\n","protected":false},"excerpt":{"rendered":"<p data-start=\"1671\" data-end=\"1708\">Augstas iedarb\u012bbas serums ar retinolu<\/p>\n<h2 data-start=\"1710\" data-end=\"1750\"><strong data-start=\"1710\" data-end=\"1750\">\u012apa\u0161\u012bbas Dermaquest &#8211; RiQ Retinol 1%<\/strong><\/h2>\n<p data-start=\"1752\" data-end=\"1957\">\u2714\ufe0f Redzami izl\u012bdzina krunci\u0146as un l\u012bnijas<br data-start=\"1793\" data-end=\"1796\" \/>\u2714\ufe0f Uzlabo \u0101das tekst\u016bru un gludumu<br data-start=\"1830\" data-end=\"1833\" \/>\u2714\ufe0f Pal\u012bdz vienm\u0113r\u012bg\u0101kam \u0101das tonim<br data-start=\"1867\" data-end=\"1870\" \/>\u2714\ufe0f Atbalsta tvirt\u0101ku un bl\u012bv\u0101ku \u0101das izskatu<br data-start=\"1914\" data-end=\"1917\" \/>\u2714\ufe0f Atjauno \u0101du un uzlabo t\u0101s kvalit\u0101ti<\/p>\n","protected":false},"featured_media":76199,"template":"","meta":[],"pwb-brand":[1257],"product_brand":[],"product_cat":[727,749,723],"product_tag":[],"giftcard-category":[],"class_list":{"0":"post-76390","1":"product","2":"type-product","3":"status-publish","4":"has-post-thumbnail","6":"pwb-brand-dermaquest-lv","7":"product_cat-a-vitamins-retinols","8":"product_cat-novecojosa-ada","9":"product_cat-serumi","11":"first","12":"instock","13":"taxable","14":"shipping-taxable","15":"purchasable","16":"product-type-simple"},"acf":[],"brands":[{"id":1257,"name":"Dermaquest","slug":"dermaquest-lv"}],"_links":{"self":[{"href":"https:\/\/skinstudio.ee\/lv\/wp-json\/wp\/v2\/product\/76390","targetHints":{"allow":["GET"]}}],"collection":[{"href":"https:\/\/skinstudio.ee\/lv\/wp-json\/wp\/v2\/product"}],"about":[{"href":"https:\/\/skinstudio.ee\/lv\/wp-json\/wp\/v2\/types\/product"}],"version-history":[{"count":1,"href":"https:\/\/skinstudio.ee\/lv\/wp-json\/wp\/v2\/product\/76390\/revisions"}],"predecessor-version":[{"id":76391,"href":"https:\/\/skinstudio.ee\/lv\/wp-json\/wp\/v2\/product\/76390\/revisions\/76391"}],"wp:featuredmedia":[{"embeddable":true,"href":"https:\/\/skinstudio.ee\/lv\/wp-json\/wp\/v2\/media\/76199"}],"wp:attachment":[{"href":"https:\/\/skinstudio.ee\/lv\/wp-json\/wp\/v2\/media?parent=76390"}],"wp:term":[{"taxonomy":"pwb-brand","embeddable":true,"href":"https:\/\/skinstudio.ee\/lv\/wp-json\/wp\/v2\/pwb-brand?post=76390"},{"taxonomy":"product_brand","embeddable":true,"href":"https:\/\/skinstudio.ee\/lv\/wp-json\/wp\/v2\/product_brand?post=76390"},{"taxonomy":"product_cat","embeddable":true,"href":"https:\/\/skinstudio.ee\/lv\/wp-json\/wp\/v2\/product_cat?post=76390"},{"taxonomy":"product_tag","embeddable":true,"href":"https:\/\/skinstudio.ee\/lv\/wp-json\/wp\/v2\/product_tag?post=76390"},{"taxonomy":"giftcard-category","embeddable":true,"href":"https:\/\/skinstudio.ee\/lv\/wp-json\/wp\/v2\/giftcard-category?post=76390"}],"curies":[{"name":"wp","href":"https:\/\/api.w.org\/{rel}","templated":true}]}}