{"id":76397,"date":"2025-07-29T12:45:56","date_gmt":"2025-07-29T12:45:56","guid":{"rendered":"https:\/\/skinstudio.ee\/?post_type=product&#038;p=76397"},"modified":"2026-01-28T14:16:31","modified_gmt":"2026-01-28T14:16:31","slug":"mini-pumpkin-mask","status":"publish","type":"product","link":"https:\/\/skinstudio.ee\/lv\/catalog\/dermaquest-lv\/mini-pumpkin-mask\/","title":{"rendered":"Mini Pumpkin Mask"},"content":{"rendered":"<p data-start=\"180\" data-end=\"447\"><strong data-start=\"180\" data-end=\"215\">Mini Pumpkin Mask no Dermaquest<\/strong> ir att\u012bro\u0161a un atjaunojo\u0161a maska ar \u0137irbju enz\u012bmiem, kas paredz\u0113ta maigai eksfoli\u0101cijai un redzamam \u0101das atsvaidzin\u0101jumam. Formula pal\u012bdz no\u0146emt atmiru\u0161\u0101s \u0101das \u0161\u016bnas, att\u012br\u012bt \u0101das virsmu un padar\u012bt \u0101du glud\u0101ku, svaig\u0101ku un kopt\u0101ku.<\/p>\n<p data-start=\"449\" data-end=\"692\">Maska apvieno enz\u012bmu p\u012blingu ar mitrino\u0161iem un antioksidantiem bag\u0101tiem komponentiem, t\u0101p\u0113c \u0101da p\u0113c lieto\u0161anas izskat\u0101s vienm\u0113r\u012bg\u0101ka, starojo\u0161\u0101ka un lab\u0101k pabarota. Uzlabojas \u0101das tekst\u016bra un tonis, bet pati \u0101da k\u013c\u016bst maig\u0101ka un komfortabl\u0101ka.<\/p>\n<p data-start=\"694\" data-end=\"816\">Produkts ir piem\u0113rots regul\u0101rai lieto\u0161anai un pal\u012bdz uztur\u0113t \u0101du t\u012br\u0101ku, glud\u0101ku un vizu\u0101li kopt\u0101ku bez agres\u012bvas saj\u016btas.<\/p>\n<p data-start=\"818\" data-end=\"851\"><strong data-start=\"818\" data-end=\"851\">Galveno sast\u0101vda\u013cu iedarb\u012bba:<\/strong><\/p>\n<p data-start=\"853\" data-end=\"1066\"><strong data-start=\"853\" data-end=\"873\">Pumpkin Enzymes:<\/strong> maigi noloba \u0101du un veicina t\u0101s atjauno\u0161anos.<br data-start=\"919\" data-end=\"922\" \/><strong data-start=\"922\" data-end=\"938\">Niacinamide:<\/strong> pal\u012bdz uzlabot \u0101das toni un veicina vienm\u0113r\u012bg\u0101ku sejas kr\u0101su.<br data-start=\"1000\" data-end=\"1003\" \/><strong data-start=\"1003\" data-end=\"1017\">Panthenol:<\/strong> pal\u012bdz saglab\u0101t \u0101das komfortu un mitruma l\u012bmeni.<\/p>\n<p data-start=\"1068\" data-end=\"1223\">Maska ir piem\u0113rota \u0101dai ar bl\u0101vu toni, nevienm\u0113r\u012bgu tekst\u016bru un noguruma paz\u012bm\u0113m. Ieteicama regul\u0101rai \u0101das atjauno\u0161anai un kop\u0113j\u0101 \u0101das izskata uzlabo\u0161anai.<\/p>\n<p data-start=\"1225\" data-end=\"1243\"><strong data-start=\"1225\" data-end=\"1237\">Tilpums:<\/strong> 60 ml<\/p>\n","protected":false},"excerpt":{"rendered":"<p data-start=\"1460\" data-end=\"1493\">Att\u012bro\u0161a maska ar \u0137irbju enz\u012bmiem<\/p>\n<h2 data-start=\"1495\" data-end=\"1538\"><strong data-start=\"1495\" data-end=\"1538\">\u012apa\u0161\u012bbas Dermaquest &#8211; Mini Pumpkin Mask<\/strong><\/h2>\n<p data-start=\"1540\" data-end=\"1725\">\u2714\ufe0f Maigi noloba un atjauno \u0101du<br data-start=\"1570\" data-end=\"1573\" \/>\u2714\ufe0f Padara \u0101du glud\u0101ku un vienm\u0113r\u012bg\u0101ku<br data-start=\"1610\" data-end=\"1613\" \/>\u2714\ufe0f Uzlabo \u0101das tekst\u016bru un mirdzumu<br data-start=\"1648\" data-end=\"1651\" \/>\u2714\ufe0f Atsvaidzina un izl\u012bdzina sejas toni<br data-start=\"1689\" data-end=\"1692\" \/>\u2714\ufe0f Atbalsta koptas \u0101das izskatu<\/p>\n","protected":false},"featured_media":76205,"template":"","meta":[],"pwb-brand":[1257],"product_brand":[],"product_cat":[725,751],"product_tag":[],"giftcard-category":[],"class_list":{"0":"post-76397","1":"product","2":"type-product","3":"status-publish","4":"has-post-thumbnail","6":"pwb-brand-dermaquest-lv","7":"product_cat-maskas","8":"product_cat-pigmentacija-lv","10":"first","11":"instock","12":"taxable","13":"shipping-taxable","14":"purchasable","15":"product-type-simple"},"acf":[],"brands":[{"id":1257,"name":"Dermaquest","slug":"dermaquest-lv"}],"_links":{"self":[{"href":"https:\/\/skinstudio.ee\/lv\/wp-json\/wp\/v2\/product\/76397","targetHints":{"allow":["GET"]}}],"collection":[{"href":"https:\/\/skinstudio.ee\/lv\/wp-json\/wp\/v2\/product"}],"about":[{"href":"https:\/\/skinstudio.ee\/lv\/wp-json\/wp\/v2\/types\/product"}],"version-history":[{"count":1,"href":"https:\/\/skinstudio.ee\/lv\/wp-json\/wp\/v2\/product\/76397\/revisions"}],"predecessor-version":[{"id":76398,"href":"https:\/\/skinstudio.ee\/lv\/wp-json\/wp\/v2\/product\/76397\/revisions\/76398"}],"wp:featuredmedia":[{"embeddable":true,"href":"https:\/\/skinstudio.ee\/lv\/wp-json\/wp\/v2\/media\/76205"}],"wp:attachment":[{"href":"https:\/\/skinstudio.ee\/lv\/wp-json\/wp\/v2\/media?parent=76397"}],"wp:term":[{"taxonomy":"pwb-brand","embeddable":true,"href":"https:\/\/skinstudio.ee\/lv\/wp-json\/wp\/v2\/pwb-brand?post=76397"},{"taxonomy":"product_brand","embeddable":true,"href":"https:\/\/skinstudio.ee\/lv\/wp-json\/wp\/v2\/product_brand?post=76397"},{"taxonomy":"product_cat","embeddable":true,"href":"https:\/\/skinstudio.ee\/lv\/wp-json\/wp\/v2\/product_cat?post=76397"},{"taxonomy":"product_tag","embeddable":true,"href":"https:\/\/skinstudio.ee\/lv\/wp-json\/wp\/v2\/product_tag?post=76397"},{"taxonomy":"giftcard-category","embeddable":true,"href":"https:\/\/skinstudio.ee\/lv\/wp-json\/wp\/v2\/giftcard-category?post=76397"}],"curies":[{"name":"wp","href":"https:\/\/api.w.org\/{rel}","templated":true}]}}