{"id":76405,"date":"2025-07-29T12:44:47","date_gmt":"2025-07-29T12:44:47","guid":{"rendered":"https:\/\/skinstudio.ee\/?post_type=product&#038;p=76405"},"modified":"2026-01-28T14:16:31","modified_gmt":"2026-01-28T14:16:31","slug":"riq-retinol-03","status":"publish","type":"product","link":"https:\/\/skinstudio.ee\/lv\/catalog\/dermaquest-lv\/riq-retinol-03\/","title":{"rendered":"RiQ Retinol 0,3%"},"content":{"rendered":"<p data-start=\"150\" data-end=\"522\"><strong data-start=\"150\" data-end=\"184\">RiQ Retinol 0.3% no Dermaquest<\/strong> ir jaun\u0101s paaudzes augstas efektivit\u0101tes serums, kas apvieno \u010detras da\u017e\u0101das retino\u012bdu formas un retino\u012bdu pastiprin\u0101t\u0101ju Allosteris, lai nodro\u0161in\u0101tu sp\u0113c\u012bgu pretnoveco\u0161an\u0101s efektu bez retinolam rakstur\u012bg\u0101 atjauno\u0161an\u0101s perioda. Formula ir izstr\u0101d\u0101ta akt\u012bvai \u0101das atjauno\u0161anai, krunci\u0146u samazin\u0101\u0161anai un \u0101das tekst\u016bras un to\u0146a uzlabo\u0161anai.<\/p>\n<p data-start=\"524\" data-end=\"792\">Pateicoties mikrokapsul\u0113tai pieg\u0101des sist\u0113mai, akt\u012bv\u0101s vielas izdal\u0101s pak\u0101peniski un non\u0101k \u0101d\u0101 \u012bstaj\u0101 laik\u0101, nodro\u0161inot redzamu atjaunojo\u0161u efektu ar minim\u0101lu kairin\u0101juma risku. Tas padara serumu komfortabl\u0101ku lieto\u0161an\u0101, sal\u012bdzinot ar klasiskajiem retinola produktiem.<\/p>\n<p data-start=\"794\" data-end=\"879\">Regul\u0101ri lietojot, \u0101da k\u013c\u016bst glud\u0101ka, tvirt\u0101ka, vienm\u0113r\u012bg\u0101ka un redzami jaunekl\u012bg\u0101ka.<\/p>\n<p data-start=\"881\" data-end=\"914\"><strong data-start=\"881\" data-end=\"914\">Galveno sast\u0101vda\u013cu iedarb\u012bba:<\/strong><\/p>\n<p data-start=\"916\" data-end=\"1256\"><strong data-start=\"916\" data-end=\"997\">Retino\u012bdu komplekss (Retinol, Retinal, Retinyl Retinoate, Retinyl Linoleate):<\/strong> akt\u012bvi veicina \u0101das atjauno\u0161anos, samazina krunci\u0146as un uzlabo tekst\u016bru.<br data-start=\"1070\" data-end=\"1073\" \/><strong data-start=\"1073\" data-end=\"1087\">Bakuchiol:<\/strong> pastiprina retino\u012bdu pretnoveco\u0161an\u0101s iedarb\u012bbu un pal\u012bdz uzlabot \u0101das panesam\u012bbu.<br data-start=\"1169\" data-end=\"1172\" \/><strong data-start=\"1172\" data-end=\"1192\">Tranexamic Acid:<\/strong> pal\u012bdz izl\u012bdzin\u0101t \u0101das toni un mazin\u0101t pigment\u0101cijas redzam\u012bbu.<\/p>\n<p data-start=\"1258\" data-end=\"1461\">Serums ir piem\u0113rots \u0101dai ar redzam\u0101m fotonoveco\u0161an\u0101s paz\u012bm\u0113m, krunci\u0146\u0101m, nevienm\u0113r\u012bgu tekst\u016bru un bl\u0101vu toni. Ieteicams \u0101dai, kurai nepiecie\u0161ama intens\u012bva atjauno\u0161ana un izteikta pretnoveco\u0161an\u0101s kop\u0161ana.<\/p>\n<p data-start=\"1463\" data-end=\"1481\"><strong data-start=\"1463\" data-end=\"1475\">Tilpums:<\/strong> 15 ml<\/p>\n","protected":false},"excerpt":{"rendered":"<div class=\"woocommerce-product-gallery woocommerce-product-gallery--with-images woocommerce-product-gallery--columns-4 images\" data-columns=\"4\">\n<div class=\"woocommerce-product-gallery__wrapper\">\n<div class=\"woocommerce-product-gallery__image\" data-thumb=\"https:\/\/shop.victoriakosmeetik.ee\/wp-content\/uploads\/2025\/04\/\u041a\u0440\u0435\u0430\u0442\u0438\u0432-\u0431\u0435\u0437-\u043d\u0430\u0437\u0432\u0430\u043d\u0438\u044f-15-100x100.png\" data-thumb-alt=\"\" data-thumb-srcset=\"https:\/\/shop.victoriakosmeetik.ee\/wp-content\/uploads\/2025\/04\/\u041a\u0440\u0435\u0430\u0442\u0438\u0432-\u0431\u0435\u0437-\u043d\u0430\u0437\u0432\u0430\u043d\u0438\u044f-15-100x100.png 100w, https:\/\/shop.victoriakosmeetik.ee\/wp-content\/uploads\/2025\/04\/\u041a\u0440\u0435\u0430\u0442\u0438\u0432-\u0431\u0435\u0437-\u043d\u0430\u0437\u0432\u0430\u043d\u0438\u044f-15-150x150.png 150w, https:\/\/shop.victoriakosmeetik.ee\/wp-content\/uploads\/2025\/04\/\u041a\u0440\u0435\u0430\u0442\u0438\u0432-\u0431\u0435\u0437-\u043d\u0430\u0437\u0432\u0430\u043d\u0438\u044f-15-300x300.png 300w\">\n<p data-start=\"1750\" data-end=\"1787\">Augstas iedarb\u012bbas serums ar retinolu<\/p>\n<h2 data-start=\"1789\" data-end=\"1831\"><strong data-start=\"1789\" data-end=\"1831\">\u012apa\u0161\u012bbas Dermaquest &#8211; RiQ Retinol 0.3%<\/strong><\/h2>\n<p data-start=\"1833\" data-end=\"2067\">\u2714\ufe0f Akt\u012bvi atjauno \u0101du un izl\u012bdzina tekst\u016bru<br data-start=\"1876\" data-end=\"1879\" \/>\u2714\ufe0f Redzami samazina krunci\u0146as un noveco\u0161an\u0101s paz\u012bmes<br data-start=\"1931\" data-end=\"1934\" \/>\u2714\ufe0f Uzlabo \u0101das toni un samazina pigment\u0101ciju<br data-start=\"1978\" data-end=\"1981\" \/>\u2714\ufe0f Atbalsta tvirt\u0101ku un bl\u012bv\u0101ku \u0101das izskatu<br data-start=\"2025\" data-end=\"2028\" \/>\u2714\ufe0f Padara \u0101du glud\u0101ku un vienm\u0113r\u012bg\u0101ku<\/p>\n<\/div>\n<\/div>\n<\/div>\n","protected":false},"featured_media":76212,"template":"","meta":[],"pwb-brand":[1257],"product_brand":[],"product_cat":[727,723],"product_tag":[],"giftcard-category":[],"class_list":{"0":"post-76405","1":"product","2":"type-product","3":"status-publish","4":"has-post-thumbnail","6":"pwb-brand-dermaquest-lv","7":"product_cat-a-vitamins-retinols","8":"product_cat-serumi","10":"first","11":"instock","12":"taxable","13":"shipping-taxable","14":"purchasable","15":"product-type-simple"},"acf":[],"brands":[{"id":1257,"name":"Dermaquest","slug":"dermaquest-lv"}],"_links":{"self":[{"href":"https:\/\/skinstudio.ee\/lv\/wp-json\/wp\/v2\/product\/76405","targetHints":{"allow":["GET"]}}],"collection":[{"href":"https:\/\/skinstudio.ee\/lv\/wp-json\/wp\/v2\/product"}],"about":[{"href":"https:\/\/skinstudio.ee\/lv\/wp-json\/wp\/v2\/types\/product"}],"version-history":[{"count":1,"href":"https:\/\/skinstudio.ee\/lv\/wp-json\/wp\/v2\/product\/76405\/revisions"}],"predecessor-version":[{"id":76406,"href":"https:\/\/skinstudio.ee\/lv\/wp-json\/wp\/v2\/product\/76405\/revisions\/76406"}],"wp:featuredmedia":[{"embeddable":true,"href":"https:\/\/skinstudio.ee\/lv\/wp-json\/wp\/v2\/media\/76212"}],"wp:attachment":[{"href":"https:\/\/skinstudio.ee\/lv\/wp-json\/wp\/v2\/media?parent=76405"}],"wp:term":[{"taxonomy":"pwb-brand","embeddable":true,"href":"https:\/\/skinstudio.ee\/lv\/wp-json\/wp\/v2\/pwb-brand?post=76405"},{"taxonomy":"product_brand","embeddable":true,"href":"https:\/\/skinstudio.ee\/lv\/wp-json\/wp\/v2\/product_brand?post=76405"},{"taxonomy":"product_cat","embeddable":true,"href":"https:\/\/skinstudio.ee\/lv\/wp-json\/wp\/v2\/product_cat?post=76405"},{"taxonomy":"product_tag","embeddable":true,"href":"https:\/\/skinstudio.ee\/lv\/wp-json\/wp\/v2\/product_tag?post=76405"},{"taxonomy":"giftcard-category","embeddable":true,"href":"https:\/\/skinstudio.ee\/lv\/wp-json\/wp\/v2\/giftcard-category?post=76405"}],"curies":[{"name":"wp","href":"https:\/\/api.w.org\/{rel}","templated":true}]}}