{"id":76412,"date":"2025-07-29T12:44:14","date_gmt":"2025-07-29T12:44:14","guid":{"rendered":"https:\/\/skinstudio.ee\/?post_type=product&#038;p=76412"},"modified":"2026-01-28T14:16:31","modified_gmt":"2026-01-28T14:16:31","slug":"riq-retinal-005","status":"publish","type":"product","link":"https:\/\/skinstudio.ee\/lv\/catalog\/dermaquest\/riq-retinal-005\/","title":{"rendered":"RiQ Retinal 0.05%"},"content":{"rendered":"<p data-start=\"152\" data-end=\"431\"><strong data-start=\"152\" data-end=\"187\">RiQ Retinal 0.05% no Dermaquest<\/strong> ir augstas iedarb\u012bbas, bet maigs serums ar 0,05% retinaldeh\u012bda, kas izstr\u0101d\u0101ts jut\u012bgai \u0101dai un tiem, kuri tikai s\u0101k lietot retino\u012bdus. Formula nodro\u0161ina redzamu \u0101das atjauno\u0161anu bez kairin\u0101juma un diskomforta, kas parasti saist\u012bts ar retinolu.<\/p>\n<p data-start=\"433\" data-end=\"714\">Pateicoties mikrokapsul\u0113tai pieg\u0101des sist\u0113mai un retino\u012bdu pastiprin\u0101t\u0101jam Allosteris, akt\u012bv\u0101s vielas izdal\u0101s pak\u0101peniski, nodro\u0161inot sp\u0113c\u012bgu, bet komfortablu rezult\u0101tu. Serums pal\u012bdz mazin\u0101t aps\u0101rtumu, izl\u012bdzin\u0101t krunci\u0146as, izgaismot pigment\u0101ciju un uzlabot \u0101das toni un tekst\u016bru.<\/p>\n<p data-start=\"716\" data-end=\"887\">Formula ir bag\u0101tin\u0101ta ar bakuchiolu un nomierino\u0161iem augu komponentiem, t\u0101p\u0113c t\u0101 ir ide\u0101li piem\u0113rota, lai uzs\u0101ktu retino\u012bdu kop\u0161anu, saglab\u0101jot \u0101du mier\u012bgu un komfortablu.<\/p>\n<p data-start=\"889\" data-end=\"922\"><strong data-start=\"889\" data-end=\"922\">Galveno sast\u0101vda\u013cu iedarb\u012bba:<\/strong><\/p>\n<p data-start=\"924\" data-end=\"1188\"><strong data-start=\"924\" data-end=\"944\">Retinal (0,05%):<\/strong> pa\u0101trina \u0101das atjauno\u0161anos, uzlabo tekst\u016bru un pal\u012bdz samazin\u0101t krunci\u0146as.<br data-start=\"1019\" data-end=\"1022\" \/><strong data-start=\"1022\" data-end=\"1036\">Bakuchiol:<\/strong> pastiprina pretnoveco\u0161an\u0101s efektu un uzlabo \u0101das panesam\u012bbu.<br data-start=\"1097\" data-end=\"1100\" \/><strong data-start=\"1100\" data-end=\"1115\">Allosteris:<\/strong> pastiprina retino\u012bda iedarb\u012bbu, vienlaikus pal\u012bdzot mazin\u0101t kairin\u0101jumu.<\/p>\n<p data-start=\"1190\" data-end=\"1347\">Serums ir piem\u0113rots visiem \u0101das tipiem, tostarp jut\u012bgai \u0101dai, k\u0101 ar\u012b \u0101dai ar pirmaj\u0101m noveco\u0161an\u0101s paz\u012bm\u0113m, nevienm\u0113r\u012bgu tekst\u016bru, bl\u0101vu toni un pigment\u0101ciju.<\/p>\n<p data-start=\"1349\" data-end=\"1367\"><strong data-start=\"1349\" data-end=\"1361\">Tilpums:<\/strong> 15 ml<\/p>\n","protected":false},"excerpt":{"rendered":"<p data-start=\"1636\" data-end=\"1681\">Augstas iedarb\u012bbas retinaldeh\u012bda serums<\/p>\n<h2 data-start=\"1683\" data-end=\"1726\"><strong data-start=\"1683\" data-end=\"1726\">\u012apa\u0161\u012bbas Dermaquest &#8211; RiQ Retinal 0.05%<\/strong><\/h2>\n<p data-start=\"1728\" data-end=\"1957\">\u2714\ufe0f Pa\u0101trina \u0101das atjauno\u0161anos un izl\u012bdzina tekst\u016bru<br data-start=\"1779\" data-end=\"1782\" \/>\u2714\ufe0f Samazina krunci\u0146as un noveco\u0161an\u0101s paz\u012bmes<br data-start=\"1826\" data-end=\"1829\" \/>\u2714\ufe0f Izl\u012bdzina \u0101das toni un samazina pigment\u0101ciju<br data-start=\"1876\" data-end=\"1879\" \/>\u2714\ufe0f Uzlabo \u0101das tvirtumu un bl\u012bvumu<br data-start=\"1913\" data-end=\"1916\" \/>\u2714\ufe0f Piem\u0113rots jut\u012bgai \u0101dai un ies\u0101c\u0113jiem<\/p>\n","protected":false},"featured_media":76218,"template":"","meta":[],"pwb-brand":[1257],"product_brand":[],"product_cat":[727,723],"product_tag":[],"giftcard-category":[],"class_list":{"0":"post-76412","1":"product","2":"type-product","3":"status-publish","4":"has-post-thumbnail","6":"pwb-brand-dermaquest","7":"product_cat-a-vitamins-retinols","8":"product_cat-serumi","10":"first","11":"instock","12":"taxable","13":"shipping-taxable","14":"purchasable","15":"product-type-simple"},"acf":[],"brands":[{"id":1257,"name":"Dermaquest","slug":"dermaquest"}],"_links":{"self":[{"href":"https:\/\/skinstudio.ee\/lv\/wp-json\/wp\/v2\/product\/76412","targetHints":{"allow":["GET"]}}],"collection":[{"href":"https:\/\/skinstudio.ee\/lv\/wp-json\/wp\/v2\/product"}],"about":[{"href":"https:\/\/skinstudio.ee\/lv\/wp-json\/wp\/v2\/types\/product"}],"version-history":[{"count":2,"href":"https:\/\/skinstudio.ee\/lv\/wp-json\/wp\/v2\/product\/76412\/revisions"}],"predecessor-version":[{"id":76417,"href":"https:\/\/skinstudio.ee\/lv\/wp-json\/wp\/v2\/product\/76412\/revisions\/76417"}],"wp:featuredmedia":[{"embeddable":true,"href":"https:\/\/skinstudio.ee\/lv\/wp-json\/wp\/v2\/media\/76218"}],"wp:attachment":[{"href":"https:\/\/skinstudio.ee\/lv\/wp-json\/wp\/v2\/media?parent=76412"}],"wp:term":[{"taxonomy":"pwb-brand","embeddable":true,"href":"https:\/\/skinstudio.ee\/lv\/wp-json\/wp\/v2\/pwb-brand?post=76412"},{"taxonomy":"product_brand","embeddable":true,"href":"https:\/\/skinstudio.ee\/lv\/wp-json\/wp\/v2\/product_brand?post=76412"},{"taxonomy":"product_cat","embeddable":true,"href":"https:\/\/skinstudio.ee\/lv\/wp-json\/wp\/v2\/product_cat?post=76412"},{"taxonomy":"product_tag","embeddable":true,"href":"https:\/\/skinstudio.ee\/lv\/wp-json\/wp\/v2\/product_tag?post=76412"},{"taxonomy":"giftcard-category","embeddable":true,"href":"https:\/\/skinstudio.ee\/lv\/wp-json\/wp\/v2\/giftcard-category?post=76412"}],"curies":[{"name":"wp","href":"https:\/\/api.w.org\/{rel}","templated":true}]}}