{"id":76424,"date":"2025-07-29T12:42:56","date_gmt":"2025-07-29T12:42:56","guid":{"rendered":"https:\/\/skinstudio.ee\/?post_type=product&#038;p=76424"},"modified":"2026-01-28T14:16:31","modified_gmt":"2026-01-28T14:16:31","slug":"melaquest-cream-with-cysteamine","status":"publish","type":"product","link":"https:\/\/skinstudio.ee\/lv\/catalog\/dermaquest-lv\/melaquest-cream-with-cysteamine\/","title":{"rendered":"MelaQuest Cream with Cysteamine"},"content":{"rendered":"<div class=\"product-info__description\">\n<div class=\"prose\">\n<p data-start=\"187\" data-end=\"512\"><strong data-start=\"187\" data-end=\"236\">MelaQuest Cream with Cysteamine no Dermaquest<\/strong> ir sp\u0113c\u012bgs \u0101du izgaismojo\u0161s un mitrino\u0161s kr\u0113ms ikdienas lieto\u0161anai, kas paredz\u0113ts pigment\u0101cijas, tum\u0161o plankumu un nevienm\u0113r\u012bga \u0101das to\u0146a mazin\u0101\u0161anai. Hidrohinonu nesaturo\u0161\u0101 formula darbojas maigi, bet efekt\u012bvi, pak\u0101peniski uzlabojot pat notur\u012bgas hiperpigment\u0101cijas izskatu.<\/p>\n<p data-start=\"514\" data-end=\"788\">Pateicoties modernai akt\u012bvo vielu pieg\u0101des sist\u0113mai, sast\u0101vda\u013cas iek\u013c\u016bst \u0101d\u0101 un darbojas vair\u0101kos l\u012bme\u0146os, pal\u012bdzot izl\u012bdzin\u0101t sejas toni, uzlabot \u0101das tekst\u016bru un atjaunot gai\u0161\u0101ku, starojo\u0161\u0101ku izskatu. Regul\u0101ri lietojot, \u0101da k\u013c\u016bst glud\u0101ka, vienm\u0113r\u012bg\u0101ka un vizu\u0101li svaig\u0101ka.<\/p>\n<p data-start=\"790\" data-end=\"927\">Kr\u0113ms ir piem\u0113rots ilgsto\u0161ai lieto\u0161anai un lieliski iek\u013caujas ikdienas kop\u0161anas rut\u012bn\u0101 gan pigment\u0101cijas korekcijai, gan t\u0101s profilaksei.<\/p>\n<p data-start=\"929\" data-end=\"962\"><strong data-start=\"929\" data-end=\"962\">Galveno sast\u0101vda\u013cu iedarb\u012bba:<\/strong><\/p>\n<p data-start=\"964\" data-end=\"1252\"><strong data-start=\"964\" data-end=\"979\">Cysteamine:<\/strong> efekt\u012bvi pal\u012bdz samazin\u0101t hiperpigment\u0101ciju, tostarp tum\u0161os plankumus un melasmu.<br data-start=\"1061\" data-end=\"1064\" \/><strong data-start=\"1064\" data-end=\"1096\">C vitam\u012bns (da\u017e\u0101d\u0101s form\u0101s):<\/strong> pal\u012bdz izgaismot \u0101das toni un pie\u0161\u0137irt \u0101dai mirdzumu.<br data-start=\"1150\" data-end=\"1153\" \/><strong data-start=\"1153\" data-end=\"1185\">Arbutin &amp; Bearberry Extract:<\/strong> pal\u012bdz izl\u012bdzin\u0101t \u0101das toni un samazin\u0101t tum\u0161o plankumu redzam\u012bbu.<\/p>\n<p data-start=\"1254\" data-end=\"1452\">Kr\u0113ms ir piem\u0113rots \u0101dai ar pigment\u0101ciju, melasmu, p\u0113caknes plankumiem un nevienm\u0113r\u012bgu toni. Ieteicams \u0101dai, kurai nepiecie\u0161ama izgaismo\u0161ana, to\u0146a izl\u012bdzin\u0101\u0161ana un kop\u0113j\u0101s \u0101das kvalit\u0101tes uzlabo\u0161ana.<\/p>\n<p data-start=\"1454\" data-end=\"1472\"><strong data-start=\"1454\" data-end=\"1466\">Tilpums:<\/strong> 60 ml<\/p>\n<\/div>\n<\/div>\n","protected":false},"excerpt":{"rendered":"<p data-start=\"1600\" data-end=\"1628\">\u0100du izgaismojo\u0161s sejas kr\u0113ms<\/p>\n<h2 data-start=\"1630\" data-end=\"1687\"><strong data-start=\"1630\" data-end=\"1687\">\u012apa\u0161\u012bbas Dermaquest &#8211; MelaQuest Cream with Cysteamine<\/strong><\/h2>\n<p data-start=\"1689\" data-end=\"1909\">\u2714\ufe0f Izgaismo \u0101du un samazina pigment\u0101ciju<br data-start=\"1729\" data-end=\"1732\" \/>\u2714\ufe0f Pal\u012bdz mazin\u0101t tum\u0161os plankumus un melasmu<br data-start=\"1777\" data-end=\"1780\" \/>\u2714\ufe0f Izl\u012bdzina \u0101das toni un uzlabo tekst\u016bru<br data-start=\"1821\" data-end=\"1824\" \/>\u2714\ufe0f Pie\u0161\u0137ir \u0101dai mirdzumu un vienm\u0113r\u012bg\u0101ku izskatu<br data-start=\"1872\" data-end=\"1875\" \/>\u2714\ufe0f Piem\u0113rots ikdienas lieto\u0161anai<\/p>\n","protected":false},"featured_media":76224,"template":"","meta":[],"pwb-brand":[1257],"product_brand":[],"product_cat":[737,751],"product_tag":[],"giftcard-category":[],"class_list":{"0":"post-76424","1":"product","2":"type-product","3":"status-publish","4":"has-post-thumbnail","6":"pwb-brand-dermaquest-lv","7":"product_cat-mitrinasana","8":"product_cat-pigmentacija-lv","10":"first","11":"instock","12":"taxable","13":"shipping-taxable","14":"purchasable","15":"product-type-simple"},"acf":[],"brands":[{"id":1257,"name":"Dermaquest","slug":"dermaquest-lv"}],"_links":{"self":[{"href":"https:\/\/skinstudio.ee\/lv\/wp-json\/wp\/v2\/product\/76424","targetHints":{"allow":["GET"]}}],"collection":[{"href":"https:\/\/skinstudio.ee\/lv\/wp-json\/wp\/v2\/product"}],"about":[{"href":"https:\/\/skinstudio.ee\/lv\/wp-json\/wp\/v2\/types\/product"}],"version-history":[{"count":1,"href":"https:\/\/skinstudio.ee\/lv\/wp-json\/wp\/v2\/product\/76424\/revisions"}],"predecessor-version":[{"id":76425,"href":"https:\/\/skinstudio.ee\/lv\/wp-json\/wp\/v2\/product\/76424\/revisions\/76425"}],"wp:featuredmedia":[{"embeddable":true,"href":"https:\/\/skinstudio.ee\/lv\/wp-json\/wp\/v2\/media\/76224"}],"wp:attachment":[{"href":"https:\/\/skinstudio.ee\/lv\/wp-json\/wp\/v2\/media?parent=76424"}],"wp:term":[{"taxonomy":"pwb-brand","embeddable":true,"href":"https:\/\/skinstudio.ee\/lv\/wp-json\/wp\/v2\/pwb-brand?post=76424"},{"taxonomy":"product_brand","embeddable":true,"href":"https:\/\/skinstudio.ee\/lv\/wp-json\/wp\/v2\/product_brand?post=76424"},{"taxonomy":"product_cat","embeddable":true,"href":"https:\/\/skinstudio.ee\/lv\/wp-json\/wp\/v2\/product_cat?post=76424"},{"taxonomy":"product_tag","embeddable":true,"href":"https:\/\/skinstudio.ee\/lv\/wp-json\/wp\/v2\/product_tag?post=76424"},{"taxonomy":"giftcard-category","embeddable":true,"href":"https:\/\/skinstudio.ee\/lv\/wp-json\/wp\/v2\/giftcard-category?post=76424"}],"curies":[{"name":"wp","href":"https:\/\/api.w.org\/{rel}","templated":true}]}}