{"id":76431,"date":"2025-07-29T12:42:31","date_gmt":"2025-07-29T12:42:31","guid":{"rendered":"https:\/\/skinstudio.ee\/?post_type=product&#038;p=76431"},"modified":"2026-01-28T14:16:31","modified_gmt":"2026-01-28T14:16:31","slug":"melaquest-eye-cream","status":"publish","type":"product","link":"https:\/\/skinstudio.ee\/lv\/catalog\/dermaquest-lv\/melaquest-eye-cream\/","title":{"rendered":"MelaQuest Eye Cream"},"content":{"rendered":"<p data-start=\"161\" data-end=\"421\"><strong data-start=\"161\" data-end=\"198\">MelaQuest Eye Cream no Dermaquest<\/strong> ir daudzfunkcion\u0101ls acu zonas kop\u0161anas kr\u0113ms, kas izstr\u0101d\u0101ts, lai mazin\u0101tu tum\u0161os lokus, smalk\u0101s l\u012bnijas, krunci\u0146as un nevienm\u0113r\u012bgu \u0101das toni acu zon\u0101. Formula pal\u012bdz padar\u012bt maigo \u0101du gai\u0161\u0101ku, glud\u0101ku un vizu\u0101li svaig\u0101ku.<\/p>\n<p data-start=\"423\" data-end=\"683\">Kr\u0113ms apvieno izgaismojo\u0161as, mitrino\u0161as un nostiprino\u0161as sast\u0101vda\u013cas, pal\u012bdzot acu zonai izskat\u012bties jaunekl\u012bg\u0101kai un starojo\u0161\u0101kai. Regul\u0101ri lietojot, \u0101da k\u013c\u016bst vienm\u0113r\u012bg\u0101ka, tvirt\u0101ka un izskat\u0101s vair\u0101k atp\u016btusies, bet noguruma un tum\u0161o loku paz\u012bmes samazin\u0101s.<\/p>\n<p data-start=\"685\" data-end=\"791\">Produkts ir piem\u0113rots ikdienas lieto\u0161anai un pal\u012bdz iev\u0113rojami uzlabot \u0101das izskatu un kvalit\u0101ti acu zon\u0101.<\/p>\n<p data-start=\"793\" data-end=\"826\"><strong data-start=\"793\" data-end=\"826\">Galveno sast\u0101vda\u013cu iedarb\u012bba:<\/strong><\/p>\n<p data-start=\"828\" data-end=\"1059\"><strong data-start=\"828\" data-end=\"843\">Cysteamine:<\/strong> pal\u012bdz mazin\u0101t tum\u0161os lokus un nevienm\u0113r\u012bgu \u0101das toni.<br data-start=\"898\" data-end=\"901\" \/><strong data-start=\"901\" data-end=\"933\">C vitam\u012bns (da\u017e\u0101d\u0101s form\u0101s):<\/strong> pal\u012bdz izgaismot acu zonu un pie\u0161\u0137irt \u0101dai mirdzumu.<br data-start=\"986\" data-end=\"989\" \/><strong data-start=\"989\" data-end=\"1001\">Pept\u012bdi:<\/strong> pal\u012bdz uzlabot \u0101das tvirtumu un mazin\u0101t noguruma paz\u012bmes.<\/p>\n<p data-start=\"1061\" data-end=\"1157\">Piem\u0113rots \u0101dai ar tum\u0161iem lokiem, noguruma paz\u012bm\u0113m, smalk\u0101m l\u012bnij\u0101m un mirdzuma zudumu acu zon\u0101.<\/p>\n<p data-start=\"1159\" data-end=\"1177\"><strong data-start=\"1159\" data-end=\"1171\">Tilpums:<\/strong> 15 ml<\/p>\n","protected":false},"excerpt":{"rendered":"<p data-start=\"1290\" data-end=\"1314\">Acu zonas kop\u0161anas kr\u0113ms<\/p>\n<h2 data-start=\"1316\" data-end=\"1361\"><strong data-start=\"1316\" data-end=\"1361\">\u012apa\u0161\u012bbas Dermaquest &#8211; MelaQuest Eye Cream<\/strong><\/h2>\n<p data-start=\"1363\" data-end=\"1584\">\u2714\ufe0f Izgaismo acu zonu un mazina tum\u0161os lokus<br data-start=\"1406\" data-end=\"1409\" \/>\u2714\ufe0f Pal\u012bdz samazin\u0101t piet\u016bkumu un noguruma paz\u012bmes<br data-start=\"1458\" data-end=\"1461\" \/>\u2714\ufe0f Mitrina un m\u012bkstina maigo \u0101du<br data-start=\"1493\" data-end=\"1496\" \/>\u2714\ufe0f Izl\u012bdzina \u0101das toni un uzlabo elast\u012bbu<br data-start=\"1537\" data-end=\"1540\" \/>\u2714\ufe0f Padara acu zonu svaig\u0101ku un starojo\u0161\u0101ku<\/p>\n","protected":false},"featured_media":76230,"template":"","meta":[],"pwb-brand":[1257],"product_brand":[],"product_cat":[733],"product_tag":[],"giftcard-category":[],"class_list":{"0":"post-76431","1":"product","2":"type-product","3":"status-publish","4":"has-post-thumbnail","6":"pwb-brand-dermaquest-lv","7":"product_cat-ada-ap-acim","9":"first","10":"instock","11":"taxable","12":"shipping-taxable","13":"purchasable","14":"product-type-simple"},"acf":[],"brands":[{"id":1257,"name":"Dermaquest","slug":"dermaquest-lv"}],"_links":{"self":[{"href":"https:\/\/skinstudio.ee\/lv\/wp-json\/wp\/v2\/product\/76431","targetHints":{"allow":["GET"]}}],"collection":[{"href":"https:\/\/skinstudio.ee\/lv\/wp-json\/wp\/v2\/product"}],"about":[{"href":"https:\/\/skinstudio.ee\/lv\/wp-json\/wp\/v2\/types\/product"}],"version-history":[{"count":1,"href":"https:\/\/skinstudio.ee\/lv\/wp-json\/wp\/v2\/product\/76431\/revisions"}],"predecessor-version":[{"id":76432,"href":"https:\/\/skinstudio.ee\/lv\/wp-json\/wp\/v2\/product\/76431\/revisions\/76432"}],"wp:featuredmedia":[{"embeddable":true,"href":"https:\/\/skinstudio.ee\/lv\/wp-json\/wp\/v2\/media\/76230"}],"wp:attachment":[{"href":"https:\/\/skinstudio.ee\/lv\/wp-json\/wp\/v2\/media?parent=76431"}],"wp:term":[{"taxonomy":"pwb-brand","embeddable":true,"href":"https:\/\/skinstudio.ee\/lv\/wp-json\/wp\/v2\/pwb-brand?post=76431"},{"taxonomy":"product_brand","embeddable":true,"href":"https:\/\/skinstudio.ee\/lv\/wp-json\/wp\/v2\/product_brand?post=76431"},{"taxonomy":"product_cat","embeddable":true,"href":"https:\/\/skinstudio.ee\/lv\/wp-json\/wp\/v2\/product_cat?post=76431"},{"taxonomy":"product_tag","embeddable":true,"href":"https:\/\/skinstudio.ee\/lv\/wp-json\/wp\/v2\/product_tag?post=76431"},{"taxonomy":"giftcard-category","embeddable":true,"href":"https:\/\/skinstudio.ee\/lv\/wp-json\/wp\/v2\/giftcard-category?post=76431"}],"curies":[{"name":"wp","href":"https:\/\/api.w.org\/{rel}","templated":true}]}}