{"id":76439,"date":"2025-07-29T12:42:02","date_gmt":"2025-07-29T12:42:02","guid":{"rendered":"https:\/\/skinstudio.ee\/?post_type=product&#038;p=76439"},"modified":"2026-01-28T14:16:31","modified_gmt":"2026-01-28T14:16:31","slug":"melaquest-cysteamine-serum","status":"publish","type":"product","link":"https:\/\/skinstudio.ee\/lv\/catalog\/dermaquest-lv\/melaquest-cysteamine-serum\/","title":{"rendered":"MelaQuest Cysteamine Serum"},"content":{"rendered":"<p data-start=\"174\" data-end=\"473\"><strong data-start=\"174\" data-end=\"218\">MelaQuest Cysteamine Serum no Dermaquest<\/strong> ir izgaismojo\u0161s serums, kas paredz\u0113ts pigment\u0101cijas, tum\u0161o plankumu un nevienm\u0113r\u012bga \u0101das to\u0146a korekcijai. Formula ar mikrokapsul\u0113tu cisteam\u012bnu iedarbojas uz hiperpigment\u0101ciju vair\u0101kos l\u012bme\u0146os, pal\u012bdzot padar\u012bt \u0101du gai\u0161\u0101ku, vienm\u0113r\u012bg\u0101ku un vizu\u0101li t\u012br\u0101ku.<\/p>\n<p data-start=\"475\" data-end=\"714\">Pateicoties cisteam\u012bna, C vitam\u012bna un pept\u012bdu siner\u0123ijai, serums ne tikai pal\u012bdz samazin\u0101t pigment\u0101ciju, bet ar\u012b uzlabo \u0101das mirdzumu un kop\u0113jo \u0101das kvalit\u0101ti. Regul\u0101ri lietojot, \u0101da izskat\u0101s vienm\u0113r\u012bg\u0101ka, svaig\u0101ka un paman\u0101mi starojo\u0161\u0101ka.<\/p>\n<p data-start=\"716\" data-end=\"822\">Serums ir piem\u0113rots ikdienas lieto\u0161anai un lieliski iek\u013caujas MelaQuest izgaismojo\u0161aj\u0101 kop\u0161anas programm\u0101.<\/p>\n<p data-start=\"824\" data-end=\"857\"><strong data-start=\"824\" data-end=\"857\">Galveno sast\u0101vda\u013cu iedarb\u012bba:<\/strong><\/p>\n<p data-start=\"859\" data-end=\"1121\"><strong data-start=\"859\" data-end=\"891\">Cysteamine (mikrokapsul\u0113ts):<\/strong> efekt\u012bvi pal\u012bdz mazin\u0101t notur\u012bgu pigment\u0101ciju, tum\u0161os plankumus un nevienm\u0113r\u012bgu \u0101das toni.<br data-start=\"982\" data-end=\"985\" \/><strong data-start=\"985\" data-end=\"1000\">C vitam\u012bns:<\/strong> pal\u012bdz izgaismot \u0101du un pastiprina t\u0101s mirdzumu.<br data-start=\"1049\" data-end=\"1052\" \/><strong data-start=\"1052\" data-end=\"1064\">Pept\u012bdi:<\/strong> atbalsta \u0101das kvalit\u0101ti un veicina vienm\u0113r\u012bg\u0101ku izskatu.<\/p>\n<p data-start=\"1123\" data-end=\"1220\">Serums ir piem\u0113rots \u0101dai ar hiperpigment\u0101ciju, melasmu, p\u0113caknes plankumiem un nevienm\u0113r\u012bgu toni.<\/p>\n<p data-start=\"1222\" data-end=\"1240\"><strong data-start=\"1222\" data-end=\"1234\">Tilpums:<\/strong> 30 ml<\/p>\n","protected":false},"excerpt":{"rendered":"<p data-start=\"1406\" data-end=\"1433\">Sejas izgaismojo\u0161ais serums<\/p>\n<h2 data-start=\"1435\" data-end=\"1487\"><strong data-start=\"1435\" data-end=\"1487\">\u012apa\u0161\u012bbas Dermaquest &#8211; MelaQuest Cysteamine Serum<\/strong><\/h2>\n<p data-start=\"1489\" data-end=\"1703\">\u2714\ufe0f Izgaismo \u0101du un samazina pigment\u0101ciju<br data-start=\"1529\" data-end=\"1532\" \/>\u2714\ufe0f Pal\u012bdz mazin\u0101t tum\u0161os plankumus un melasmu<br data-start=\"1577\" data-end=\"1580\" \/>\u2714\ufe0f Izl\u012bdzina \u0101das toni un uzlabo izskatu<br data-start=\"1620\" data-end=\"1623\" \/>\u2714\ufe0f Pie\u0161\u0137ir \u0101dai vair\u0101k mirdzuma un svaiguma<br data-start=\"1666\" data-end=\"1669\" \/>\u2714\ufe0f Piem\u0113rots ikdienas lieto\u0161anai<\/p>\n","protected":false},"featured_media":76236,"template":"","meta":[],"pwb-brand":[1257],"product_brand":[],"product_cat":[751,723],"product_tag":[],"giftcard-category":[],"class_list":{"0":"post-76439","1":"product","2":"type-product","3":"status-publish","4":"has-post-thumbnail","6":"pwb-brand-dermaquest-lv","7":"product_cat-pigmentacija-lv","8":"product_cat-serumi","10":"first","11":"instock","12":"taxable","13":"shipping-taxable","14":"purchasable","15":"product-type-simple"},"acf":[],"brands":[{"id":1257,"name":"Dermaquest","slug":"dermaquest-lv"}],"_links":{"self":[{"href":"https:\/\/skinstudio.ee\/lv\/wp-json\/wp\/v2\/product\/76439","targetHints":{"allow":["GET"]}}],"collection":[{"href":"https:\/\/skinstudio.ee\/lv\/wp-json\/wp\/v2\/product"}],"about":[{"href":"https:\/\/skinstudio.ee\/lv\/wp-json\/wp\/v2\/types\/product"}],"version-history":[{"count":1,"href":"https:\/\/skinstudio.ee\/lv\/wp-json\/wp\/v2\/product\/76439\/revisions"}],"predecessor-version":[{"id":76440,"href":"https:\/\/skinstudio.ee\/lv\/wp-json\/wp\/v2\/product\/76439\/revisions\/76440"}],"wp:featuredmedia":[{"embeddable":true,"href":"https:\/\/skinstudio.ee\/lv\/wp-json\/wp\/v2\/media\/76236"}],"wp:attachment":[{"href":"https:\/\/skinstudio.ee\/lv\/wp-json\/wp\/v2\/media?parent=76439"}],"wp:term":[{"taxonomy":"pwb-brand","embeddable":true,"href":"https:\/\/skinstudio.ee\/lv\/wp-json\/wp\/v2\/pwb-brand?post=76439"},{"taxonomy":"product_brand","embeddable":true,"href":"https:\/\/skinstudio.ee\/lv\/wp-json\/wp\/v2\/product_brand?post=76439"},{"taxonomy":"product_cat","embeddable":true,"href":"https:\/\/skinstudio.ee\/lv\/wp-json\/wp\/v2\/product_cat?post=76439"},{"taxonomy":"product_tag","embeddable":true,"href":"https:\/\/skinstudio.ee\/lv\/wp-json\/wp\/v2\/product_tag?post=76439"},{"taxonomy":"giftcard-category","embeddable":true,"href":"https:\/\/skinstudio.ee\/lv\/wp-json\/wp\/v2\/giftcard-category?post=76439"}],"curies":[{"name":"wp","href":"https:\/\/api.w.org\/{rel}","templated":true}]}}