{"id":76447,"date":"2025-07-29T12:41:28","date_gmt":"2025-07-29T12:41:28","guid":{"rendered":"https:\/\/skinstudio.ee\/?post_type=product&#038;p=76447"},"modified":"2026-01-28T14:16:31","modified_gmt":"2026-01-28T14:16:31","slug":"melaquest-facial-cleanser","status":"publish","type":"product","link":"https:\/\/skinstudio.ee\/lv\/catalog\/dermaquest-lv\/melaquest-facial-cleanser\/","title":{"rendered":"MelaQuest Facial Cleanser"},"content":{"rendered":"<p data-start=\"167\" data-end=\"473\"><strong data-start=\"167\" data-end=\"210\">MelaQuest Facial Cleanser no Dermaquest<\/strong> ir maigs, bez sulf\u0101tiem veidots att\u012bro\u0161s l\u012bdzeklis, kas vienlaikus pal\u012bdz ar\u012b izgaismot \u0101du. Formula apvieno antioksidantus, nomierino\u0161as augu sast\u0101vda\u013cas un saudz\u012bgas att\u012bro\u0161as vielas, lai pal\u012bdz\u0113tu atjaunot, mitrin\u0101t un atsvaidzin\u0101t UV starojuma ietekm\u0113tu \u0101du.<\/p>\n<p data-start=\"475\" data-end=\"677\">Att\u012bro\u0161ais l\u012bdzeklis efekt\u012bvi no\u0146em net\u012brumus un lieko sebumu, neboj\u0101jot \u0101das dabisko l\u012bdzsvaru. P\u0113c att\u012br\u012b\u0161anas \u0101da j\u016btas svaiga, komfortabla un izskat\u0101s starojo\u0161\u0101ka, bez sausuma vai savilkuma saj\u016btas.<\/p>\n<p data-start=\"679\" data-end=\"776\">L\u012bdzeklis ir piem\u0113rots ikdienas lieto\u0161anai un \u0101dai ar nevienm\u0113r\u012bgu toni un pigment\u0101cijas paz\u012bm\u0113m.<\/p>\n<p data-start=\"778\" data-end=\"811\"><strong data-start=\"778\" data-end=\"811\">Galveno sast\u0101vda\u013cu iedarb\u012bba:<\/strong><\/p>\n<p data-start=\"813\" data-end=\"1078\"><strong data-start=\"813\" data-end=\"856\">C vitam\u012bns (Tetrahexyldecyl Ascorbate):<\/strong> pal\u012bdz izgaismot \u0101du un uzlabo t\u0101s mirdzumu.<br data-start=\"901\" data-end=\"904\" \/><strong data-start=\"904\" data-end=\"918\">Aloe Vera:<\/strong> nomierina \u0101du un nodro\u0161ina komfortu p\u0113c att\u012br\u012b\u0161anas.<br data-start=\"971\" data-end=\"974\" \/><strong data-start=\"974\" data-end=\"1000\">Za\u013c\u0101s t\u0113jas ekstrakts:<\/strong> nodro\u0161ina antioksidantu aizsardz\u012bbu un pal\u012bdz saglab\u0101t vesel\u012bgu \u0101das izskatu.<\/p>\n<p data-start=\"1080\" data-end=\"1159\">Piem\u0113rots \u0101dai ar bl\u0101vu toni, pigment\u0101cijas paz\u012bm\u0113m un fotonoveco\u0161an\u0101s paz\u012bm\u0113m.<\/p>\n<p data-start=\"1161\" data-end=\"1180\"><strong data-start=\"1161\" data-end=\"1173\">Tilpums:<\/strong> 178 ml<\/p>\n","protected":false},"excerpt":{"rendered":"<p data-start=\"1288\" data-end=\"1337\">Sejas att\u012bro\u0161ais l\u012bdzeklis ar izgaismojo\u0161u efektu<\/p>\n<h2 data-start=\"1339\" data-end=\"1390\"><strong data-start=\"1339\" data-end=\"1390\">\u012apa\u0161\u012bbas Dermaquest &#8211; MelaQuest Facial Cleanser<\/strong><\/h2>\n<p data-start=\"1392\" data-end=\"1586\">\u2714\ufe0f Maigi un efekt\u012bvi att\u012bra \u0101du<br data-start=\"1423\" data-end=\"1426\" \/>\u2714\ufe0f Pal\u012bdz uzlabot \u0101das mirdzumu un toni<br data-start=\"1465\" data-end=\"1468\" \/>\u2714\ufe0f Sagatavo \u0101du izgaismojo\u0161ai kop\u0161anai<br data-start=\"1506\" data-end=\"1509\" \/>\u2714\ufe0f Neizsausina \u0101du un saglab\u0101 l\u012bdzsvaru<br data-start=\"1548\" data-end=\"1551\" \/>\u2714\ufe0f Padara \u0101du svaigu un starojo\u0161u<\/p>\n","protected":false},"featured_media":76242,"template":"","meta":[],"pwb-brand":[1257],"product_brand":[],"product_cat":[715,751],"product_tag":[],"giftcard-category":[],"class_list":{"0":"post-76447","1":"product","2":"type-product","3":"status-publish","4":"has-post-thumbnail","6":"pwb-brand-dermaquest-lv","7":"product_cat-attirisana","8":"product_cat-pigmentacija-lv","10":"first","11":"instock","12":"taxable","13":"shipping-taxable","14":"purchasable","15":"product-type-simple"},"acf":[],"brands":[{"id":1257,"name":"Dermaquest","slug":"dermaquest-lv"}],"_links":{"self":[{"href":"https:\/\/skinstudio.ee\/lv\/wp-json\/wp\/v2\/product\/76447","targetHints":{"allow":["GET"]}}],"collection":[{"href":"https:\/\/skinstudio.ee\/lv\/wp-json\/wp\/v2\/product"}],"about":[{"href":"https:\/\/skinstudio.ee\/lv\/wp-json\/wp\/v2\/types\/product"}],"version-history":[{"count":1,"href":"https:\/\/skinstudio.ee\/lv\/wp-json\/wp\/v2\/product\/76447\/revisions"}],"predecessor-version":[{"id":76448,"href":"https:\/\/skinstudio.ee\/lv\/wp-json\/wp\/v2\/product\/76447\/revisions\/76448"}],"wp:featuredmedia":[{"embeddable":true,"href":"https:\/\/skinstudio.ee\/lv\/wp-json\/wp\/v2\/media\/76242"}],"wp:attachment":[{"href":"https:\/\/skinstudio.ee\/lv\/wp-json\/wp\/v2\/media?parent=76447"}],"wp:term":[{"taxonomy":"pwb-brand","embeddable":true,"href":"https:\/\/skinstudio.ee\/lv\/wp-json\/wp\/v2\/pwb-brand?post=76447"},{"taxonomy":"product_brand","embeddable":true,"href":"https:\/\/skinstudio.ee\/lv\/wp-json\/wp\/v2\/product_brand?post=76447"},{"taxonomy":"product_cat","embeddable":true,"href":"https:\/\/skinstudio.ee\/lv\/wp-json\/wp\/v2\/product_cat?post=76447"},{"taxonomy":"product_tag","embeddable":true,"href":"https:\/\/skinstudio.ee\/lv\/wp-json\/wp\/v2\/product_tag?post=76447"},{"taxonomy":"giftcard-category","embeddable":true,"href":"https:\/\/skinstudio.ee\/lv\/wp-json\/wp\/v2\/giftcard-category?post=76447"}],"curies":[{"name":"wp","href":"https:\/\/api.w.org\/{rel}","templated":true}]}}