{"id":76461,"date":"2025-07-29T12:40:43","date_gmt":"2025-07-29T12:40:43","guid":{"rendered":"https:\/\/skinstudio.ee\/?post_type=product&#038;p=76461"},"modified":"2026-01-28T14:16:30","modified_gmt":"2026-01-28T14:16:30","slug":"c-infusion-lip-hydrator","status":"publish","type":"product","link":"https:\/\/skinstudio.ee\/lv\/catalog\/dermaquest-lv\/c-infusion-lip-hydrator\/","title":{"rendered":"C Infusion Lip Hydrator"},"content":{"rendered":"<p data-start=\"163\" data-end=\"392\"><strong data-start=\"163\" data-end=\"204\">C Infusion Lip Hydrator no Dermaquest<\/strong> ir atjaunojo\u0161s un intens\u012bvi mitrino\u0161s l\u016bpu kop\u0161anas l\u012bdzeklis, kas paredz\u0113ts, lai aizsarg\u0101tu l\u016bpu maigo \u0101du no apk\u0101rt\u0113j\u0101s vides ietekmes un pal\u012bdz\u0113tu mazin\u0101t redzam\u0101s noveco\u0161an\u0101s paz\u012bmes.<\/p>\n<p data-start=\"394\" data-end=\"649\">Formula ar C vitam\u012bnu, E vitam\u012bnu, pept\u012bdiem un ubihinonu pal\u012bdz uzlabot l\u016bpu \u0101das st\u0101vokli, padarot t\u0101s glud\u0101kas, m\u012bkst\u0101kas un vizu\u0101li piln\u012bg\u0101kas. Regul\u0101ri lietojot, l\u016bpas izskat\u0101s kopt\u0101kas, barot\u0101kas un lab\u0101k aizsarg\u0101tas pret sausumu un mitruma tr\u016bkumu.<\/p>\n<p data-start=\"651\" data-end=\"684\"><strong data-start=\"651\" data-end=\"684\">Galveno sast\u0101vda\u013cu iedarb\u012bba:<\/strong><\/p>\n<p data-start=\"686\" data-end=\"928\"><strong data-start=\"686\" data-end=\"701\">C vitam\u012bns:<\/strong> nodro\u0161ina antioksidantu aizsardz\u012bbu un pal\u012bdz uzlabot l\u016bpu gludumu.<br data-start=\"769\" data-end=\"772\" \/><strong data-start=\"772\" data-end=\"787\">E vitam\u012bns:<\/strong> pal\u012bdz m\u012bkstin\u0101t l\u016bpas un pasarg\u0101t t\u0101s no sausuma.<br data-start=\"838\" data-end=\"841\" \/><strong data-start=\"841\" data-end=\"866\">Pept\u012bdi un ubihinons:<\/strong> pal\u012bdz uzlabot l\u016bpu tekst\u016bru un veicina jaunekl\u012bg\u0101ku izskatu.<\/p>\n<p data-start=\"930\" data-end=\"999\">Piem\u0113rots saus\u0101m, dehidrat\u0113t\u0101m l\u016bp\u0101m un l\u016bp\u0101m ar noveco\u0161an\u0101s paz\u012bm\u0113m.<\/p>\n<p data-start=\"1001\" data-end=\"1019\"><strong data-start=\"1001\" data-end=\"1013\">Tilpums:<\/strong> 15 ml<\/p>\n","protected":false},"excerpt":{"rendered":"<p data-start=\"1129\" data-end=\"1159\">Inf\u016bzijas mitrino\u0161s l\u016bpu kr\u0113ms<\/p>\n<h2 data-start=\"1161\" data-end=\"1210\"><strong data-start=\"1161\" data-end=\"1210\">\u012apa\u0161\u012bbas Dermaquest &#8211; C Infusion Lip Hydrator<\/strong><\/h2>\n<p data-start=\"1212\" data-end=\"1408\">\u2714\ufe0f Intens\u012bvi mitrina un m\u012bkstina l\u016bpas<br data-start=\"1250\" data-end=\"1253\" \/>\u2714\ufe0f Nodro\u0161ina antioksidantu aizsardz\u012bbu<br data-start=\"1291\" data-end=\"1294\" \/>\u2714\ufe0f Pal\u012bdz mazin\u0101t sausumu un lob\u012b\u0161anos<br data-start=\"1332\" data-end=\"1335\" \/>\u2714\ufe0f Padara l\u016bpas glud\u0101kas un kopt\u0101kas<br data-start=\"1371\" data-end=\"1374\" \/>\u2714\ufe0f Piem\u0113rots ikdienas lieto\u0161anai<\/p>\n","protected":false},"featured_media":76249,"template":"","meta":[],"pwb-brand":[1257],"product_brand":[],"product_cat":[759],"product_tag":[],"giftcard-category":[],"class_list":{"0":"post-76461","1":"product","2":"type-product","3":"status-publish","4":"has-post-thumbnail","6":"pwb-brand-dermaquest-lv","7":"product_cat-lupu-kopsana","9":"first","10":"instock","11":"taxable","12":"shipping-taxable","13":"purchasable","14":"product-type-simple"},"acf":[],"brands":[{"id":1257,"name":"Dermaquest","slug":"dermaquest-lv"}],"_links":{"self":[{"href":"https:\/\/skinstudio.ee\/lv\/wp-json\/wp\/v2\/product\/76461","targetHints":{"allow":["GET"]}}],"collection":[{"href":"https:\/\/skinstudio.ee\/lv\/wp-json\/wp\/v2\/product"}],"about":[{"href":"https:\/\/skinstudio.ee\/lv\/wp-json\/wp\/v2\/types\/product"}],"version-history":[{"count":1,"href":"https:\/\/skinstudio.ee\/lv\/wp-json\/wp\/v2\/product\/76461\/revisions"}],"predecessor-version":[{"id":76462,"href":"https:\/\/skinstudio.ee\/lv\/wp-json\/wp\/v2\/product\/76461\/revisions\/76462"}],"wp:featuredmedia":[{"embeddable":true,"href":"https:\/\/skinstudio.ee\/lv\/wp-json\/wp\/v2\/media\/76249"}],"wp:attachment":[{"href":"https:\/\/skinstudio.ee\/lv\/wp-json\/wp\/v2\/media?parent=76461"}],"wp:term":[{"taxonomy":"pwb-brand","embeddable":true,"href":"https:\/\/skinstudio.ee\/lv\/wp-json\/wp\/v2\/pwb-brand?post=76461"},{"taxonomy":"product_brand","embeddable":true,"href":"https:\/\/skinstudio.ee\/lv\/wp-json\/wp\/v2\/product_brand?post=76461"},{"taxonomy":"product_cat","embeddable":true,"href":"https:\/\/skinstudio.ee\/lv\/wp-json\/wp\/v2\/product_cat?post=76461"},{"taxonomy":"product_tag","embeddable":true,"href":"https:\/\/skinstudio.ee\/lv\/wp-json\/wp\/v2\/product_tag?post=76461"},{"taxonomy":"giftcard-category","embeddable":true,"href":"https:\/\/skinstudio.ee\/lv\/wp-json\/wp\/v2\/giftcard-category?post=76461"}],"curies":[{"name":"wp","href":"https:\/\/api.w.org\/{rel}","templated":true}]}}